{"id":20073,"date":"2025-07-22T18:35:32","date_gmt":"2025-07-22T16:35:32","guid":{"rendered":"https:\/\/uj.adatbank.ro\/lexikon\/termek\/schuster-martin-wilhelm\/"},"modified":"2025-07-22T18:35:32","modified_gmt":"2025-07-22T16:35:32","slug":"schuster-martin-wilhelm","status":"publish","type":"product","link":"https:\/\/uj.adatbank.ro\/lexikon\/termek\/schuster-martin-wilhelm\/","title":{"rendered":"SCHUSTER, Martin Wilhelm"},"content":{"rendered":"<p>Segesv\u00e1r, 1840. okt. 21., \u2020?: \u00e1g. ev. f\u0151gimn\u00e1ziumi tan\u00e1r. \u2013 Segesv\u00e1rt kezdte gimn\u00e1ziumi tanulm\u00e1nyait, Beszterc\u00e9n folytatta \u00e9s Nagyszebenben bev\u00e9gezte (1854\u201361); B\u00e9csbe utazott (1861\u2013), ahol az egyetemen n\u00e9gy f\u00e9l\u00e9ven \u00e1t teol\u00f3gi\u00e1t, mennyis\u00e9gtant \u00e9s term\u00e9szettant tanult; azut\u00e1n J\u00e9n\u00e1ban folytatta tanulm\u00e1nyait (1863), ahol az eml\u00edtett tant\u00e1rgyakon k\u00edv\u00fcl pedag\u00f3gi\u00e1t \u00e9s pszichol\u00f3gi\u00e1t is hallgatott. Visszat\u00e9rve haz\u00e1j\u00e1ba (1864) elemi iskolai tan\u00edt\u00f3nak (1865\u2013), f\u0151gimn\u00e1ziumi tan\u00e1rnak alkalmazt\u00e1k Nagyszebenben (1866\u2013), a nagyszebeni Term\u00e9szettudom\u00e1nyi T\u00e1rsas\u00e1gnak titk\u00e1ra (1870\u201382), v\u00e1lasztm\u00e1nyi tagja volt (1882\u201395); egyszersmind igazgat\u00f3-tan\u00edt\u00f3k\u00e9nt m\u0171k\u00f6d\u00f6tt az ottani elemi iskol\u00e1n\u00e1l (1872\u201381); a kereskedelmi test\u00fclet h\u00edvta meg titk\u00e1r\u00e1nak (1883), \u00e9s annak iskol\u00e1j\u00e1t \u00e1talak\u00edtotta (1884), mint igazgat\u00f3-tan\u00edt\u00f3 az ipariskol\u00e1n\u00e1l is m\u0171k\u00f6d\u00f6tt \u00e9s ipari szakiskol\u00e1kat alap\u00edtott (1873\u201376). Mikor a tiszteletbeli ipariskolai igazgat\u00f3s\u00e1gr\u00f3l lemondott, az Iparegyes\u00fclet tiszteletbeli tagj\u00e1nak v\u00e1lasztotta, a vas\u00fat\u00e9p\u00edt\u00e9s k\u00f6r\u00fcl \u00fcgyk\u00f6d\u00f6tt. A f\u0151v\u00e1rosban eszk\u00f6z\u00f6lt orsz\u00e1gos (1884) \u00e9s a millenniumi ki\u00e1ll\u00edt\u00e1s (1896) alkalm\u00e1val tan\u00fas\u00edtott \u00e9rdemei\u00e9rt a k\u00f6zrem\u0171k\u00f6d\u00e9si \u00e9rmet \u00e9s az arany \u00e9rdemkeresztet a koron\u00e1val nyerte. A Bruckenthal M\u00fazeum \u0151re volt (1882\u201392). Cikkei a Siebenb\u00fcrgisch-Deutsches Wochenblattban; a nagyszebeni ev. f\u0151gimn\u00e1zium Programmj\u00e1ban; a Verhandlungen und Mittheilungen des sieb. Vereins f\u00fcr Naturwissenschaftenban; a nagyszebeni ipariskola Programmj\u00e1ban. \u2013 <strong>F. m.<\/strong>: Die Ernteergebnisse auf dem ehemaligen K\u00f6nigsboden in den Jahren 1870., 1871., 1873. und 1874. auf Grund amtlicher Erhebungen nebst einer \u00dcbersicht \u00fcber die Bev\u00f6lkerungsverh\u00e4ltnisse und die Auftheilung der Bodenfl\u00e4che auf die vershiedenen Kulturen. (Hermannstadt, 1878.); Die Rechenabschl\u00fcsse der Kreditinstitue in Siebenb\u00fcrgen am 31. Dezember 1879. (Hermannstad, 1879); Das Erdbeben vom 3. Oktober 1880. (Hermannstad, 1881); Siebenb\u00fcrgen in statistischer Beziehung. (Berlin, 1881); Die Rechnungsabschl\u00fcsse der Kreditinstitute in Siebenb\u00fcrgen am 31. Dez. 1880. (Hermannstadt, 1882) Gewerbemuseum. Vortrag. (Hermannstad, 1884, 1889); Denkschrift des Hermannst\u00e4dter B\u00fcrger- und Gewerbevereins und des Hermannst\u00e4dter Handelsgremiums, betreffend die Erneuerung der Zoll- und Handelskonvertion mit Rom\u00e4nien. (Hermannstad, 1885.); Die Vizinalbahn Hermannstadt-Fogarasch. Vortrag. (Hermannstad, 1887); Katalog der ersten Hermannst\u00e4dter Kunstaustellung im Jahre 1887. (Hermannstad, 1887); Das Handelsmuseum in Budapest, (Hermannstad, 1888.); Katalog \u00fcber die II. periodische Ausstellung in Hermannstadt September 1888. (Hermannstad, 1888); Bericht \u00fcber die Feier des 50-j\u00e4hrigen Bestandes des Hermannst\u00e4dter B\u00fcrger- und Gewerbevereins. (Hermannstad, 1890.; Die Eisenbahn Alvincz-Hermannstadt-Rotenturm. (Hermannstad, 1893. (Magyarul is); Jahresbericht (23.-ter bis 29.-ster) der Hermannst\u00e4dter st\u00e4dtischen Gewerbeschule. (Hermannstad, 1895\u20131901); Jahresbericht (1.-ster u. 2.-ster) der Hermannst\u00e4dter Gremialhandelsschule und der mit derselben verbundenen Kontorfachkurse und des weiblichen Handelskurses. (Hermannstad, 1900. \u00e9s 1901); Wasserwirthschaft-Talsper. (Hermannstad, 1905). <br \/><strong>Irod.:<\/strong> Szab\u00f3\u2013Simon\u2013Sz\u00f6gi; Szinnyei.<\/br><\/p>\n","protected":false},"excerpt":{"rendered":"<p>Segesv\u00e1r, 1840. okt. 21., \u2020?: \u00e1g. ev. f\u0151gimn\u00e1ziumi tan\u00e1r. \u2013 Segesv\u00e1rt kezdte gimn\u00e1ziumi tanulm\u00e1nyait, Beszterc\u00e9n folytatta \u00e9s Nagyszebenben bev\u00e9gezte (1854\u201361); B\u00e9csbe utazott (1861\u2013), ahol az egyetemen n\u00e9gy f\u00e9l\u00e9ven \u00e1t teol\u00f3gi\u00e1t, mennyis\u00e9gtant \u00e9s term\u00e9szettant tanult; azut\u00e1n J\u00e9n\u00e1ban folytatta tanulm\u00e1nyait (1863), ahol az eml\u00edtett tant\u00e1rgyakon k\u00edv\u00fcl pedag\u00f3gi\u00e1t \u00e9s pszichol\u00f3gi\u00e1t is hallgatott. Visszat\u00e9rve haz\u00e1j\u00e1ba (1864) elemi iskolai tan\u00edt\u00f3nak [&hellip;]<\/p>\n","protected":false},"featured_media":0,"comment_status":"open","ping_status":"closed","template":"","meta":[],"product_brand":[],"product_cat":[137],"product_tag":[],"class_list":{"0":"post-20073","1":"product","2":"type-product","3":"status-publish","5":"product_cat-maros-megyei-eletrajzi-lexikon","7":"first","8":"instock","9":"shipping-taxable","10":"product-type-simple"},"_links":{"self":[{"href":"https:\/\/uj.adatbank.ro\/lexikon\/wp-json\/wp\/v2\/product\/20073","targetHints":{"allow":["GET"]}}],"collection":[{"href":"https:\/\/uj.adatbank.ro\/lexikon\/wp-json\/wp\/v2\/product"}],"about":[{"href":"https:\/\/uj.adatbank.ro\/lexikon\/wp-json\/wp\/v2\/types\/product"}],"replies":[{"embeddable":true,"href":"https:\/\/uj.adatbank.ro\/lexikon\/wp-json\/wp\/v2\/comments?post=20073"}],"wp:attachment":[{"href":"https:\/\/uj.adatbank.ro\/lexikon\/wp-json\/wp\/v2\/media?parent=20073"}],"wp:term":[{"taxonomy":"product_brand","embeddable":true,"href":"https:\/\/uj.adatbank.ro\/lexikon\/wp-json\/wp\/v2\/product_brand?post=20073"},{"taxonomy":"product_cat","embeddable":true,"href":"https:\/\/uj.adatbank.ro\/lexikon\/wp-json\/wp\/v2\/product_cat?post=20073"},{"taxonomy":"product_tag","embeddable":true,"href":"https:\/\/uj.adatbank.ro\/lexikon\/wp-json\/wp\/v2\/product_tag?post=20073"}],"curies":[{"name":"wp","href":"https:\/\/api.w.org\/{rel}","templated":true}]}}