{"id":20074,"date":"2025-07-22T18:35:34","date_gmt":"2025-07-22T16:35:34","guid":{"rendered":"https:\/\/uj.adatbank.ro\/lexikon\/termek\/schuster-marton\/"},"modified":"2025-07-22T18:35:34","modified_gmt":"2025-07-22T16:35:34","slug":"schuster-marton","status":"publish","type":"product","link":"https:\/\/uj.adatbank.ro\/lexikon\/termek\/schuster-marton\/","title":{"rendered":"SCHUSTER M\u00e1rton"},"content":{"rendered":"<p>? \u2020?: \u00f6rm\u00e9ny keresked\u0151 Mv.-en. \u2013 Neje Bosny\u00e1k Rebeka (1778 \u2013 1838. jan 4.) <br \/><strong>Irod.:<\/strong> P\u00e1l-Antal S\u00e1ndor: \u00d6rm\u00e9nyek Mv.-en 1848 el\u0151tt = Pusk\u00e1s \u2013 Sz\u00e1sz \u00c1v\u00e9d.<\/br><\/p>\n","protected":false},"excerpt":{"rendered":"<p>? \u2020?: \u00f6rm\u00e9ny keresked\u0151 Mv.-en. \u2013 Neje Bosny\u00e1k Rebeka (1778 \u2013 1838. jan 4.) Irod.: P\u00e1l-Antal S\u00e1ndor: \u00d6rm\u00e9nyek Mv.-en 1848 el\u0151tt = Pusk\u00e1s \u2013 Sz\u00e1sz \u00c1v\u00e9d.<\/p>\n","protected":false},"featured_media":0,"comment_status":"open","ping_status":"closed","template":"","meta":[],"product_brand":[],"product_cat":[137],"product_tag":[],"class_list":{"0":"post-20074","1":"product","2":"type-product","3":"status-publish","5":"product_cat-maros-megyei-eletrajzi-lexikon","7":"first","8":"instock","9":"shipping-taxable","10":"product-type-simple"},"_links":{"self":[{"href":"https:\/\/uj.adatbank.ro\/lexikon\/wp-json\/wp\/v2\/product\/20074","targetHints":{"allow":["GET"]}}],"collection":[{"href":"https:\/\/uj.adatbank.ro\/lexikon\/wp-json\/wp\/v2\/product"}],"about":[{"href":"https:\/\/uj.adatbank.ro\/lexikon\/wp-json\/wp\/v2\/types\/product"}],"replies":[{"embeddable":true,"href":"https:\/\/uj.adatbank.ro\/lexikon\/wp-json\/wp\/v2\/comments?post=20074"}],"wp:attachment":[{"href":"https:\/\/uj.adatbank.ro\/lexikon\/wp-json\/wp\/v2\/media?parent=20074"}],"wp:term":[{"taxonomy":"product_brand","embeddable":true,"href":"https:\/\/uj.adatbank.ro\/lexikon\/wp-json\/wp\/v2\/product_brand?post=20074"},{"taxonomy":"product_cat","embeddable":true,"href":"https:\/\/uj.adatbank.ro\/lexikon\/wp-json\/wp\/v2\/product_cat?post=20074"},{"taxonomy":"product_tag","embeddable":true,"href":"https:\/\/uj.adatbank.ro\/lexikon\/wp-json\/wp\/v2\/product_tag?post=20074"}],"curies":[{"name":"wp","href":"https:\/\/api.w.org\/{rel}","templated":true}]}}