{"id":20075,"date":"2025-07-22T18:35:36","date_gmt":"2025-07-22T16:35:36","guid":{"rendered":"https:\/\/uj.adatbank.ro\/lexikon\/termek\/schuster-marton-2\/"},"modified":"2025-07-22T18:35:36","modified_gmt":"2025-07-22T16:35:36","slug":"schuster-marton-2","status":"publish","type":"product","link":"https:\/\/uj.adatbank.ro\/lexikon\/termek\/schuster-marton-2\/","title":{"rendered":"SCHUSTER M\u00e1rton"},"content":{"rendered":"<p>? \u2020?: gy\u00f3gyszer\u00e9sz. \u2013 Nagyenyedi gy\u00f3gyszer\u00e9sz, aki b\u00e9rbe vette a mv.-i M. Korona gy\u00f3gyszert\u00e1rat (1778. m\u00e1j. 8.\u201379). <br \/><strong>Irod.:<\/strong> P\u00e1l-Antal 2009; P\u00e9ter H. M.; P\u00e1l-Antal S\u00e1ndor: K\u00f6zeg\u00e9szs\u00e9g\u00fcgy \u00e9s szoci\u00e1lis gondoskod\u00e1s a 18\u201319. sz\u00e1zadi Mv.-en (N\u00fa., Sz\u00ednes Vil\u00e1g, 2010. j\u00fan. 12.).<\/br><\/p>\n","protected":false},"excerpt":{"rendered":"<p>? \u2020?: gy\u00f3gyszer\u00e9sz. \u2013 Nagyenyedi gy\u00f3gyszer\u00e9sz, aki b\u00e9rbe vette a mv.-i M. Korona gy\u00f3gyszert\u00e1rat (1778. m\u00e1j. 8.\u201379). Irod.: P\u00e1l-Antal 2009; P\u00e9ter H. M.; P\u00e1l-Antal S\u00e1ndor: K\u00f6zeg\u00e9szs\u00e9g\u00fcgy \u00e9s szoci\u00e1lis gondoskod\u00e1s a 18\u201319. sz\u00e1zadi Mv.-en (N\u00fa., Sz\u00ednes Vil\u00e1g, 2010. j\u00fan. 12.).<\/p>\n","protected":false},"featured_media":0,"comment_status":"open","ping_status":"closed","template":"","meta":[],"product_brand":[],"product_cat":[137],"product_tag":[],"class_list":{"0":"post-20075","1":"product","2":"type-product","3":"status-publish","5":"product_cat-maros-megyei-eletrajzi-lexikon","7":"first","8":"instock","9":"shipping-taxable","10":"product-type-simple"},"_links":{"self":[{"href":"https:\/\/uj.adatbank.ro\/lexikon\/wp-json\/wp\/v2\/product\/20075","targetHints":{"allow":["GET"]}}],"collection":[{"href":"https:\/\/uj.adatbank.ro\/lexikon\/wp-json\/wp\/v2\/product"}],"about":[{"href":"https:\/\/uj.adatbank.ro\/lexikon\/wp-json\/wp\/v2\/types\/product"}],"replies":[{"embeddable":true,"href":"https:\/\/uj.adatbank.ro\/lexikon\/wp-json\/wp\/v2\/comments?post=20075"}],"wp:attachment":[{"href":"https:\/\/uj.adatbank.ro\/lexikon\/wp-json\/wp\/v2\/media?parent=20075"}],"wp:term":[{"taxonomy":"product_brand","embeddable":true,"href":"https:\/\/uj.adatbank.ro\/lexikon\/wp-json\/wp\/v2\/product_brand?post=20075"},{"taxonomy":"product_cat","embeddable":true,"href":"https:\/\/uj.adatbank.ro\/lexikon\/wp-json\/wp\/v2\/product_cat?post=20075"},{"taxonomy":"product_tag","embeddable":true,"href":"https:\/\/uj.adatbank.ro\/lexikon\/wp-json\/wp\/v2\/product_tag?post=20075"}],"curies":[{"name":"wp","href":"https:\/\/api.w.org\/{rel}","templated":true}]}}