{"id":20076,"date":"2025-07-22T18:35:38","date_gmt":"2025-07-22T16:35:38","guid":{"rendered":"https:\/\/uj.adatbank.ro\/lexikon\/termek\/schuster-michael-adolf\/"},"modified":"2025-07-22T18:35:38","modified_gmt":"2025-07-22T16:35:38","slug":"schuster-michael-adolf","status":"publish","type":"product","link":"https:\/\/uj.adatbank.ro\/lexikon\/termek\/schuster-michael-adolf\/","title":{"rendered":"SCHUSTER, Michael Adolf"},"content":{"rendered":"<p>Homor\u00f3dbene, 1811. dec. 21., \u2020?: evang\u00e9likus pap, tan\u00e1r. \u2013 Tanult Segesv\u00e1ron (\u20131831), azut\u00e1n Kv.-on a ref. koll.-ban, majd a protest\u00e1ns teol\u00f3giai int\u00e9zetben (1832\u201334); B\u00e9csben a m\u0171egyetemen (1834\u201336). Matematika \u00e9s term\u00e9szetrajztan\u00e1r volt Segesv\u00e1ron (1836\u201348), aligazgat\u00f3 is (1845\u201348). Lelk\u00e9sz lett Sz\u00e1szbud\u00e1n Homor\u00f3dben\u00e9n, Sz\u00e1szkereszt\u00faron (1857), ezzel egyid\u0151ben k\u00e1ptalan-syndikus Segesv\u00e1ron \u00e9s d\u00e9k\u00e1n Sz\u00e1szk\u00e9zden nyugd\u00edjba vonul\u00e1s\u00e1ig (1867\u20131900). Sz\u00e1mos cikket \u00edrt a Kronst\u00e4dter Zeitungba \u00e9s mell\u00e9klet\u00e9ben a Schul- und Kirchenzeitungban, \u00e9s k\u00f6zrem\u0171k\u00f6d\u00f6tt a Horny\u00e1nszky Prot. Jahrb\u00fccher f\u00fcr \u00d6sterreich (Pest, 1854\u201358) c. v\u00e1llaltn\u00e1l. \u2013 <strong>F. m.<\/strong>: Lehrbuch der Rechenkunst: Zum Behufe seiner \u00f6ffentlichen Lehrstunden entworfen von&#8230; (Kronstadt., 1842); Statuten des Kiszder Kapitular-, Wittwen- und Waisen-Pensions-Institutes. (Kronstadt, 1850.); Schematismus der evang. Landeschirche A. C., im Grossf\u00fcrstenthum Siebenb\u00fcrgen f\u00fcr das Jahr 1856. \u2013 (Kronstadt, 1865); Statistisches Jahrbuch der evang. Landesckirche A. B. Im Grossf\u00fcrstenthum Sioebenb\u00fcrgen. 1. und 2. Jahrhang. (Hermannstadt, 1863, 1865); Bericht \u00fcber die 1867-ger General-Versammlung des Kiszder Kapitular-Wittwen- und Waisen-Pensions-Institutes. (Kronstadt, 1867.); Predigt und Anrede zur Einweihung des neuerbauten Schulhauses der evang.-s\u00e4chsischen Pfarrgemeide in Deutsch-Kreutz. Gehalten am 20. Okt. 1872. (Kronstad, 1873.); Zwei Jubelpredipten, gehalten zu Deutsch-kreuz am 8. Okt. 1882 und am 29. Aug. 1886. (Kronstadt, 1887). <br \/><strong>Irod.:<\/strong> Szinnyei J-Sz.J., \u00daM\u00c9L.<\/br><\/p>\n","protected":false},"excerpt":{"rendered":"<p>Homor\u00f3dbene, 1811. dec. 21., \u2020?: evang\u00e9likus pap, tan\u00e1r. \u2013 Tanult Segesv\u00e1ron (\u20131831), azut\u00e1n Kv.-on a ref. koll.-ban, majd a protest\u00e1ns teol\u00f3giai int\u00e9zetben (1832\u201334); B\u00e9csben a m\u0171egyetemen (1834\u201336). Matematika \u00e9s term\u00e9szetrajztan\u00e1r volt Segesv\u00e1ron (1836\u201348), aligazgat\u00f3 is (1845\u201348). Lelk\u00e9sz lett Sz\u00e1szbud\u00e1n Homor\u00f3dben\u00e9n, Sz\u00e1szkereszt\u00faron (1857), ezzel egyid\u0151ben k\u00e1ptalan-syndikus Segesv\u00e1ron \u00e9s d\u00e9k\u00e1n Sz\u00e1szk\u00e9zden nyugd\u00edjba vonul\u00e1s\u00e1ig (1867\u20131900). Sz\u00e1mos cikket \u00edrt [&hellip;]<\/p>\n","protected":false},"featured_media":0,"comment_status":"open","ping_status":"closed","template":"","meta":[],"product_brand":[],"product_cat":[137],"product_tag":[],"class_list":{"0":"post-20076","1":"product","2":"type-product","3":"status-publish","5":"product_cat-maros-megyei-eletrajzi-lexikon","7":"first","8":"instock","9":"shipping-taxable","10":"product-type-simple"},"_links":{"self":[{"href":"https:\/\/uj.adatbank.ro\/lexikon\/wp-json\/wp\/v2\/product\/20076","targetHints":{"allow":["GET"]}}],"collection":[{"href":"https:\/\/uj.adatbank.ro\/lexikon\/wp-json\/wp\/v2\/product"}],"about":[{"href":"https:\/\/uj.adatbank.ro\/lexikon\/wp-json\/wp\/v2\/types\/product"}],"replies":[{"embeddable":true,"href":"https:\/\/uj.adatbank.ro\/lexikon\/wp-json\/wp\/v2\/comments?post=20076"}],"wp:attachment":[{"href":"https:\/\/uj.adatbank.ro\/lexikon\/wp-json\/wp\/v2\/media?parent=20076"}],"wp:term":[{"taxonomy":"product_brand","embeddable":true,"href":"https:\/\/uj.adatbank.ro\/lexikon\/wp-json\/wp\/v2\/product_brand?post=20076"},{"taxonomy":"product_cat","embeddable":true,"href":"https:\/\/uj.adatbank.ro\/lexikon\/wp-json\/wp\/v2\/product_cat?post=20076"},{"taxonomy":"product_tag","embeddable":true,"href":"https:\/\/uj.adatbank.ro\/lexikon\/wp-json\/wp\/v2\/product_tag?post=20076"}],"curies":[{"name":"wp","href":"https:\/\/api.w.org\/{rel}","templated":true}]}}