{"id":20078,"date":"2025-07-22T18:35:44","date_gmt":"2025-07-22T16:35:44","guid":{"rendered":"https:\/\/uj.adatbank.ro\/lexikon\/termek\/schuster-rudolf-medgyesi\/"},"modified":"2025-07-22T18:35:44","modified_gmt":"2025-07-22T16:35:44","slug":"schuster-rudolf-medgyesi","status":"publish","type":"product","link":"https:\/\/uj.adatbank.ro\/lexikon\/termek\/schuster-rudolf-medgyesi\/","title":{"rendered":"SCHUSTER Rudolf, medgyesi"},"content":{"rendered":"<p>Medgyes, 1860. jan. 14., \u2020 Bp., 1941. febr. 23.: jog\u00e1sz, szabadalmi szak\u00e9rt\u0151. \u2013 A kv.-i egy.-en jogtud, \u00e9s \u00e1llamtud., doktori oklevelet szerzett. Ezut\u00e1n Medgyesen \u00fcgyv\u00e9djel\u00f6lt, Mv.-en \u00fcgyv\u00e9di vizsg\u00e1t tett (1888). Medgyesen \u00fcgyv\u00e9di gyakorlatot folytatott (1888\u2013), \u00e1ll. szolg\u00e1latba l\u00e9pett (1893\u2013), az erzs\u00e9betv\u00e1rosi t\u00f6rv\u00e9nysz\u00e9kn\u00e9l al\u00fcgy\u00e9sz (1893\u2013), k\u00f6z\u00f6tt t\u00f6rv\u00e9nysz\u00e9ki b\u00edr\u00f3 (1895\u20131902). A mv.-i \u00edt\u00e9l\u0151t\u00e1bl\u00e1n\u00e1l eln\u00f6ki titk\u00e1r (1902\u2013), \u00edt\u00e9l\u0151t\u00e1bl\u00e1i b\u00edr\u00f3 (1902\u201308). Bp.-en kiseg\u00edt\u0151 k\u00fariai b\u00edr\u00f3 (1908\u201310), a K\u00f6zigazgat\u00e1si B\u00edr\u00f3s\u00e1g p\u00e9nz\u00fcgyi oszt\u00e1ly\u00e1n\u00e1l b\u00edr\u00f3 (1910\u201312), a k\u00fariai r. b\u00edr\u00f3 (1912\u201314), az \u00e1ltala \u00e1tszervezett \u00e9s megreform\u00e1lt Szabadalmi Fels\u0151b\u00edr\u00f3s\u00e1g eln\u00f6ke nyugd\u00edjaz\u00e1s\u00e1ig (1915\u20131928). \u0150 k\u00e9sz\u00edtette a szabadalmi, v\u00e9djegy- \u00e9s mintaoltalmi tv.-ek, t\u00f6rv\u00e9nym\u00f3dos\u00edt\u00e1sok \u00e9s rendeletek tervezet\u00e9t (1915\u2013). A berlini Zeitschrift f\u00fcr Ostrecht \u00e1lland\u00f3 munkat\u00e1rsa. A Hiteljog T\u00e1ra szerk. \u2013 <strong><strong>F. m.<\/strong><\/strong>: Turpis causa \u00e9s a polg\u00e1ri t\u00f6rv\u00e9nyk\u00f6nyv t\u00f6rv\u00e9nyjavaslata (Bp., 1910); A magyar jog\u00e1szgy\u0171l\u00e9s (Bp., 1911); Ipari munk\u00e1k oltalm\u00e1r\u00f3l sz\u00f3l\u00f3 t\u00f6rv\u00e9nyjavaslat el\u0151ad\u00f3i tervezete \u00e9s indokl\u00e1sa (Bp., 1916); A v\u00e9djegyek oltalm\u00e1r\u00f3l sz\u00f3l\u00f3 t\u00f6rv\u00e9nyjavaslat el\u0151ad\u00f3i tervezete \u00e9s annak indokol\u00e1sa (Bp., 1916); A tal\u00e1lm\u00e1nyi szabadalmakr\u00f3l sz\u00f3l\u00f3 t\u00f6rv\u00e9nyjavaslat el\u0151ad\u00f3i tervezete \u00e9s ennek indokol\u00e1sa (Bp., 1916); A tal\u00e1lm\u00e1\u00adnyi szabadalmakr\u00f3l sz\u00f3l\u00f3 t\u00f6rv\u00e9nyjavaslat el\u0151ad\u00f3i tervezete (Bp., 1917); A v\u00e9djegyek oltalm\u00e1r\u00f3l \u00e9s az ipari mint\u00e1k oltalm\u00e1r\u00f3l sz\u00f3l\u00f3 t\u00f6rv\u00e9nyjavaslat el\u0151ad\u00f3i tervezete (Bp., 1917); <strong>t\u00e1rssz.:<\/strong> S\u00e4chsisches Wehr- und Mehrbuch \/ Michael Englisch, Heinrich Siegmund (Medgyes, 1914). <br \/><strong>Irod.:<\/strong> Sz\u00e9kely J\u00e1nos: A m\u00edtosz \u00e9rtelme: Essz\u00e9k (Buk., 1985); \u00daM\u00c9L.<\/br><\/p>\n","protected":false},"excerpt":{"rendered":"<p>Medgyes, 1860. jan. 14., \u2020 Bp., 1941. febr. 23.: jog\u00e1sz, szabadalmi szak\u00e9rt\u0151. \u2013 A kv.-i egy.-en jogtud, \u00e9s \u00e1llamtud., doktori oklevelet szerzett. Ezut\u00e1n Medgyesen \u00fcgyv\u00e9djel\u00f6lt, Mv.-en \u00fcgyv\u00e9di vizsg\u00e1t tett (1888). Medgyesen \u00fcgyv\u00e9di gyakorlatot folytatott (1888\u2013), \u00e1ll. szolg\u00e1latba l\u00e9pett (1893\u2013), az erzs\u00e9betv\u00e1rosi t\u00f6rv\u00e9nysz\u00e9kn\u00e9l al\u00fcgy\u00e9sz (1893\u2013), k\u00f6z\u00f6tt t\u00f6rv\u00e9nysz\u00e9ki b\u00edr\u00f3 (1895\u20131902). A mv.-i \u00edt\u00e9l\u0151t\u00e1bl\u00e1n\u00e1l eln\u00f6ki titk\u00e1r (1902\u2013), \u00edt\u00e9l\u0151t\u00e1bl\u00e1i [&hellip;]<\/p>\n","protected":false},"featured_media":0,"comment_status":"open","ping_status":"closed","template":"","meta":[],"product_brand":[],"product_cat":[137],"product_tag":[],"class_list":{"0":"post-20078","1":"product","2":"type-product","3":"status-publish","5":"product_cat-maros-megyei-eletrajzi-lexikon","7":"first","8":"instock","9":"shipping-taxable","10":"product-type-simple"},"_links":{"self":[{"href":"https:\/\/uj.adatbank.ro\/lexikon\/wp-json\/wp\/v2\/product\/20078","targetHints":{"allow":["GET"]}}],"collection":[{"href":"https:\/\/uj.adatbank.ro\/lexikon\/wp-json\/wp\/v2\/product"}],"about":[{"href":"https:\/\/uj.adatbank.ro\/lexikon\/wp-json\/wp\/v2\/types\/product"}],"replies":[{"embeddable":true,"href":"https:\/\/uj.adatbank.ro\/lexikon\/wp-json\/wp\/v2\/comments?post=20078"}],"wp:attachment":[{"href":"https:\/\/uj.adatbank.ro\/lexikon\/wp-json\/wp\/v2\/media?parent=20078"}],"wp:term":[{"taxonomy":"product_brand","embeddable":true,"href":"https:\/\/uj.adatbank.ro\/lexikon\/wp-json\/wp\/v2\/product_brand?post=20078"},{"taxonomy":"product_cat","embeddable":true,"href":"https:\/\/uj.adatbank.ro\/lexikon\/wp-json\/wp\/v2\/product_cat?post=20078"},{"taxonomy":"product_tag","embeddable":true,"href":"https:\/\/uj.adatbank.ro\/lexikon\/wp-json\/wp\/v2\/product_tag?post=20078"}],"curies":[{"name":"wp","href":"https:\/\/api.w.org\/{rel}","templated":true}]}}