{"id":20079,"date":"2025-07-22T18:35:45","date_gmt":"2025-07-22T16:35:45","guid":{"rendered":"https:\/\/uj.adatbank.ro\/lexikon\/termek\/schuster-samuel\/"},"modified":"2025-07-22T18:35:45","modified_gmt":"2025-07-22T16:35:45","slug":"schuster-samuel","status":"publish","type":"product","link":"https:\/\/uj.adatbank.ro\/lexikon\/termek\/schuster-samuel\/","title":{"rendered":"SCHUSTER S\u00e1muel"},"content":{"rendered":"<p>Nagybaromlak, 1835. nov. 17., \u2020 Medgyes, 1904. szept. 9.: \u00e1g. ev. lelk\u00e9sz. \u2013. \u2013 A medgyesi gimn\u00e1ziumot v\u00e9gezve, a b\u00e9csi prot. teol\u00f3giai int\u00e9zetben tanult (1857\u201360), majd a Lipcsei Egyetem Hittud. \u00e9s B\u00f6lcs. Kar\u00e1n volt hallgat\u00f3 (1860\u201361) Hazat\u00e9rve a medgyesi ev. gimn\u00e1ziumn\u00e1l tan\u00edtott (1860\u2013); Kundon v\u00e1lasztott\u00e1k meg lelk\u00e9sznek (1865\u2013), majd H\u00e1ss\u00e1gra (Nagy-K\u00fck\u00fcll\u0151m.) ment (1870); nyugalomba vonult \u00e9s Medgyesen \u00e9lt (1897). \u2013 <strong>F. m.<\/strong>: Zur Erinnerung an die Einweihung der neuerbauten evang. Kirche zu Martinsdorf in Siebenb\u00fcrgen am 22. Nov. 1863. (Wien, 1864); Protest gegen die Buszder Pfarrerwahl. (Hermannstadt, 1869). <br \/><strong>Irod.:<\/strong> Szab\u00f3\u2013Simon\u2013Sz\u00f6gi; Szinnyei.<\/br><\/p>\n","protected":false},"excerpt":{"rendered":"<p>Nagybaromlak, 1835. nov. 17., \u2020 Medgyes, 1904. szept. 9.: \u00e1g. ev. lelk\u00e9sz. \u2013. \u2013 A medgyesi gimn\u00e1ziumot v\u00e9gezve, a b\u00e9csi prot. teol\u00f3giai int\u00e9zetben tanult (1857\u201360), majd a Lipcsei Egyetem Hittud. \u00e9s B\u00f6lcs. Kar\u00e1n volt hallgat\u00f3 (1860\u201361) Hazat\u00e9rve a medgyesi ev. gimn\u00e1ziumn\u00e1l tan\u00edtott (1860\u2013); Kundon v\u00e1lasztott\u00e1k meg lelk\u00e9sznek (1865\u2013), majd H\u00e1ss\u00e1gra (Nagy-K\u00fck\u00fcll\u0151m.) ment (1870); nyugalomba vonult [&hellip;]<\/p>\n","protected":false},"featured_media":0,"comment_status":"open","ping_status":"closed","template":"","meta":[],"product_brand":[],"product_cat":[137],"product_tag":[],"class_list":{"0":"post-20079","1":"product","2":"type-product","3":"status-publish","5":"product_cat-maros-megyei-eletrajzi-lexikon","7":"first","8":"instock","9":"shipping-taxable","10":"product-type-simple"},"_links":{"self":[{"href":"https:\/\/uj.adatbank.ro\/lexikon\/wp-json\/wp\/v2\/product\/20079","targetHints":{"allow":["GET"]}}],"collection":[{"href":"https:\/\/uj.adatbank.ro\/lexikon\/wp-json\/wp\/v2\/product"}],"about":[{"href":"https:\/\/uj.adatbank.ro\/lexikon\/wp-json\/wp\/v2\/types\/product"}],"replies":[{"embeddable":true,"href":"https:\/\/uj.adatbank.ro\/lexikon\/wp-json\/wp\/v2\/comments?post=20079"}],"wp:attachment":[{"href":"https:\/\/uj.adatbank.ro\/lexikon\/wp-json\/wp\/v2\/media?parent=20079"}],"wp:term":[{"taxonomy":"product_brand","embeddable":true,"href":"https:\/\/uj.adatbank.ro\/lexikon\/wp-json\/wp\/v2\/product_brand?post=20079"},{"taxonomy":"product_cat","embeddable":true,"href":"https:\/\/uj.adatbank.ro\/lexikon\/wp-json\/wp\/v2\/product_cat?post=20079"},{"taxonomy":"product_tag","embeddable":true,"href":"https:\/\/uj.adatbank.ro\/lexikon\/wp-json\/wp\/v2\/product_tag?post=20079"}],"curies":[{"name":"wp","href":"https:\/\/api.w.org\/{rel}","templated":true}]}}