{"id":2008,"date":"2025-06-28T12:00:51","date_gmt":"2025-06-28T10:00:51","guid":{"rendered":"https:\/\/uj.adatbank.ro\/lexikon\/termek\/balint-denes-l\/"},"modified":"2025-06-28T12:00:51","modified_gmt":"2025-06-28T10:00:51","slug":"balint-denes-l","status":"publish","type":"product","link":"https:\/\/uj.adatbank.ro\/lexikon\/termek\/balint-denes-l\/","title":{"rendered":"B\u00c1LINT D\u00e9nes, L"},"content":{"rendered":"<p>? \u2020\u00a0? : gondnok. \u2013 Mv.-en ref. egyh\u00e1zker\u00fcleti gondnok a v\u00e1rtemplomban (1883). A K. M. Term\u00e9szettudom\u00e1nyi T\u00e1rsulat\u00a0mv.-i tagja. <br \/><strong>Irod.:<\/strong> Eml\u00e9kk\u00f6nyv a K. M. Term\u00e9szettudom\u00e1nyi T\u00e1rsulat f\u00e9lsz\u00e1zados jubileum\u00e1n (Bp., 1892); Farcz\u00e1dy<\/br><\/p>\n","protected":false},"excerpt":{"rendered":"<p>? \u2020\u00a0? : gondnok. \u2013 Mv.-en ref. egyh\u00e1zker\u00fcleti gondnok a v\u00e1rtemplomban (1883). A K. M. Term\u00e9szettudom\u00e1nyi T\u00e1rsulat\u00a0mv.-i tagja. Irod.: Eml\u00e9kk\u00f6nyv a K. M. Term\u00e9szettudom\u00e1nyi T\u00e1rsulat f\u00e9lsz\u00e1zados jubileum\u00e1n (Bp., 1892); Farcz\u00e1dy<\/p>\n","protected":false},"featured_media":0,"comment_status":"open","ping_status":"closed","template":"","meta":[],"product_brand":[],"product_cat":[137],"product_tag":[],"class_list":{"0":"post-2008","1":"product","2":"type-product","3":"status-publish","5":"product_cat-maros-megyei-eletrajzi-lexikon","7":"first","8":"instock","9":"shipping-taxable","10":"product-type-simple"},"_links":{"self":[{"href":"https:\/\/uj.adatbank.ro\/lexikon\/wp-json\/wp\/v2\/product\/2008","targetHints":{"allow":["GET"]}}],"collection":[{"href":"https:\/\/uj.adatbank.ro\/lexikon\/wp-json\/wp\/v2\/product"}],"about":[{"href":"https:\/\/uj.adatbank.ro\/lexikon\/wp-json\/wp\/v2\/types\/product"}],"replies":[{"embeddable":true,"href":"https:\/\/uj.adatbank.ro\/lexikon\/wp-json\/wp\/v2\/comments?post=2008"}],"wp:attachment":[{"href":"https:\/\/uj.adatbank.ro\/lexikon\/wp-json\/wp\/v2\/media?parent=2008"}],"wp:term":[{"taxonomy":"product_brand","embeddable":true,"href":"https:\/\/uj.adatbank.ro\/lexikon\/wp-json\/wp\/v2\/product_brand?post=2008"},{"taxonomy":"product_cat","embeddable":true,"href":"https:\/\/uj.adatbank.ro\/lexikon\/wp-json\/wp\/v2\/product_cat?post=2008"},{"taxonomy":"product_tag","embeddable":true,"href":"https:\/\/uj.adatbank.ro\/lexikon\/wp-json\/wp\/v2\/product_tag?post=2008"}],"curies":[{"name":"wp","href":"https:\/\/api.w.org\/{rel}","templated":true}]}}