{"id":20080,"date":"2025-07-22T18:35:48","date_gmt":"2025-07-22T16:35:48","guid":{"rendered":"https:\/\/uj.adatbank.ro\/lexikon\/termek\/schvarcz-zsigmond\/"},"modified":"2025-07-22T18:35:48","modified_gmt":"2025-07-22T16:35:48","slug":"schvarcz-zsigmond","status":"publish","type":"product","link":"https:\/\/uj.adatbank.ro\/lexikon\/termek\/schvarcz-zsigmond\/","title":{"rendered":"SCHVARCZ Zsigmond"},"content":{"rendered":"<p>? \u2020?: a szakoszt\u00e1lyok el\u0151ad\u00f3i k\u00f6z\u00f6tt szerepel a Cs\u00edktusn\u00e1don megtartott kongresszuson (1902. aug. 28\u201330). <br \/><strong>Irod.:<\/strong> A Sz\u00e9kely Kongresszus szervezete, tagjainak n\u00e9vsora, t\u00e1rgyal\u00e1sai \u00e9s hat\u00e1rozotai (Bp., 1902).<\/br><\/p>\n","protected":false},"excerpt":{"rendered":"<p>? \u2020?: a szakoszt\u00e1lyok el\u0151ad\u00f3i k\u00f6z\u00f6tt szerepel a Cs\u00edktusn\u00e1don megtartott kongresszuson (1902. aug. 28\u201330). Irod.: A Sz\u00e9kely Kongresszus szervezete, tagjainak n\u00e9vsora, t\u00e1rgyal\u00e1sai \u00e9s hat\u00e1rozotai (Bp., 1902).<\/p>\n","protected":false},"featured_media":0,"comment_status":"open","ping_status":"closed","template":"","meta":[],"product_brand":[],"product_cat":[137],"product_tag":[],"class_list":{"0":"post-20080","1":"product","2":"type-product","3":"status-publish","5":"product_cat-maros-megyei-eletrajzi-lexikon","7":"first","8":"instock","9":"shipping-taxable","10":"product-type-simple"},"_links":{"self":[{"href":"https:\/\/uj.adatbank.ro\/lexikon\/wp-json\/wp\/v2\/product\/20080","targetHints":{"allow":["GET"]}}],"collection":[{"href":"https:\/\/uj.adatbank.ro\/lexikon\/wp-json\/wp\/v2\/product"}],"about":[{"href":"https:\/\/uj.adatbank.ro\/lexikon\/wp-json\/wp\/v2\/types\/product"}],"replies":[{"embeddable":true,"href":"https:\/\/uj.adatbank.ro\/lexikon\/wp-json\/wp\/v2\/comments?post=20080"}],"wp:attachment":[{"href":"https:\/\/uj.adatbank.ro\/lexikon\/wp-json\/wp\/v2\/media?parent=20080"}],"wp:term":[{"taxonomy":"product_brand","embeddable":true,"href":"https:\/\/uj.adatbank.ro\/lexikon\/wp-json\/wp\/v2\/product_brand?post=20080"},{"taxonomy":"product_cat","embeddable":true,"href":"https:\/\/uj.adatbank.ro\/lexikon\/wp-json\/wp\/v2\/product_cat?post=20080"},{"taxonomy":"product_tag","embeddable":true,"href":"https:\/\/uj.adatbank.ro\/lexikon\/wp-json\/wp\/v2\/product_tag?post=20080"}],"curies":[{"name":"wp","href":"https:\/\/api.w.org\/{rel}","templated":true}]}}