{"id":20083,"date":"2025-07-22T18:35:54","date_gmt":"2025-07-22T16:35:54","guid":{"rendered":"https:\/\/uj.adatbank.ro\/lexikon\/termek\/schwab-hugo-karl\/"},"modified":"2025-07-22T18:35:54","modified_gmt":"2025-07-22T16:35:54","slug":"schwab-hugo-karl","status":"publish","type":"product","link":"https:\/\/uj.adatbank.ro\/lexikon\/termek\/schwab-hugo-karl\/","title":{"rendered":"SCHWAB, Hugo Karl"},"content":{"rendered":"<p>Sz\u00e1szr\u00e9gen, 1887. j\u00fan. 27., \u2020 Humule\u015fti (Nema\u0163), 1944. aug. 24. Agapia kolostor: t\u00e1bornok. \u2013 Katonai kik\u00e9pz\u00e9st Szebenben kapott az osztr\u00e1k\u2013m. hadsereg keret\u00e9ben, a Gyalogos Kad\u00e9tiskol\u00e1t v\u00e9gezte (1901\u201302). Besorozt\u00e1k az 5. Gyalogezredbe kad\u00e9t tiszthelyettesi rangban (1905. aug. 18.\u2013). Ez az ezred abban az id\u0151ben Egerben \u00e1llom\u00e1sozott (1905\u201307). Katonai p\u00e1ly\u00e1ja ezut\u00e1n felfel\u00e9 \u00edvelt: alhadnagy (1908), hadnagy (1912\u2013), z\u00e1szl\u00f3aljparancsnok (1914\u2013), kapit\u00e1ny (1915\u2013), \u0151rnagy (1917\u2013). Kivitt\u00e9k a gal\u00edciai frontra, ahol orosz fogs\u00e1gba esett \u00e9s Szib\u00e9ri\u00e1ba, Irkutszkba hurcolt\u00e1k (1914. nov. 24. \u2013 1918. m\u00e1rc.). \u00d6nk\u00e9ntesk\u00e9nt jelentkezett az I. vh.-ba val\u00f3 r\u00e9szv\u00e9telre, \u00e9s Verdunn\u00e1l ism\u00e9t megsebes\u00fclt. Bp.-en \u00e1polt\u00e1k. Fel\u00e9p\u00fcl\u00e9se ut\u00e1n saj\u00e1t k\u00f6lts\u00e9g\u00e9n vett r\u00e9szt ezred\u00e9vel a sedani \u00fctk\u00f6zetben (1918. szept. 5. \u2013). A h\u00e1bor\u00fa befejez\u0151d\u00e9se ut\u00e1n \u00e1t\u00e1llt a rom\u00e1n hadseregbe (1919. j\u00fal. 17. \u2013), ahol sz\u00e1zadparancsnokk\u00e9nt vett r\u00e9szt a Tisza menti harcokban, azut\u00e1n a mv.-i laktany\u00e1ban (1919\u201321), a tordai laktany\u00e1ban (1921\u201323), a gyulafeh\u00e9rv\u00e1ri laktany\u00e1ban (1923\u201330) volt parancsnok. Ezredesi rangra l\u00e9ptett\u00e9k el\u0151 (1928\u2013). Ism\u00e9t Mv.-en a 82. gyalogezredben szolg\u00e1lt (1930\u201331), onnan Basargicba ker\u00fclt, majd dand\u00e1rt\u00e1bornokk\u00e9nt Konstanc\u00e1ra helyezt\u00e9k a 9. gyalogdiv\u00edzi\u00f3hoz (1935\u2013). A II. vh. kit\u00f6r\u00e9se ut\u00e1n a n\u00e9metek oldal\u00e1n r\u00e9szt vett az Oroszo. elleni hadj\u00e1ratban, a Kr\u00edm f\u00e9lsziget v\u00e9delmi harcaiban. Bet\u00f6lt\u00f6tt funkci\u00f3i: parancsnok a 9. gyalogos hadoszt.-ban, (1939. nov. 8. \u2013 1942. jan.10.); a 4. ter\u00fcleti hadoszt.-n\u00e1l (1942. jan.10. \u2013 1943. m\u00e1rc. 20.); a 3. hadtestn\u00e9l (1943. m\u00e1rc. 20. \u2013 1943. okt. 5.); a hegyi hadtoszt. ban (1943. okt. 5. \u2013 1944. aug. 15.); Moldv\u00e1ban a 7. hadtest parancsnokak\u00e9nt Piatra Neam\u0163 \u00e9s V\u0103ratec kolostor v\u00e9delm\u00e9ben (1944. aug.15\u201324.). Amikor megtudta, hogy k\u00f6zeleg az orosz hadsereg, f\u0151be l\u0151tte mag\u00e1t. A rom\u00e1n kir\u00e1lyi hadsereg gener\u00e1lisa, a II. vh. h\u0151se. <br \/><strong>Irod.:<\/strong> Du\u0163u, Alesandru \u2013 Dobre, Florica \u2013 Loghin, Leonida: Armata rom\u00e2n\u0103 \u00een al doilea r\u0103zboi mondial 1941\u20131945. Dic\u0163ionar enciclopedic (Buc., 1999); Reghin \u2013 ghid; Reghin, militari; S\u00e4chsisch-Regen.<\/br><\/p>\n","protected":false},"excerpt":{"rendered":"<p>Sz\u00e1szr\u00e9gen, 1887. j\u00fan. 27., \u2020 Humule\u015fti (Nema\u0163), 1944. aug. 24. Agapia kolostor: t\u00e1bornok. \u2013 Katonai kik\u00e9pz\u00e9st Szebenben kapott az osztr\u00e1k\u2013m. hadsereg keret\u00e9ben, a Gyalogos Kad\u00e9tiskol\u00e1t v\u00e9gezte (1901\u201302). Besorozt\u00e1k az 5. Gyalogezredbe kad\u00e9t tiszthelyettesi rangban (1905. aug. 18.\u2013). Ez az ezred abban az id\u0151ben Egerben \u00e1llom\u00e1sozott (1905\u201307). Katonai p\u00e1ly\u00e1ja ezut\u00e1n felfel\u00e9 \u00edvelt: alhadnagy (1908), hadnagy (1912\u2013), [&hellip;]<\/p>\n","protected":false},"featured_media":0,"comment_status":"open","ping_status":"closed","template":"","meta":[],"product_brand":[],"product_cat":[137],"product_tag":[],"class_list":{"0":"post-20083","1":"product","2":"type-product","3":"status-publish","5":"product_cat-maros-megyei-eletrajzi-lexikon","7":"first","8":"instock","9":"shipping-taxable","10":"product-type-simple"},"_links":{"self":[{"href":"https:\/\/uj.adatbank.ro\/lexikon\/wp-json\/wp\/v2\/product\/20083","targetHints":{"allow":["GET"]}}],"collection":[{"href":"https:\/\/uj.adatbank.ro\/lexikon\/wp-json\/wp\/v2\/product"}],"about":[{"href":"https:\/\/uj.adatbank.ro\/lexikon\/wp-json\/wp\/v2\/types\/product"}],"replies":[{"embeddable":true,"href":"https:\/\/uj.adatbank.ro\/lexikon\/wp-json\/wp\/v2\/comments?post=20083"}],"wp:attachment":[{"href":"https:\/\/uj.adatbank.ro\/lexikon\/wp-json\/wp\/v2\/media?parent=20083"}],"wp:term":[{"taxonomy":"product_brand","embeddable":true,"href":"https:\/\/uj.adatbank.ro\/lexikon\/wp-json\/wp\/v2\/product_brand?post=20083"},{"taxonomy":"product_cat","embeddable":true,"href":"https:\/\/uj.adatbank.ro\/lexikon\/wp-json\/wp\/v2\/product_cat?post=20083"},{"taxonomy":"product_tag","embeddable":true,"href":"https:\/\/uj.adatbank.ro\/lexikon\/wp-json\/wp\/v2\/product_tag?post=20083"}],"curies":[{"name":"wp","href":"https:\/\/api.w.org\/{rel}","templated":true}]}}