{"id":20086,"date":"2025-07-22T18:36:02","date_gmt":"2025-07-22T16:36:02","guid":{"rendered":"https:\/\/uj.adatbank.ro\/lexikon\/termek\/schwartz-antal\/"},"modified":"2025-07-22T18:36:02","modified_gmt":"2025-07-22T16:36:02","slug":"schwartz-antal","status":"publish","type":"product","link":"https:\/\/uj.adatbank.ro\/lexikon\/termek\/schwartz-antal\/","title":{"rendered":"SCHWARTZ Antal"},"content":{"rendered":"<p>? \u2020?: hitk\u00f6zs\u00e9gi eln\u00f6k. \u2013 A Chevra Kadisa mv.-i zsid\u00f3 egylet (1920\u2013) \u00e9s a Poel Cedek zsid\u00f3 iparosok sz\u00f6vets\u00e9ge eln\u00f6ke. Kezdem\u00e9nyez\u00e9s\u00e9re a zsid\u00f3 temet\u0151ben \u00faj halottash\u00e1zat \u00e9s gondnoki \u00e9p\u00fcletet emeltek (1921). 1000 lejt adom\u00e1nyozott a Talmud-Tora iskola seg\u00e9lyez\u00e9s\u00e9re (1921). A status quo ante hitk\u00f6zs\u00e9g vezet\u0151je (1921), anticionista besz\u00e9det mondott a beiktat\u00e1son, tiszteletbeli eln\u00f6k. <br \/><strong>Irod.:<\/strong> Almanah Tg. M; Id\u0151t\u00e1r 3; \u00dajv\u00e1ri.<\/br><\/p>\n","protected":false},"excerpt":{"rendered":"<p>? \u2020?: hitk\u00f6zs\u00e9gi eln\u00f6k. \u2013 A Chevra Kadisa mv.-i zsid\u00f3 egylet (1920\u2013) \u00e9s a Poel Cedek zsid\u00f3 iparosok sz\u00f6vets\u00e9ge eln\u00f6ke. Kezdem\u00e9nyez\u00e9s\u00e9re a zsid\u00f3 temet\u0151ben \u00faj halottash\u00e1zat \u00e9s gondnoki \u00e9p\u00fcletet emeltek (1921). 1000 lejt adom\u00e1nyozott a Talmud-Tora iskola seg\u00e9lyez\u00e9s\u00e9re (1921). A status quo ante hitk\u00f6zs\u00e9g vezet\u0151je (1921), anticionista besz\u00e9det mondott a beiktat\u00e1son, tiszteletbeli eln\u00f6k. Irod.: Almanah [&hellip;]<\/p>\n","protected":false},"featured_media":0,"comment_status":"open","ping_status":"closed","template":"","meta":[],"product_brand":[],"product_cat":[137],"product_tag":[],"class_list":{"0":"post-20086","1":"product","2":"type-product","3":"status-publish","5":"product_cat-maros-megyei-eletrajzi-lexikon","7":"first","8":"instock","9":"shipping-taxable","10":"product-type-simple"},"_links":{"self":[{"href":"https:\/\/uj.adatbank.ro\/lexikon\/wp-json\/wp\/v2\/product\/20086","targetHints":{"allow":["GET"]}}],"collection":[{"href":"https:\/\/uj.adatbank.ro\/lexikon\/wp-json\/wp\/v2\/product"}],"about":[{"href":"https:\/\/uj.adatbank.ro\/lexikon\/wp-json\/wp\/v2\/types\/product"}],"replies":[{"embeddable":true,"href":"https:\/\/uj.adatbank.ro\/lexikon\/wp-json\/wp\/v2\/comments?post=20086"}],"wp:attachment":[{"href":"https:\/\/uj.adatbank.ro\/lexikon\/wp-json\/wp\/v2\/media?parent=20086"}],"wp:term":[{"taxonomy":"product_brand","embeddable":true,"href":"https:\/\/uj.adatbank.ro\/lexikon\/wp-json\/wp\/v2\/product_brand?post=20086"},{"taxonomy":"product_cat","embeddable":true,"href":"https:\/\/uj.adatbank.ro\/lexikon\/wp-json\/wp\/v2\/product_cat?post=20086"},{"taxonomy":"product_tag","embeddable":true,"href":"https:\/\/uj.adatbank.ro\/lexikon\/wp-json\/wp\/v2\/product_tag?post=20086"}],"curies":[{"name":"wp","href":"https:\/\/api.w.org\/{rel}","templated":true}]}}