{"id":2009,"date":"2025-06-28T12:00:53","date_gmt":"2025-06-28T10:00:53","guid":{"rendered":"https:\/\/uj.adatbank.ro\/lexikon\/termek\/balint-dezso\/"},"modified":"2025-06-28T12:00:53","modified_gmt":"2025-06-28T10:00:53","slug":"balint-dezso","status":"publish","type":"product","link":"https:\/\/uj.adatbank.ro\/lexikon\/termek\/balint-dezso\/","title":{"rendered":"B\u00c1LINT Dezs\u0151"},"content":{"rendered":"<p>1915., \u2020 Mv., 1998. nov. 29.: \u00fcgy\u00e9d, dr. <br \/><strong>Irod.:<\/strong> [Nekrol\u00f3g] (N\u00fa., 1998. nov. 30.)<\/br><\/p>\n","protected":false},"excerpt":{"rendered":"<p>1915., \u2020 Mv., 1998. nov. 29.: \u00fcgy\u00e9d, dr. Irod.: [Nekrol\u00f3g] (N\u00fa., 1998. nov. 30.)<\/p>\n","protected":false},"featured_media":0,"comment_status":"open","ping_status":"closed","template":"","meta":[],"product_brand":[],"product_cat":[137],"product_tag":[],"class_list":{"0":"post-2009","1":"product","2":"type-product","3":"status-publish","5":"product_cat-maros-megyei-eletrajzi-lexikon","7":"first","8":"instock","9":"shipping-taxable","10":"product-type-simple"},"_links":{"self":[{"href":"https:\/\/uj.adatbank.ro\/lexikon\/wp-json\/wp\/v2\/product\/2009","targetHints":{"allow":["GET"]}}],"collection":[{"href":"https:\/\/uj.adatbank.ro\/lexikon\/wp-json\/wp\/v2\/product"}],"about":[{"href":"https:\/\/uj.adatbank.ro\/lexikon\/wp-json\/wp\/v2\/types\/product"}],"replies":[{"embeddable":true,"href":"https:\/\/uj.adatbank.ro\/lexikon\/wp-json\/wp\/v2\/comments?post=2009"}],"wp:attachment":[{"href":"https:\/\/uj.adatbank.ro\/lexikon\/wp-json\/wp\/v2\/media?parent=2009"}],"wp:term":[{"taxonomy":"product_brand","embeddable":true,"href":"https:\/\/uj.adatbank.ro\/lexikon\/wp-json\/wp\/v2\/product_brand?post=2009"},{"taxonomy":"product_cat","embeddable":true,"href":"https:\/\/uj.adatbank.ro\/lexikon\/wp-json\/wp\/v2\/product_cat?post=2009"},{"taxonomy":"product_tag","embeddable":true,"href":"https:\/\/uj.adatbank.ro\/lexikon\/wp-json\/wp\/v2\/product_tag?post=2009"}],"curies":[{"name":"wp","href":"https:\/\/api.w.org\/{rel}","templated":true}]}}