{"id":20092,"date":"2025-07-22T18:36:16","date_gmt":"2025-07-22T16:36:16","guid":{"rendered":"https:\/\/uj.adatbank.ro\/lexikon\/termek\/schwartz-laszlo\/"},"modified":"2025-07-22T18:36:16","modified_gmt":"2025-07-22T16:36:16","slug":"schwartz-laszlo","status":"publish","type":"product","link":"https:\/\/uj.adatbank.ro\/lexikon\/termek\/schwartz-laszlo\/","title":{"rendered":"SCHWARTZ L\u00e1szl\u00f3"},"content":{"rendered":"<p>1915., \u2020\u00a0Mv., 1985. dec. 29.: k\u00f6zgazd\u00e1sz. \u2013 A L\u00e1z\u00e1r \u00d6d\u00f6n v\u00e1llalat kereskedelmi oszt\u00e1ly\u00e1nak f\u0151n\u00f6ke, a fot\u00f3pap\u00edrgy\u00e1r kereskedelmi oldal\u00e1nak felel\u0151se, a Horv\u00e1th testv\u00e9rek mellett. <br \/><strong>Irod.:<\/strong> Gy\u00e1rf\u00e1s L. Mikl\u00f3s: Horv\u00e1th Attila (V. Z., 1980. szept. 14.); Mv.-i zsid\u00f3 temet\u0151 dok.<\/br><\/p>\n","protected":false},"excerpt":{"rendered":"<p>1915., \u2020\u00a0Mv., 1985. dec. 29.: k\u00f6zgazd\u00e1sz. \u2013 A L\u00e1z\u00e1r \u00d6d\u00f6n v\u00e1llalat kereskedelmi oszt\u00e1ly\u00e1nak f\u0151n\u00f6ke, a fot\u00f3pap\u00edrgy\u00e1r kereskedelmi oldal\u00e1nak felel\u0151se, a Horv\u00e1th testv\u00e9rek mellett. Irod.: Gy\u00e1rf\u00e1s L. Mikl\u00f3s: Horv\u00e1th Attila (V. Z., 1980. szept. 14.); Mv.-i zsid\u00f3 temet\u0151 dok.<\/p>\n","protected":false},"featured_media":0,"comment_status":"open","ping_status":"closed","template":"","meta":[],"product_brand":[],"product_cat":[137],"product_tag":[],"class_list":{"0":"post-20092","1":"product","2":"type-product","3":"status-publish","5":"product_cat-maros-megyei-eletrajzi-lexikon","7":"first","8":"instock","9":"shipping-taxable","10":"product-type-simple"},"_links":{"self":[{"href":"https:\/\/uj.adatbank.ro\/lexikon\/wp-json\/wp\/v2\/product\/20092","targetHints":{"allow":["GET"]}}],"collection":[{"href":"https:\/\/uj.adatbank.ro\/lexikon\/wp-json\/wp\/v2\/product"}],"about":[{"href":"https:\/\/uj.adatbank.ro\/lexikon\/wp-json\/wp\/v2\/types\/product"}],"replies":[{"embeddable":true,"href":"https:\/\/uj.adatbank.ro\/lexikon\/wp-json\/wp\/v2\/comments?post=20092"}],"wp:attachment":[{"href":"https:\/\/uj.adatbank.ro\/lexikon\/wp-json\/wp\/v2\/media?parent=20092"}],"wp:term":[{"taxonomy":"product_brand","embeddable":true,"href":"https:\/\/uj.adatbank.ro\/lexikon\/wp-json\/wp\/v2\/product_brand?post=20092"},{"taxonomy":"product_cat","embeddable":true,"href":"https:\/\/uj.adatbank.ro\/lexikon\/wp-json\/wp\/v2\/product_cat?post=20092"},{"taxonomy":"product_tag","embeddable":true,"href":"https:\/\/uj.adatbank.ro\/lexikon\/wp-json\/wp\/v2\/product_tag?post=20092"}],"curies":[{"name":"wp","href":"https:\/\/api.w.org\/{rel}","templated":true}]}}