{"id":20094,"date":"2025-07-22T18:36:21","date_gmt":"2025-07-22T16:36:21","guid":{"rendered":"https:\/\/uj.adatbank.ro\/lexikon\/termek\/schwartz-mendel\/"},"modified":"2025-07-22T18:36:21","modified_gmt":"2025-07-22T16:36:21","slug":"schwartz-mendel","status":"publish","type":"product","link":"https:\/\/uj.adatbank.ro\/lexikon\/termek\/schwartz-mendel\/","title":{"rendered":"SCHWARTZ Mendel"},"content":{"rendered":"<p>? \u2020?: munk\u00e1sigazgat\u00f3. \u2013 A mv.-i Hedvig N\u00f6v\u00e9nyi Olajgy\u00e1r (Kossuth u. 93. sz.) \u00e1llamos\u00edt\u00e1sa ut\u00e1n kinevezett igazgat\u00f3ja (1948. j\u00fan. 11.). A gy\u00e1rat Goldstein Dezs\u0151 \u00e9s Heller M\u00f3zes hozt\u00e1k l\u00e9tre, 22 alkalmazottal dolgozott (1947. okt. 20). Goldstein Dezs\u0151 a munk\u00e1sok k\u00e9r\u00e9s\u00e9re az \u00e1llamos\u00edt\u00e1s ut\u00e1n is az \u00fczemben maradt, de Heller M\u00f3zest ellenszenves modora miatt elt\u00e1vol\u00edtott\u00e1k. A malomnak \u00e9s az olaj\u00fct\u0151nek az igazgat\u00f3ja is lett (1948. okt. 1. \u2013). A malom azel\u0151tt kinevezett igazgat\u00f3ja, S\u00f3lyom J\u00e1nos, termel\u00e9svezet\u0151 beoszt\u00e1st kapott. <br \/><strong>Irod.:<\/strong> Bartos Zolt\u00e1n.<\/br><\/p>\n","protected":false},"excerpt":{"rendered":"<p>? \u2020?: munk\u00e1sigazgat\u00f3. \u2013 A mv.-i Hedvig N\u00f6v\u00e9nyi Olajgy\u00e1r (Kossuth u. 93. sz.) \u00e1llamos\u00edt\u00e1sa ut\u00e1n kinevezett igazgat\u00f3ja (1948. j\u00fan. 11.). A gy\u00e1rat Goldstein Dezs\u0151 \u00e9s Heller M\u00f3zes hozt\u00e1k l\u00e9tre, 22 alkalmazottal dolgozott (1947. okt. 20). Goldstein Dezs\u0151 a munk\u00e1sok k\u00e9r\u00e9s\u00e9re az \u00e1llamos\u00edt\u00e1s ut\u00e1n is az \u00fczemben maradt, de Heller M\u00f3zest ellenszenves modora miatt elt\u00e1vol\u00edtott\u00e1k. A [&hellip;]<\/p>\n","protected":false},"featured_media":0,"comment_status":"open","ping_status":"closed","template":"","meta":[],"product_brand":[],"product_cat":[137],"product_tag":[],"class_list":{"0":"post-20094","1":"product","2":"type-product","3":"status-publish","5":"product_cat-maros-megyei-eletrajzi-lexikon","7":"first","8":"instock","9":"shipping-taxable","10":"product-type-simple"},"_links":{"self":[{"href":"https:\/\/uj.adatbank.ro\/lexikon\/wp-json\/wp\/v2\/product\/20094","targetHints":{"allow":["GET"]}}],"collection":[{"href":"https:\/\/uj.adatbank.ro\/lexikon\/wp-json\/wp\/v2\/product"}],"about":[{"href":"https:\/\/uj.adatbank.ro\/lexikon\/wp-json\/wp\/v2\/types\/product"}],"replies":[{"embeddable":true,"href":"https:\/\/uj.adatbank.ro\/lexikon\/wp-json\/wp\/v2\/comments?post=20094"}],"wp:attachment":[{"href":"https:\/\/uj.adatbank.ro\/lexikon\/wp-json\/wp\/v2\/media?parent=20094"}],"wp:term":[{"taxonomy":"product_brand","embeddable":true,"href":"https:\/\/uj.adatbank.ro\/lexikon\/wp-json\/wp\/v2\/product_brand?post=20094"},{"taxonomy":"product_cat","embeddable":true,"href":"https:\/\/uj.adatbank.ro\/lexikon\/wp-json\/wp\/v2\/product_cat?post=20094"},{"taxonomy":"product_tag","embeddable":true,"href":"https:\/\/uj.adatbank.ro\/lexikon\/wp-json\/wp\/v2\/product_tag?post=20094"}],"curies":[{"name":"wp","href":"https:\/\/api.w.org\/{rel}","templated":true}]}}