{"id":20095,"date":"2025-07-22T18:36:22","date_gmt":"2025-07-22T16:36:22","guid":{"rendered":"https:\/\/uj.adatbank.ro\/lexikon\/termek\/schwartz-mendel-schwarcz-mendel\/"},"modified":"2025-07-22T18:36:22","modified_gmt":"2025-07-22T16:36:22","slug":"schwartz-mendel-schwarcz-mendel","status":"publish","type":"product","link":"https:\/\/uj.adatbank.ro\/lexikon\/termek\/schwartz-mendel-schwarcz-mendel\/","title":{"rendered":"SCHWARTZ Mendel,\u00a0Schwarcz Mendel"},"content":{"rendered":"<p>1889., \u2020?: malom- \u00e9s f\u0171r\u00e9sz\u00fczem tulajdonos, v\u00e1llalkoz\u00f3. \u2013 Palotailv\u00e1n 6 g\u00e1teres f\u0171r\u00e9sz\u00fczemet l\u00e9tes\u00edtett (1895\u201396), az \u00fat meg\u00e9p\u00edt\u00e9se ut\u00e1n (1880\u201385), amely a nyersanyagot br. B\u00e1nffy erdeib\u0151l kapta. A f\u0171r\u00e9sz\u00e1rut R\u00e9genbe sz\u00e1ll\u00edtotta, de a vas\u00fat meg\u00e9p\u00edt\u00e9se ut\u00e1n D\u00e9d\u00e1ra telep\u00edtette (1905\u2013). Saj\u00e1t 15 km-es vasutat is \u00e9p\u00edtett, de t\u0171zv\u00e9sz puszt\u00edtotta el a gy\u00e1rat, abbahagyta m\u0171k\u00f6d\u00e9s\u00e9t (1907\u2013). A romos telep a b\u00e9csi Grassl birtok\u00e1ba jutott, aki l\u00e9trehozta a G\u00f6demesterh\u00e1za \u00e9s Grassel Dom\u00e9nium R. T.-ot, majd Bangra n\u00e9ven \u00fajj\u00e1\u00e9p\u00edtette a gy\u00e1rat is. A Schwartz Mendel ut\u00f3dai sz\u00e1szr\u00e9geni \u00fczem (alap\u00edt\u00e1sa 1872) mellett m\u00e9g m\u0171k\u00f6dtetett r\u00e9szlegeket Marosh\u00e9v\u00edzen, Gyergy\u00f3szentmikl\u00f3son, Cs\u00edkszered\u00e1ban. A v\u00e1llalatnak 3 keretes f\u0171r\u00e9szgy\u00e1ra, hengerm\u0171malma volt (1926\u2013), ezenk\u00edv\u00fcl foglalkozott fakitermel\u00e9ssel. V\u00edzf\u0171r\u00e9szgy\u00e1r, hengerm\u0171malom-tulajdonos Magyarr\u00e9genben (1944-ig), fakeresked\u00e9se volt Mv.-en Schwartz Mendel \u00e9s T\u00e1rsa n\u00e9ven (1905-ben jegyezt\u00e9k be), volt m\u00e9g f\u0171szer, gyarmat\u00e1r\u00fa \u00e9s term\u00e9ny nagykeresked\u00e9se. \u00d6t k\u00f6zs\u00e9gben volt birtoka, 11\u00a0125 hold. Birtokai legnagyobb r\u00e9sz\u00e9t (96,89 %) kisaj\u00e1t\u00edtotta a rom\u00e1n \u00e1llam az imp\u00e9rium v\u00e1ltoz\u00e1s ut\u00e1n, a f\u00f6ldreformmal (1921). Mv.-r\u0151l a feles\u00e9g\u00e9vel (1886) egy\u00fctt deport\u00e1lt\u00e1k (1944. m\u00e1j. 29.). <br \/><strong>Irod.:<\/strong> B\u00edr\u00f3 Don\u00e1t; EBKL; Id\u0151t\u00e1r 2; K\u00e1d\u00e1r\u2013P\u00e1l-Antal; Lunca Bradului; Mv. zsid\u00f3s\u00e1ga; Pan\u0103; Popa; Szter\u00e9nyi.<\/br><\/p>\n","protected":false},"excerpt":{"rendered":"<p>1889., \u2020?: malom- \u00e9s f\u0171r\u00e9sz\u00fczem tulajdonos, v\u00e1llalkoz\u00f3. \u2013 Palotailv\u00e1n 6 g\u00e1teres f\u0171r\u00e9sz\u00fczemet l\u00e9tes\u00edtett (1895\u201396), az \u00fat meg\u00e9p\u00edt\u00e9se ut\u00e1n (1880\u201385), amely a nyersanyagot br. B\u00e1nffy erdeib\u0151l kapta. A f\u0171r\u00e9sz\u00e1rut R\u00e9genbe sz\u00e1ll\u00edtotta, de a vas\u00fat meg\u00e9p\u00edt\u00e9se ut\u00e1n D\u00e9d\u00e1ra telep\u00edtette (1905\u2013). Saj\u00e1t 15 km-es vasutat is \u00e9p\u00edtett, de t\u0171zv\u00e9sz puszt\u00edtotta el a gy\u00e1rat, abbahagyta m\u0171k\u00f6d\u00e9s\u00e9t (1907\u2013). A romos [&hellip;]<\/p>\n","protected":false},"featured_media":0,"comment_status":"open","ping_status":"closed","template":"","meta":[],"product_brand":[],"product_cat":[137],"product_tag":[],"class_list":{"0":"post-20095","1":"product","2":"type-product","3":"status-publish","5":"product_cat-maros-megyei-eletrajzi-lexikon","7":"first","8":"instock","9":"shipping-taxable","10":"product-type-simple"},"_links":{"self":[{"href":"https:\/\/uj.adatbank.ro\/lexikon\/wp-json\/wp\/v2\/product\/20095","targetHints":{"allow":["GET"]}}],"collection":[{"href":"https:\/\/uj.adatbank.ro\/lexikon\/wp-json\/wp\/v2\/product"}],"about":[{"href":"https:\/\/uj.adatbank.ro\/lexikon\/wp-json\/wp\/v2\/types\/product"}],"replies":[{"embeddable":true,"href":"https:\/\/uj.adatbank.ro\/lexikon\/wp-json\/wp\/v2\/comments?post=20095"}],"wp:attachment":[{"href":"https:\/\/uj.adatbank.ro\/lexikon\/wp-json\/wp\/v2\/media?parent=20095"}],"wp:term":[{"taxonomy":"product_brand","embeddable":true,"href":"https:\/\/uj.adatbank.ro\/lexikon\/wp-json\/wp\/v2\/product_brand?post=20095"},{"taxonomy":"product_cat","embeddable":true,"href":"https:\/\/uj.adatbank.ro\/lexikon\/wp-json\/wp\/v2\/product_cat?post=20095"},{"taxonomy":"product_tag","embeddable":true,"href":"https:\/\/uj.adatbank.ro\/lexikon\/wp-json\/wp\/v2\/product_tag?post=20095"}],"curies":[{"name":"wp","href":"https:\/\/api.w.org\/{rel}","templated":true}]}}