{"id":20096,"date":"2025-07-22T18:36:24","date_gmt":"2025-07-22T16:36:24","guid":{"rendered":"https:\/\/uj.adatbank.ro\/lexikon\/termek\/schwartz-mor-schwarz-mor\/"},"modified":"2025-07-22T18:36:24","modified_gmt":"2025-07-22T16:36:24","slug":"schwartz-mor-schwarz-mor","status":"publish","type":"product","link":"https:\/\/uj.adatbank.ro\/lexikon\/termek\/schwartz-mor-schwarz-mor\/","title":{"rendered":"SCHWARTZ M\u00f3r, Schwarz M\u00f3r"},"content":{"rendered":"<p>1861., \u2020 Mv., 1908. \u00e1pr. 29.: orvos, dr. Schwartz Herman \u00e9s Gr\u00fcnfeld \u00c9va (1839? \u2013 Mv., 1913. nov. 5.) fia. Testv\u00e9rei: Sch. Hel\u00e9n Sch. Ign\u00e1cn\u00e9; Fekete Bern\u00e1t, feles\u00e9ge Hochdorf Zs\u00f3fia; Fekete Izs\u00e1k, feles\u00e9ge Rosenfeld Ir\u00e9n. \u2013 Mv.-en a Ref. koll.-ban \u00e9retts\u00e9gizett. Bp.-en kapott orvosi diplom\u00e1t a TE orvosi kar\u00e1n (1893). Gy\u00f3gyszert\u00e1rat vezetett \u00d3gyal\u00e1n (1903\u20131908). A zsid\u00f3 di\u00e1kseg\u00e9ly-szervezet eln\u00f6ke volt (1905-ben bek\u00f6vetkezett hal\u00e1l\u00e1ig). T\u00e1mogatta a mv.-i V\u00e1rtemplom restaur\u00e1l\u00e1s\u00e1t 100 koron\u00e1val (1906). Tagja volt az els\u0151 mv.-i orvosi \u00e9s gy\u00f3gyszer\u00e9szeti becs\u00fcletb\u00edr\u00f3s\u00e1gnak, melynek eln\u00f6ke dr. Agyag\u00e1si K\u00e1roly (1907). T\u00f6rv\u00e9nysz\u00e9ki orvos. A Bethlen G\u00e1bor Szabadk\u0151m\u0171ves p\u00e1holy tagja. Csak 47 \u00e9vet \u00e9lt. Eml\u00e9k\u00e9re a bar\u00e1tok \u00e9s tisztel\u0151i 4000 koron\u00e1s \u00e1gyalap\u00edtv\u00e1nyt tettek a v\u00e1rosi aggmenh\u00e1z jav\u00e1ra. <br \/><strong>Irod.:<\/strong> Gy\u00e1szjelent\u0151; Kiss Cs. M.3.<\/br><\/p>\n","protected":false},"excerpt":{"rendered":"<p>1861., \u2020 Mv., 1908. \u00e1pr. 29.: orvos, dr. Schwartz Herman \u00e9s Gr\u00fcnfeld \u00c9va (1839? \u2013 Mv., 1913. nov. 5.) fia. Testv\u00e9rei: Sch. Hel\u00e9n Sch. Ign\u00e1cn\u00e9; Fekete Bern\u00e1t, feles\u00e9ge Hochdorf Zs\u00f3fia; Fekete Izs\u00e1k, feles\u00e9ge Rosenfeld Ir\u00e9n. \u2013 Mv.-en a Ref. koll.-ban \u00e9retts\u00e9gizett. Bp.-en kapott orvosi diplom\u00e1t a TE orvosi kar\u00e1n (1893). Gy\u00f3gyszert\u00e1rat vezetett \u00d3gyal\u00e1n (1903\u20131908). A [&hellip;]<\/p>\n","protected":false},"featured_media":0,"comment_status":"open","ping_status":"closed","template":"","meta":[],"product_brand":[],"product_cat":[137],"product_tag":[],"class_list":{"0":"post-20096","1":"product","2":"type-product","3":"status-publish","5":"product_cat-maros-megyei-eletrajzi-lexikon","7":"first","8":"instock","9":"shipping-taxable","10":"product-type-simple"},"_links":{"self":[{"href":"https:\/\/uj.adatbank.ro\/lexikon\/wp-json\/wp\/v2\/product\/20096","targetHints":{"allow":["GET"]}}],"collection":[{"href":"https:\/\/uj.adatbank.ro\/lexikon\/wp-json\/wp\/v2\/product"}],"about":[{"href":"https:\/\/uj.adatbank.ro\/lexikon\/wp-json\/wp\/v2\/types\/product"}],"replies":[{"embeddable":true,"href":"https:\/\/uj.adatbank.ro\/lexikon\/wp-json\/wp\/v2\/comments?post=20096"}],"wp:attachment":[{"href":"https:\/\/uj.adatbank.ro\/lexikon\/wp-json\/wp\/v2\/media?parent=20096"}],"wp:term":[{"taxonomy":"product_brand","embeddable":true,"href":"https:\/\/uj.adatbank.ro\/lexikon\/wp-json\/wp\/v2\/product_brand?post=20096"},{"taxonomy":"product_cat","embeddable":true,"href":"https:\/\/uj.adatbank.ro\/lexikon\/wp-json\/wp\/v2\/product_cat?post=20096"},{"taxonomy":"product_tag","embeddable":true,"href":"https:\/\/uj.adatbank.ro\/lexikon\/wp-json\/wp\/v2\/product_tag?post=20096"}],"curies":[{"name":"wp","href":"https:\/\/api.w.org\/{rel}","templated":true}]}}