{"id":20098,"date":"2025-07-22T18:36:29","date_gmt":"2025-07-22T16:36:29","guid":{"rendered":"https:\/\/uj.adatbank.ro\/lexikon\/termek\/schwartz-simon-schwarz\/"},"modified":"2025-07-22T18:36:29","modified_gmt":"2025-07-22T16:36:29","slug":"schwartz-simon-schwarz","status":"publish","type":"product","link":"https:\/\/uj.adatbank.ro\/lexikon\/termek\/schwartz-simon-schwarz\/","title":{"rendered":"SCHWARTZ Simon, Schwarz"},"content":{"rendered":"<p>? \u2020\u00a01764?: gy\u00f3gyszer\u00e9sz. \u2013 Feles\u00e9ge: Karantsi Borb\u00e1la. \u2013 Az els\u0151 mv.-i v\u00e1rosi patika (1733\u201350) tulajdonosa vagy b\u00e9rl\u0151je, aki kiv\u00e1lts\u00e1got nyert \u00e9s mint telektulajdonos is mentes\u00fclt minden ad\u00f3fizet\u00e9s al\u00f3l. H\u00e1za a Kir. T\u00e1bla els\u0151 sz\u00e9kh\u00e1za szomsz\u00e9ds\u00e1g\u00e1ban volt. Eladta a gy\u00f3gyszert\u00e1r\u00e1t Macskin K\u00e1rolynak (1750). Katolikus r\u00e9szr\u0151l mint szen\u00e1tor m\u0171k\u00f6d\u00f6tt a v\u00e1rosi tan\u00e1csban (1748, 1758, 1759, 1760, 1761, 1762, 1764), utcakapit\u00e1ny (1759). Scennegg Domokos gy\u00f3gyszer\u00e9sz arr\u00f3l panaszkodott a Guberniumnak, hogy S. S. egykori gy\u00f3gyszer\u00e9sz a patik\u00e1j\u00e1b\u00f3l felszerel\u00e9st \u00e9s patikaszereket tulajdon\u00edtott el (1755). H\u00e1z\u00e1t Bethlen Lajos vette meg az \u00f6zvegyt\u0151l (1772). <br \/><strong>Irod.:<\/strong> Id\u0151t\u00e1r 1, Kr\u00f3n. F\u00fcz. (1940. 4\/10); Man: Tg. M.; Orb\u00e1n J\u00e1nos: A Kir\u00e1lyi T\u00e1bla els\u0151 k\u00e9t mv.-i sz\u00e9kh\u00e1za = St\u00edlusok, m\u0171vek, mesterek; P\u00e1l-Antal 2006; P\u00e1l-Antal 2009; P\u00e1l Antal S\u00e1ndor: K\u00f6zeg\u00e9szs\u00e9g\u00fcgy \u00e9s szoci\u00e1lis gondoskod\u00e1s a 18\u201319. sz\u00e1zadi Mv.-en (N\u00fa., Sz\u00ednes Vil\u00e1g, 2010. j\u00fan. 12.); P\u00e9ter H. M. 2013; Sz\u00e9kely tud\u00f3sok.<\/br><\/p>\n","protected":false},"excerpt":{"rendered":"<p>? \u2020\u00a01764?: gy\u00f3gyszer\u00e9sz. \u2013 Feles\u00e9ge: Karantsi Borb\u00e1la. \u2013 Az els\u0151 mv.-i v\u00e1rosi patika (1733\u201350) tulajdonosa vagy b\u00e9rl\u0151je, aki kiv\u00e1lts\u00e1got nyert \u00e9s mint telektulajdonos is mentes\u00fclt minden ad\u00f3fizet\u00e9s al\u00f3l. H\u00e1za a Kir. T\u00e1bla els\u0151 sz\u00e9kh\u00e1za szomsz\u00e9ds\u00e1g\u00e1ban volt. Eladta a gy\u00f3gyszert\u00e1r\u00e1t Macskin K\u00e1rolynak (1750). Katolikus r\u00e9szr\u0151l mint szen\u00e1tor m\u0171k\u00f6d\u00f6tt a v\u00e1rosi tan\u00e1csban (1748, 1758, 1759, 1760, 1761, [&hellip;]<\/p>\n","protected":false},"featured_media":0,"comment_status":"open","ping_status":"closed","template":"","meta":[],"product_brand":[],"product_cat":[137],"product_tag":[],"class_list":{"0":"post-20098","1":"product","2":"type-product","3":"status-publish","5":"product_cat-maros-megyei-eletrajzi-lexikon","7":"first","8":"instock","9":"shipping-taxable","10":"product-type-simple"},"_links":{"self":[{"href":"https:\/\/uj.adatbank.ro\/lexikon\/wp-json\/wp\/v2\/product\/20098","targetHints":{"allow":["GET"]}}],"collection":[{"href":"https:\/\/uj.adatbank.ro\/lexikon\/wp-json\/wp\/v2\/product"}],"about":[{"href":"https:\/\/uj.adatbank.ro\/lexikon\/wp-json\/wp\/v2\/types\/product"}],"replies":[{"embeddable":true,"href":"https:\/\/uj.adatbank.ro\/lexikon\/wp-json\/wp\/v2\/comments?post=20098"}],"wp:attachment":[{"href":"https:\/\/uj.adatbank.ro\/lexikon\/wp-json\/wp\/v2\/media?parent=20098"}],"wp:term":[{"taxonomy":"product_brand","embeddable":true,"href":"https:\/\/uj.adatbank.ro\/lexikon\/wp-json\/wp\/v2\/product_brand?post=20098"},{"taxonomy":"product_cat","embeddable":true,"href":"https:\/\/uj.adatbank.ro\/lexikon\/wp-json\/wp\/v2\/product_cat?post=20098"},{"taxonomy":"product_tag","embeddable":true,"href":"https:\/\/uj.adatbank.ro\/lexikon\/wp-json\/wp\/v2\/product_tag?post=20098"}],"curies":[{"name":"wp","href":"https:\/\/api.w.org\/{rel}","templated":true}]}}