{"id":20099,"date":"2025-07-22T18:36:30","date_gmt":"2025-07-22T16:36:30","guid":{"rendered":"https:\/\/uj.adatbank.ro\/lexikon\/termek\/schwartz-testverek\/"},"modified":"2025-07-22T18:36:30","modified_gmt":"2025-07-22T16:36:30","slug":"schwartz-testverek","status":"publish","type":"product","link":"https:\/\/uj.adatbank.ro\/lexikon\/termek\/schwartz-testverek\/","title":{"rendered":"SCHWARTZ testv\u00e9rek"},"content":{"rendered":"<p>Gabonakeresked\u0151, malomtulajdonos \u2013 Term\u00e9nykeresked\u0151 c\u00e9g\u00fck volt Mv.-en. Malmukat a legnagyobb c\u00e9gek k\u00f6z\u00f6tt tartott\u00e1k sz\u00e1mon (1914). <br \/><strong>Irod.:<\/strong> F\u00fcl\u00f6p\u2013Ferencz; Id\u0151t\u00e1r 2; \u00d6kr\u00f6s; Szak\u00e1ts P\u00e9ter: Kereskedelem a gazdas\u00e1g seg\u00edt\u0151je (Mv., 1912).<\/br><\/p>\n","protected":false},"excerpt":{"rendered":"<p>Gabonakeresked\u0151, malomtulajdonos \u2013 Term\u00e9nykeresked\u0151 c\u00e9g\u00fck volt Mv.-en. Malmukat a legnagyobb c\u00e9gek k\u00f6z\u00f6tt tartott\u00e1k sz\u00e1mon (1914). Irod.: F\u00fcl\u00f6p\u2013Ferencz; Id\u0151t\u00e1r 2; \u00d6kr\u00f6s; Szak\u00e1ts P\u00e9ter: Kereskedelem a gazdas\u00e1g seg\u00edt\u0151je (Mv., 1912).<\/p>\n","protected":false},"featured_media":0,"comment_status":"open","ping_status":"closed","template":"","meta":[],"product_brand":[],"product_cat":[137],"product_tag":[],"class_list":{"0":"post-20099","1":"product","2":"type-product","3":"status-publish","5":"product_cat-maros-megyei-eletrajzi-lexikon","7":"first","8":"instock","9":"shipping-taxable","10":"product-type-simple"},"_links":{"self":[{"href":"https:\/\/uj.adatbank.ro\/lexikon\/wp-json\/wp\/v2\/product\/20099","targetHints":{"allow":["GET"]}}],"collection":[{"href":"https:\/\/uj.adatbank.ro\/lexikon\/wp-json\/wp\/v2\/product"}],"about":[{"href":"https:\/\/uj.adatbank.ro\/lexikon\/wp-json\/wp\/v2\/types\/product"}],"replies":[{"embeddable":true,"href":"https:\/\/uj.adatbank.ro\/lexikon\/wp-json\/wp\/v2\/comments?post=20099"}],"wp:attachment":[{"href":"https:\/\/uj.adatbank.ro\/lexikon\/wp-json\/wp\/v2\/media?parent=20099"}],"wp:term":[{"taxonomy":"product_brand","embeddable":true,"href":"https:\/\/uj.adatbank.ro\/lexikon\/wp-json\/wp\/v2\/product_brand?post=20099"},{"taxonomy":"product_cat","embeddable":true,"href":"https:\/\/uj.adatbank.ro\/lexikon\/wp-json\/wp\/v2\/product_cat?post=20099"},{"taxonomy":"product_tag","embeddable":true,"href":"https:\/\/uj.adatbank.ro\/lexikon\/wp-json\/wp\/v2\/product_tag?post=20099"}],"curies":[{"name":"wp","href":"https:\/\/api.w.org\/{rel}","templated":true}]}}