{"id":20100,"date":"2025-07-22T18:36:31","date_gmt":"2025-07-22T16:36:31","guid":{"rendered":"https:\/\/uj.adatbank.ro\/lexikon\/termek\/schwarz-karoly\/"},"modified":"2025-07-22T18:36:31","modified_gmt":"2025-07-22T16:36:31","slug":"schwarz-karoly","status":"publish","type":"product","link":"https:\/\/uj.adatbank.ro\/lexikon\/termek\/schwarz-karoly\/","title":{"rendered":"SCHWARZ K\u00e1roly"},"content":{"rendered":"<p>Nagyszeben, 1817. febr. 3., \u2020 Holcm\u00e1ny, 1874, jan. 11: \u00e1g. ev. lelk\u00e9sz. \u2013 Tanult a szebeni ev. gimn\u00e1ziumban \u00e9s a berlini egyetemen (1837\u2013). Az 50-es \u00e9vekben tan\u00e1r lett a nagyszebeni \u00c1g. Ev. Gimn\u00e1ziumban; lelk\u00e9sz Kundon (Kis-K\u00fck\u00fcll\u0151m.) (1862\u201371), ahonnan Holcm\u00e1nyba ment szint\u00e9n lelk\u00e9sznek (1871\u2013). T\u00f6bb \u00e9vig (\u20131855) titk\u00e1ra volt az Erd\u00e9lyi Honismertet\u0151 T\u00e1rsulatnak. Cikkei a nagyszebeni \u00e1g. ev. f\u0151gymnasium Programmj\u00e1ban; az Archiv f\u00fcr Landeskundeban; a Siebenb. Quartalschriftben. \u2013 <strong>F. m.<\/strong>: Amtshandbuch f\u00fcr die evang. Pfarrer A. B. in Siebenb\u00fcrgen. (Hermannstadt, 1866.); <strong>K\u00e9ziratban:<\/strong> Acta Synodalia, k\u00e9t k\u00f6tet, a nagyszebeni v\u00e1rosi lev\u00e9lt\u00e1rban. <br \/><strong>Irod.:<\/strong> Szinnyei.<\/br><\/p>\n","protected":false},"excerpt":{"rendered":"<p>Nagyszeben, 1817. febr. 3., \u2020 Holcm\u00e1ny, 1874, jan. 11: \u00e1g. ev. lelk\u00e9sz. \u2013 Tanult a szebeni ev. gimn\u00e1ziumban \u00e9s a berlini egyetemen (1837\u2013). Az 50-es \u00e9vekben tan\u00e1r lett a nagyszebeni \u00c1g. Ev. Gimn\u00e1ziumban; lelk\u00e9sz Kundon (Kis-K\u00fck\u00fcll\u0151m.) (1862\u201371), ahonnan Holcm\u00e1nyba ment szint\u00e9n lelk\u00e9sznek (1871\u2013). T\u00f6bb \u00e9vig (\u20131855) titk\u00e1ra volt az Erd\u00e9lyi Honismertet\u0151 T\u00e1rsulatnak. Cikkei a nagyszebeni [&hellip;]<\/p>\n","protected":false},"featured_media":0,"comment_status":"open","ping_status":"closed","template":"","meta":[],"product_brand":[],"product_cat":[137],"product_tag":[],"class_list":{"0":"post-20100","1":"product","2":"type-product","3":"status-publish","5":"product_cat-maros-megyei-eletrajzi-lexikon","7":"first","8":"instock","9":"shipping-taxable","10":"product-type-simple"},"_links":{"self":[{"href":"https:\/\/uj.adatbank.ro\/lexikon\/wp-json\/wp\/v2\/product\/20100","targetHints":{"allow":["GET"]}}],"collection":[{"href":"https:\/\/uj.adatbank.ro\/lexikon\/wp-json\/wp\/v2\/product"}],"about":[{"href":"https:\/\/uj.adatbank.ro\/lexikon\/wp-json\/wp\/v2\/types\/product"}],"replies":[{"embeddable":true,"href":"https:\/\/uj.adatbank.ro\/lexikon\/wp-json\/wp\/v2\/comments?post=20100"}],"wp:attachment":[{"href":"https:\/\/uj.adatbank.ro\/lexikon\/wp-json\/wp\/v2\/media?parent=20100"}],"wp:term":[{"taxonomy":"product_brand","embeddable":true,"href":"https:\/\/uj.adatbank.ro\/lexikon\/wp-json\/wp\/v2\/product_brand?post=20100"},{"taxonomy":"product_cat","embeddable":true,"href":"https:\/\/uj.adatbank.ro\/lexikon\/wp-json\/wp\/v2\/product_cat?post=20100"},{"taxonomy":"product_tag","embeddable":true,"href":"https:\/\/uj.adatbank.ro\/lexikon\/wp-json\/wp\/v2\/product_tag?post=20100"}],"curies":[{"name":"wp","href":"https:\/\/api.w.org\/{rel}","templated":true}]}}