{"id":20103,"date":"2025-07-22T18:36:36","date_gmt":"2025-07-22T16:36:36","guid":{"rendered":"https:\/\/uj.adatbank.ro\/lexikon\/termek\/schwarz-simon\/"},"modified":"2025-07-22T18:36:36","modified_gmt":"2025-07-22T16:36:36","slug":"schwarz-simon","status":"publish","type":"product","link":"https:\/\/uj.adatbank.ro\/lexikon\/termek\/schwarz-simon\/","title":{"rendered":"SCHWARZ Simon"},"content":{"rendered":"<p>? \u2020?: tat\u00e1rlaki (Kis-K\u00fck\u00fcll\u0151megye) sz\u00e1rmaz\u00e1s\u00fa. \u2013 \u00dcdv\u00f6zl\u0151 verseket \u00edrt: Supremum In Philosophiam Lauream&#8230; (Wittenbergae, 1682) \u00e9s Syncharmata&#8230; (Wittenbergae, 1683). c. munk\u00e1kba. <br \/><strong>Irod.:<\/strong> Szinnyei<\/br><\/p>\n","protected":false},"excerpt":{"rendered":"<p>? \u2020?: tat\u00e1rlaki (Kis-K\u00fck\u00fcll\u0151megye) sz\u00e1rmaz\u00e1s\u00fa. \u2013 \u00dcdv\u00f6zl\u0151 verseket \u00edrt: Supremum In Philosophiam Lauream&#8230; (Wittenbergae, 1682) \u00e9s Syncharmata&#8230; (Wittenbergae, 1683). c. munk\u00e1kba. Irod.: Szinnyei<\/p>\n","protected":false},"featured_media":0,"comment_status":"open","ping_status":"closed","template":"","meta":[],"product_brand":[],"product_cat":[137],"product_tag":[],"class_list":{"0":"post-20103","1":"product","2":"type-product","3":"status-publish","5":"product_cat-maros-megyei-eletrajzi-lexikon","7":"first","8":"instock","9":"shipping-taxable","10":"product-type-simple"},"_links":{"self":[{"href":"https:\/\/uj.adatbank.ro\/lexikon\/wp-json\/wp\/v2\/product\/20103","targetHints":{"allow":["GET"]}}],"collection":[{"href":"https:\/\/uj.adatbank.ro\/lexikon\/wp-json\/wp\/v2\/product"}],"about":[{"href":"https:\/\/uj.adatbank.ro\/lexikon\/wp-json\/wp\/v2\/types\/product"}],"replies":[{"embeddable":true,"href":"https:\/\/uj.adatbank.ro\/lexikon\/wp-json\/wp\/v2\/comments?post=20103"}],"wp:attachment":[{"href":"https:\/\/uj.adatbank.ro\/lexikon\/wp-json\/wp\/v2\/media?parent=20103"}],"wp:term":[{"taxonomy":"product_brand","embeddable":true,"href":"https:\/\/uj.adatbank.ro\/lexikon\/wp-json\/wp\/v2\/product_brand?post=20103"},{"taxonomy":"product_cat","embeddable":true,"href":"https:\/\/uj.adatbank.ro\/lexikon\/wp-json\/wp\/v2\/product_cat?post=20103"},{"taxonomy":"product_tag","embeddable":true,"href":"https:\/\/uj.adatbank.ro\/lexikon\/wp-json\/wp\/v2\/product_tag?post=20103"}],"curies":[{"name":"wp","href":"https:\/\/api.w.org\/{rel}","templated":true}]}}