{"id":20104,"date":"2025-07-22T18:36:38","date_gmt":"2025-07-22T16:36:38","guid":{"rendered":"https:\/\/uj.adatbank.ro\/lexikon\/termek\/schwarz-simon-2\/"},"modified":"2025-07-22T18:36:38","modified_gmt":"2025-07-22T16:36:38","slug":"schwarz-simon-2","status":"publish","type":"product","link":"https:\/\/uj.adatbank.ro\/lexikon\/termek\/schwarz-simon-2\/","title":{"rendered":"SCHWARZ Simon"},"content":{"rendered":"<p>? \u2020?: gy\u00f3gyszer\u00e9sz. \u2013 Mv.-en megnyitotta az els\u0151 gy\u00f3gyszert\u00e1rat (1733) \u00e9s m\u0171k\u00f6dtette (1750-ig), amikor eladta macskin K\u00e1roly gy\u00f3gyszer\u00e9sznek. V\u00e1rosi tan\u00e1csos (1748\u2013) hal\u00e1l\u00e1ig. Bayer J\u00f3zsef nagyszebeni patikus vette \u00e1t a gy\u00f3gyszert\u00e1rat (elhunyt 1754). Tov\u00e1bb m\u0171k\u00f6dtette a gy\u00f3gyszert\u00e1rat Schenneg Domokos elk\u00f6lt\u00f6z\u00e9s\u00e9ig (1765\u2013). A kolozsv\u00e1ri Mauksch J\u00e1nos m\u0171k\u00f6dtette tov\u00e1bb (1763 hal\u00e1l\u00e1ig, 1777-ig). <br \/><strong>Irod.:<\/strong> P\u00e1l-Antal 2023.<\/br><\/p>\n","protected":false},"excerpt":{"rendered":"<p>? \u2020?: gy\u00f3gyszer\u00e9sz. \u2013 Mv.-en megnyitotta az els\u0151 gy\u00f3gyszert\u00e1rat (1733) \u00e9s m\u0171k\u00f6dtette (1750-ig), amikor eladta macskin K\u00e1roly gy\u00f3gyszer\u00e9sznek. V\u00e1rosi tan\u00e1csos (1748\u2013) hal\u00e1l\u00e1ig. Bayer J\u00f3zsef nagyszebeni patikus vette \u00e1t a gy\u00f3gyszert\u00e1rat (elhunyt 1754). Tov\u00e1bb m\u0171k\u00f6dtette a gy\u00f3gyszert\u00e1rat Schenneg Domokos elk\u00f6lt\u00f6z\u00e9s\u00e9ig (1765\u2013). A kolozsv\u00e1ri Mauksch J\u00e1nos m\u0171k\u00f6dtette tov\u00e1bb (1763 hal\u00e1l\u00e1ig, 1777-ig). Irod.: P\u00e1l-Antal 2023.<\/p>\n","protected":false},"featured_media":0,"comment_status":"open","ping_status":"closed","template":"","meta":[],"product_brand":[],"product_cat":[137],"product_tag":[],"class_list":{"0":"post-20104","1":"product","2":"type-product","3":"status-publish","5":"product_cat-maros-megyei-eletrajzi-lexikon","7":"first","8":"instock","9":"shipping-taxable","10":"product-type-simple"},"_links":{"self":[{"href":"https:\/\/uj.adatbank.ro\/lexikon\/wp-json\/wp\/v2\/product\/20104","targetHints":{"allow":["GET"]}}],"collection":[{"href":"https:\/\/uj.adatbank.ro\/lexikon\/wp-json\/wp\/v2\/product"}],"about":[{"href":"https:\/\/uj.adatbank.ro\/lexikon\/wp-json\/wp\/v2\/types\/product"}],"replies":[{"embeddable":true,"href":"https:\/\/uj.adatbank.ro\/lexikon\/wp-json\/wp\/v2\/comments?post=20104"}],"wp:attachment":[{"href":"https:\/\/uj.adatbank.ro\/lexikon\/wp-json\/wp\/v2\/media?parent=20104"}],"wp:term":[{"taxonomy":"product_brand","embeddable":true,"href":"https:\/\/uj.adatbank.ro\/lexikon\/wp-json\/wp\/v2\/product_brand?post=20104"},{"taxonomy":"product_cat","embeddable":true,"href":"https:\/\/uj.adatbank.ro\/lexikon\/wp-json\/wp\/v2\/product_cat?post=20104"},{"taxonomy":"product_tag","embeddable":true,"href":"https:\/\/uj.adatbank.ro\/lexikon\/wp-json\/wp\/v2\/product_tag?post=20104"}],"curies":[{"name":"wp","href":"https:\/\/api.w.org\/{rel}","templated":true}]}}