{"id":20107,"date":"2025-07-22T18:36:43","date_gmt":"2025-07-22T16:36:43","guid":{"rendered":"https:\/\/uj.adatbank.ro\/lexikon\/termek\/schweitzer-adolf\/"},"modified":"2025-07-22T18:36:43","modified_gmt":"2025-07-22T16:36:43","slug":"schweitzer-adolf","status":"publish","type":"product","link":"https:\/\/uj.adatbank.ro\/lexikon\/termek\/schweitzer-adolf\/","title":{"rendered":"SCHWEITZER Adolf"},"content":{"rendered":"<p>? \u2020?: v\u00e1llalkoz\u00f3, vend\u00e9gl\u0151s. \u2013 Megnyitotta az \u00e1talak\u00edtott, t\u00e9li kerttel \u00e9s sz\u00e9kely szob\u00e1val b\u0151v\u00edtett Transsylv\u00e1nia sz\u00e1llod\u00e1t, \u00e9ttermet \u00e9s k\u00e1v\u00e9h\u00e1zat (1910). \u00d6zv. Ugron G\u00e1born\u00e9 pert ind\u00edtott ellene, aki t\u0151le b\u00e9relte az ingatlant (1907\u201319), mert elhanyagolta az \u00e9p\u00fcletet, holott erre szerz\u0151d\u00e9s k\u00f6telezte, a b\u00edr\u00f3s\u00e1g elmarasztalta \u00e9s 130 ezer koron\u00e1s k\u00e1rt\u00e9r\u00edt\u00e9sre \u00edt\u00e9lte (1919). K\u00e9s\u0151bb a Corso k\u00e1v\u00e9h\u00e1zat b\u00e9relte. F\u00e9lsz\u00e1zados vend\u00e9gl\u0151si tev\u00e9kenys\u00e9g\u00e9t meg\u00fcnnepelte a v\u00e1ros, kb. 160 megh\u00edvott volt jelen (1926). A Vend\u00e9gl\u0151s\u00f6k Sz\u00f6vets\u00e9g\u00e9nek eln\u00f6ke volt (\u20131929). <br \/><strong>Irod.:<\/strong> Bern\u00e1dy; Id\u0151t\u00e1r 2, Id\u0151t\u00e1r 3; Szentgy\u00f6rgyi.<\/br><\/p>\n","protected":false},"excerpt":{"rendered":"<p>? \u2020?: v\u00e1llalkoz\u00f3, vend\u00e9gl\u0151s. \u2013 Megnyitotta az \u00e1talak\u00edtott, t\u00e9li kerttel \u00e9s sz\u00e9kely szob\u00e1val b\u0151v\u00edtett Transsylv\u00e1nia sz\u00e1llod\u00e1t, \u00e9ttermet \u00e9s k\u00e1v\u00e9h\u00e1zat (1910). \u00d6zv. Ugron G\u00e1born\u00e9 pert ind\u00edtott ellene, aki t\u0151le b\u00e9relte az ingatlant (1907\u201319), mert elhanyagolta az \u00e9p\u00fcletet, holott erre szerz\u0151d\u00e9s k\u00f6telezte, a b\u00edr\u00f3s\u00e1g elmarasztalta \u00e9s 130 ezer koron\u00e1s k\u00e1rt\u00e9r\u00edt\u00e9sre \u00edt\u00e9lte (1919). K\u00e9s\u0151bb a Corso k\u00e1v\u00e9h\u00e1zat b\u00e9relte. [&hellip;]<\/p>\n","protected":false},"featured_media":0,"comment_status":"open","ping_status":"closed","template":"","meta":[],"product_brand":[],"product_cat":[137],"product_tag":[],"class_list":{"0":"post-20107","1":"product","2":"type-product","3":"status-publish","5":"product_cat-maros-megyei-eletrajzi-lexikon","7":"first","8":"instock","9":"shipping-taxable","10":"product-type-simple"},"_links":{"self":[{"href":"https:\/\/uj.adatbank.ro\/lexikon\/wp-json\/wp\/v2\/product\/20107","targetHints":{"allow":["GET"]}}],"collection":[{"href":"https:\/\/uj.adatbank.ro\/lexikon\/wp-json\/wp\/v2\/product"}],"about":[{"href":"https:\/\/uj.adatbank.ro\/lexikon\/wp-json\/wp\/v2\/types\/product"}],"replies":[{"embeddable":true,"href":"https:\/\/uj.adatbank.ro\/lexikon\/wp-json\/wp\/v2\/comments?post=20107"}],"wp:attachment":[{"href":"https:\/\/uj.adatbank.ro\/lexikon\/wp-json\/wp\/v2\/media?parent=20107"}],"wp:term":[{"taxonomy":"product_brand","embeddable":true,"href":"https:\/\/uj.adatbank.ro\/lexikon\/wp-json\/wp\/v2\/product_brand?post=20107"},{"taxonomy":"product_cat","embeddable":true,"href":"https:\/\/uj.adatbank.ro\/lexikon\/wp-json\/wp\/v2\/product_cat?post=20107"},{"taxonomy":"product_tag","embeddable":true,"href":"https:\/\/uj.adatbank.ro\/lexikon\/wp-json\/wp\/v2\/product_tag?post=20107"}],"curies":[{"name":"wp","href":"https:\/\/api.w.org\/{rel}","templated":true}]}}