{"id":20108,"date":"2025-07-22T18:36:47","date_gmt":"2025-07-22T16:36:47","guid":{"rendered":"https:\/\/uj.adatbank.ro\/lexikon\/termek\/schweitzer-janos\/"},"modified":"2025-07-22T18:36:47","modified_gmt":"2025-07-22T16:36:47","slug":"schweitzer-janos","status":"publish","type":"product","link":"https:\/\/uj.adatbank.ro\/lexikon\/termek\/schweitzer-janos\/","title":{"rendered":"SCHWEITZER J\u00e1nos"},"content":{"rendered":"<p>? \u2020?: \u00fczemtulajdonos. \u2013 Mv.-en doboz k\u00e9sz\u00edt\u0151 \u00fczem tulajdonosa. Az I. vh.-ban az 5.\/ 38 h. t\u00fcz\u00e9rezredhez ker\u00fclt (1914. aug. \u2013 1918. nov.). Az orosz harct\u00e9ren volt szakaszparancsnok. Megsebes\u00fclt, hadirokkant. <strong>Kit\u00fcntet\u00e9sei:<\/strong> III. oszt. katonai \u00e9rdemkereszt kardokkal, K\u00e1roly cs. k. seb. \u00e9rem. <br \/><strong>Irod.:<\/strong> M. hadviselt zsid\u00f3k.<\/br><\/p>\n","protected":false},"excerpt":{"rendered":"<p>? \u2020?: \u00fczemtulajdonos. \u2013 Mv.-en doboz k\u00e9sz\u00edt\u0151 \u00fczem tulajdonosa. Az I. vh.-ban az 5.\/ 38 h. t\u00fcz\u00e9rezredhez ker\u00fclt (1914. aug. \u2013 1918. nov.). Az orosz harct\u00e9ren volt szakaszparancsnok. Megsebes\u00fclt, hadirokkant. Kit\u00fcntet\u00e9sei: III. oszt. katonai \u00e9rdemkereszt kardokkal, K\u00e1roly cs. k. seb. \u00e9rem. Irod.: M. hadviselt zsid\u00f3k.<\/p>\n","protected":false},"featured_media":0,"comment_status":"open","ping_status":"closed","template":"","meta":[],"product_brand":[],"product_cat":[137],"product_tag":[],"class_list":{"0":"post-20108","1":"product","2":"type-product","3":"status-publish","5":"product_cat-maros-megyei-eletrajzi-lexikon","7":"first","8":"instock","9":"shipping-taxable","10":"product-type-simple"},"_links":{"self":[{"href":"https:\/\/uj.adatbank.ro\/lexikon\/wp-json\/wp\/v2\/product\/20108","targetHints":{"allow":["GET"]}}],"collection":[{"href":"https:\/\/uj.adatbank.ro\/lexikon\/wp-json\/wp\/v2\/product"}],"about":[{"href":"https:\/\/uj.adatbank.ro\/lexikon\/wp-json\/wp\/v2\/types\/product"}],"replies":[{"embeddable":true,"href":"https:\/\/uj.adatbank.ro\/lexikon\/wp-json\/wp\/v2\/comments?post=20108"}],"wp:attachment":[{"href":"https:\/\/uj.adatbank.ro\/lexikon\/wp-json\/wp\/v2\/media?parent=20108"}],"wp:term":[{"taxonomy":"product_brand","embeddable":true,"href":"https:\/\/uj.adatbank.ro\/lexikon\/wp-json\/wp\/v2\/product_brand?post=20108"},{"taxonomy":"product_cat","embeddable":true,"href":"https:\/\/uj.adatbank.ro\/lexikon\/wp-json\/wp\/v2\/product_cat?post=20108"},{"taxonomy":"product_tag","embeddable":true,"href":"https:\/\/uj.adatbank.ro\/lexikon\/wp-json\/wp\/v2\/product_tag?post=20108"}],"curies":[{"name":"wp","href":"https:\/\/api.w.org\/{rel}","templated":true}]}}