{"id":20109,"date":"2025-07-22T18:36:50","date_gmt":"2025-07-22T16:36:50","guid":{"rendered":"https:\/\/uj.adatbank.ro\/lexikon\/termek\/schwetz-vilmos\/"},"modified":"2025-07-22T18:36:50","modified_gmt":"2025-07-22T16:36:50","slug":"schwetz-vilmos","status":"publish","type":"product","link":"https:\/\/uj.adatbank.ro\/lexikon\/termek\/schwetz-vilmos\/","title":{"rendered":"SCHWETZ Vilmos"},"content":{"rendered":"<p>? \u2020?: kir. tanfel\u00fcgyel\u0151 Kis-K\u00fck\u00fcll\u0151n. \u2013 Cikkei a N\u00e9ptan\u00edt\u00f3k Lapj\u00e1ban. \u2013 <strong>F. m.<\/strong>: Sz\u00e1mvet\u00e9si p\u00e9ldat\u00e1r az elemi n\u00e9piskol\u00e1k II\u2013VI. oszt\u00e1lyai sz\u00e1m\u00e1ra. (Bp., 1894). N\u00e9gy k\u00f6tet. (Lengyel S\u00e1ndorral egy\u00fctt. II\u2013VI. 2. kiad\u00e1s. Sz\u00e1mvet\u00e9si feladatt\u00e1r c. (Bp., 1901., 1902.). <br \/><strong>Irod.:<\/strong> Szinnyei.<\/br><\/p>\n","protected":false},"excerpt":{"rendered":"<p>? \u2020?: kir. tanfel\u00fcgyel\u0151 Kis-K\u00fck\u00fcll\u0151n. \u2013 Cikkei a N\u00e9ptan\u00edt\u00f3k Lapj\u00e1ban. \u2013 F. m.: Sz\u00e1mvet\u00e9si p\u00e9ldat\u00e1r az elemi n\u00e9piskol\u00e1k II\u2013VI. oszt\u00e1lyai sz\u00e1m\u00e1ra. (Bp., 1894). N\u00e9gy k\u00f6tet. (Lengyel S\u00e1ndorral egy\u00fctt. II\u2013VI. 2. kiad\u00e1s. Sz\u00e1mvet\u00e9si feladatt\u00e1r c. (Bp., 1901., 1902.). Irod.: Szinnyei.<\/p>\n","protected":false},"featured_media":0,"comment_status":"open","ping_status":"closed","template":"","meta":[],"product_brand":[],"product_cat":[137],"product_tag":[],"class_list":{"0":"post-20109","1":"product","2":"type-product","3":"status-publish","5":"product_cat-maros-megyei-eletrajzi-lexikon","7":"first","8":"instock","9":"shipping-taxable","10":"product-type-simple"},"_links":{"self":[{"href":"https:\/\/uj.adatbank.ro\/lexikon\/wp-json\/wp\/v2\/product\/20109","targetHints":{"allow":["GET"]}}],"collection":[{"href":"https:\/\/uj.adatbank.ro\/lexikon\/wp-json\/wp\/v2\/product"}],"about":[{"href":"https:\/\/uj.adatbank.ro\/lexikon\/wp-json\/wp\/v2\/types\/product"}],"replies":[{"embeddable":true,"href":"https:\/\/uj.adatbank.ro\/lexikon\/wp-json\/wp\/v2\/comments?post=20109"}],"wp:attachment":[{"href":"https:\/\/uj.adatbank.ro\/lexikon\/wp-json\/wp\/v2\/media?parent=20109"}],"wp:term":[{"taxonomy":"product_brand","embeddable":true,"href":"https:\/\/uj.adatbank.ro\/lexikon\/wp-json\/wp\/v2\/product_brand?post=20109"},{"taxonomy":"product_cat","embeddable":true,"href":"https:\/\/uj.adatbank.ro\/lexikon\/wp-json\/wp\/v2\/product_cat?post=20109"},{"taxonomy":"product_tag","embeddable":true,"href":"https:\/\/uj.adatbank.ro\/lexikon\/wp-json\/wp\/v2\/product_tag?post=20109"}],"curies":[{"name":"wp","href":"https:\/\/api.w.org\/{rel}","templated":true}]}}