{"id":2011,"date":"2025-06-28T12:00:58","date_gmt":"2025-06-28T10:00:58","guid":{"rendered":"https:\/\/uj.adatbank.ro\/lexikon\/termek\/balint-ferenc\/"},"modified":"2025-06-28T12:00:58","modified_gmt":"2025-06-28T10:00:58","slug":"balint-ferenc","status":"publish","type":"product","link":"https:\/\/uj.adatbank.ro\/lexikon\/termek\/balint-ferenc\/","title":{"rendered":"B\u00c1LINT Ferenc"},"content":{"rendered":"<p>1893., \u2020\u00a0? : igazgat\u00f3-tan\u00edt\u00f3.- Iskol\u00e1it Mv.-en, Csiksomly\u00f3n v\u00e9gezte. G\u00f6rg\u00e9ny\u00fcvegcs\u0171r\u00f6n tan\u00edtott (1918\u2013), igazgat\u00f3 (1940\u2013). Az els\u0151 vh.-ban a 63. gy. e.-ben az orosz fronton, majd a 22. gy. e.-ben harcolt, mint hadapr\u00f3d\u0151rmester szerelt le. A r. k. Szentkereszt hadsereg vezet\u0151 eln\u00f6ke, az egyh\u00e1ztan\u00e1cs tagja \u00e9s jegyz\u0151je. <br \/><strong>Irod.:<\/strong> Sz\u00e9kelyf\u00f6ld \u00ed. k.<\/br><\/p>\n","protected":false},"excerpt":{"rendered":"<p>1893., \u2020\u00a0? : igazgat\u00f3-tan\u00edt\u00f3.- Iskol\u00e1it Mv.-en, Csiksomly\u00f3n v\u00e9gezte. G\u00f6rg\u00e9ny\u00fcvegcs\u0171r\u00f6n tan\u00edtott (1918\u2013), igazgat\u00f3 (1940\u2013). Az els\u0151 vh.-ban a 63. gy. e.-ben az orosz fronton, majd a 22. gy. e.-ben harcolt, mint hadapr\u00f3d\u0151rmester szerelt le. A r. k. Szentkereszt hadsereg vezet\u0151 eln\u00f6ke, az egyh\u00e1ztan\u00e1cs tagja \u00e9s jegyz\u0151je. Irod.: Sz\u00e9kelyf\u00f6ld \u00ed. k.<\/p>\n","protected":false},"featured_media":0,"comment_status":"open","ping_status":"closed","template":"","meta":[],"product_brand":[],"product_cat":[137],"product_tag":[],"class_list":{"0":"post-2011","1":"product","2":"type-product","3":"status-publish","5":"product_cat-maros-megyei-eletrajzi-lexikon","7":"first","8":"instock","9":"shipping-taxable","10":"product-type-simple"},"_links":{"self":[{"href":"https:\/\/uj.adatbank.ro\/lexikon\/wp-json\/wp\/v2\/product\/2011","targetHints":{"allow":["GET"]}}],"collection":[{"href":"https:\/\/uj.adatbank.ro\/lexikon\/wp-json\/wp\/v2\/product"}],"about":[{"href":"https:\/\/uj.adatbank.ro\/lexikon\/wp-json\/wp\/v2\/types\/product"}],"replies":[{"embeddable":true,"href":"https:\/\/uj.adatbank.ro\/lexikon\/wp-json\/wp\/v2\/comments?post=2011"}],"wp:attachment":[{"href":"https:\/\/uj.adatbank.ro\/lexikon\/wp-json\/wp\/v2\/media?parent=2011"}],"wp:term":[{"taxonomy":"product_brand","embeddable":true,"href":"https:\/\/uj.adatbank.ro\/lexikon\/wp-json\/wp\/v2\/product_brand?post=2011"},{"taxonomy":"product_cat","embeddable":true,"href":"https:\/\/uj.adatbank.ro\/lexikon\/wp-json\/wp\/v2\/product_cat?post=2011"},{"taxonomy":"product_tag","embeddable":true,"href":"https:\/\/uj.adatbank.ro\/lexikon\/wp-json\/wp\/v2\/product_tag?post=2011"}],"curies":[{"name":"wp","href":"https:\/\/api.w.org\/{rel}","templated":true}]}}