{"id":20110,"date":"2025-07-22T18:36:51","date_gmt":"2025-07-22T16:36:51","guid":{"rendered":"https:\/\/uj.adatbank.ro\/lexikon\/termek\/schwimmer-jeno-schwimer-jeno\/"},"modified":"2025-07-22T18:36:51","modified_gmt":"2025-07-22T16:36:51","slug":"schwimmer-jeno-schwimer-jeno","status":"publish","type":"product","link":"https:\/\/uj.adatbank.ro\/lexikon\/termek\/schwimmer-jeno-schwimer-jeno\/","title":{"rendered":"SCHWIMMER Jen\u0151, Schwimer Jen\u0151"},"content":{"rendered":"<p>1903, \u2020?: zsid\u00f3 vezet\u0151. \u2013 A mv.-i \u201en\u00e9gyes tag\u00fa\u201d bizotts\u00e1g tagja a n\u00e9met megsz\u00e1ll\u00e1s alatt. A mv.-i zsid\u00f3tan\u00e1cs tagja (1944). <br \/><strong>Irod.:<\/strong> Mv. zsid\u00f3s\u00e1ga; Sebesty\u00e9n Mih\u00e1ly 2000.<\/br><\/p>\n","protected":false},"excerpt":{"rendered":"<p>1903, \u2020?: zsid\u00f3 vezet\u0151. \u2013 A mv.-i \u201en\u00e9gyes tag\u00fa\u201d bizotts\u00e1g tagja a n\u00e9met megsz\u00e1ll\u00e1s alatt. A mv.-i zsid\u00f3tan\u00e1cs tagja (1944). Irod.: Mv. zsid\u00f3s\u00e1ga; Sebesty\u00e9n Mih\u00e1ly 2000.<\/p>\n","protected":false},"featured_media":0,"comment_status":"open","ping_status":"closed","template":"","meta":[],"product_brand":[],"product_cat":[137],"product_tag":[],"class_list":{"0":"post-20110","1":"product","2":"type-product","3":"status-publish","5":"product_cat-maros-megyei-eletrajzi-lexikon","7":"first","8":"instock","9":"shipping-taxable","10":"product-type-simple"},"_links":{"self":[{"href":"https:\/\/uj.adatbank.ro\/lexikon\/wp-json\/wp\/v2\/product\/20110","targetHints":{"allow":["GET"]}}],"collection":[{"href":"https:\/\/uj.adatbank.ro\/lexikon\/wp-json\/wp\/v2\/product"}],"about":[{"href":"https:\/\/uj.adatbank.ro\/lexikon\/wp-json\/wp\/v2\/types\/product"}],"replies":[{"embeddable":true,"href":"https:\/\/uj.adatbank.ro\/lexikon\/wp-json\/wp\/v2\/comments?post=20110"}],"wp:attachment":[{"href":"https:\/\/uj.adatbank.ro\/lexikon\/wp-json\/wp\/v2\/media?parent=20110"}],"wp:term":[{"taxonomy":"product_brand","embeddable":true,"href":"https:\/\/uj.adatbank.ro\/lexikon\/wp-json\/wp\/v2\/product_brand?post=20110"},{"taxonomy":"product_cat","embeddable":true,"href":"https:\/\/uj.adatbank.ro\/lexikon\/wp-json\/wp\/v2\/product_cat?post=20110"},{"taxonomy":"product_tag","embeddable":true,"href":"https:\/\/uj.adatbank.ro\/lexikon\/wp-json\/wp\/v2\/product_tag?post=20110"}],"curies":[{"name":"wp","href":"https:\/\/api.w.org\/{rel}","templated":true}]}}