{"id":20111,"date":"2025-07-22T18:36:53","date_gmt":"2025-07-22T16:36:53","guid":{"rendered":"https:\/\/uj.adatbank.ro\/lexikon\/termek\/sckadt-johannes\/"},"modified":"2025-07-22T18:36:53","modified_gmt":"2025-07-22T16:36:53","slug":"sckadt-johannes","status":"publish","type":"product","link":"https:\/\/uj.adatbank.ro\/lexikon\/termek\/sckadt-johannes\/","title":{"rendered":"SCKADT Johannes"},"content":{"rendered":"<p>? \u2020?: harang\u00f6nt\u0151. \u2013 A Hodos harangj\u00e1t k\u00e9sz\u00edtette (1660). <br \/><strong>Irod.:<\/strong> D\u00e1vid L\u00e1szl\u00f3: Harangok, harang\u00f6nt\u0151k (Sz\u00e9kelyf\u00f6ld, 1998. \u00e1pr., 4. sz.).<\/br><\/p>\n","protected":false},"excerpt":{"rendered":"<p>? \u2020?: harang\u00f6nt\u0151. \u2013 A Hodos harangj\u00e1t k\u00e9sz\u00edtette (1660). Irod.: D\u00e1vid L\u00e1szl\u00f3: Harangok, harang\u00f6nt\u0151k (Sz\u00e9kelyf\u00f6ld, 1998. \u00e1pr., 4. sz.).<\/p>\n","protected":false},"featured_media":0,"comment_status":"open","ping_status":"closed","template":"","meta":[],"product_brand":[],"product_cat":[137],"product_tag":[],"class_list":{"0":"post-20111","1":"product","2":"type-product","3":"status-publish","5":"product_cat-maros-megyei-eletrajzi-lexikon","7":"first","8":"instock","9":"shipping-taxable","10":"product-type-simple"},"_links":{"self":[{"href":"https:\/\/uj.adatbank.ro\/lexikon\/wp-json\/wp\/v2\/product\/20111","targetHints":{"allow":["GET"]}}],"collection":[{"href":"https:\/\/uj.adatbank.ro\/lexikon\/wp-json\/wp\/v2\/product"}],"about":[{"href":"https:\/\/uj.adatbank.ro\/lexikon\/wp-json\/wp\/v2\/types\/product"}],"replies":[{"embeddable":true,"href":"https:\/\/uj.adatbank.ro\/lexikon\/wp-json\/wp\/v2\/comments?post=20111"}],"wp:attachment":[{"href":"https:\/\/uj.adatbank.ro\/lexikon\/wp-json\/wp\/v2\/media?parent=20111"}],"wp:term":[{"taxonomy":"product_brand","embeddable":true,"href":"https:\/\/uj.adatbank.ro\/lexikon\/wp-json\/wp\/v2\/product_brand?post=20111"},{"taxonomy":"product_cat","embeddable":true,"href":"https:\/\/uj.adatbank.ro\/lexikon\/wp-json\/wp\/v2\/product_cat?post=20111"},{"taxonomy":"product_tag","embeddable":true,"href":"https:\/\/uj.adatbank.ro\/lexikon\/wp-json\/wp\/v2\/product_tag?post=20111"}],"curies":[{"name":"wp","href":"https:\/\/api.w.org\/{rel}","templated":true}]}}