{"id":20112,"date":"2025-07-22T18:36:56","date_gmt":"2025-07-22T16:36:56","guid":{"rendered":"https:\/\/uj.adatbank.ro\/lexikon\/termek\/scridon-baziliu-scridon-vasile\/"},"modified":"2025-07-22T18:36:56","modified_gmt":"2025-07-22T16:36:56","slug":"scridon-baziliu-scridon-vasile","status":"publish","type":"product","link":"https:\/\/uj.adatbank.ro\/lexikon\/termek\/scridon-baziliu-scridon-vasile\/","title":{"rendered":"SCRIDON, Baziliu, Scridon Vasile"},"content":{"rendered":"<p>? \u2020?: g. kat. pap, tan\u00edt\u00f3. \u2013 Apja George S. pap. \u2013 Teol\u00f3giai tanulm\u00e1nyait Bal\u00e1zsfalv\u00e1n v\u00e9gezte (1879), papp\u00e1 szentelt\u00e9k (1879). Soroph\u00e1z\u00e1n m\u0171k\u00f6d\u00f6tt mint tan\u00edt\u00f3 (1876\u2013), a g. kat. iskol\u00e1ban 56 gyermeket is oktatott, de akkor nem kapott m\u00e9g papi helyet. G\u00f6rg\u00e9nykakukcs\u00e1ban gondnok, int\u00e9z\u0151 (administrator parohial \u2013 1879). Apja mellett lett seg\u00e9dpap Soroph\u00e1z\u00e1n (1880\u2013), majd pl\u00e9b\u00e1nos (1900\u2013), m\u00e9g 1911-ben is ott m\u0171k\u00f6d\u00f6tt. <br \/><strong>Irod.:<\/strong> Dobozi; \u015eerbeni.<\/br><\/p>\n","protected":false},"excerpt":{"rendered":"<p>? \u2020?: g. kat. pap, tan\u00edt\u00f3. \u2013 Apja George S. pap. \u2013 Teol\u00f3giai tanulm\u00e1nyait Bal\u00e1zsfalv\u00e1n v\u00e9gezte (1879), papp\u00e1 szentelt\u00e9k (1879). Soroph\u00e1z\u00e1n m\u0171k\u00f6d\u00f6tt mint tan\u00edt\u00f3 (1876\u2013), a g. kat. iskol\u00e1ban 56 gyermeket is oktatott, de akkor nem kapott m\u00e9g papi helyet. G\u00f6rg\u00e9nykakukcs\u00e1ban gondnok, int\u00e9z\u0151 (administrator parohial \u2013 1879). Apja mellett lett seg\u00e9dpap Soroph\u00e1z\u00e1n (1880\u2013), majd pl\u00e9b\u00e1nos [&hellip;]<\/p>\n","protected":false},"featured_media":0,"comment_status":"open","ping_status":"closed","template":"","meta":[],"product_brand":[],"product_cat":[137],"product_tag":[],"class_list":{"0":"post-20112","1":"product","2":"type-product","3":"status-publish","5":"product_cat-maros-megyei-eletrajzi-lexikon","7":"first","8":"instock","9":"shipping-taxable","10":"product-type-simple"},"_links":{"self":[{"href":"https:\/\/uj.adatbank.ro\/lexikon\/wp-json\/wp\/v2\/product\/20112","targetHints":{"allow":["GET"]}}],"collection":[{"href":"https:\/\/uj.adatbank.ro\/lexikon\/wp-json\/wp\/v2\/product"}],"about":[{"href":"https:\/\/uj.adatbank.ro\/lexikon\/wp-json\/wp\/v2\/types\/product"}],"replies":[{"embeddable":true,"href":"https:\/\/uj.adatbank.ro\/lexikon\/wp-json\/wp\/v2\/comments?post=20112"}],"wp:attachment":[{"href":"https:\/\/uj.adatbank.ro\/lexikon\/wp-json\/wp\/v2\/media?parent=20112"}],"wp:term":[{"taxonomy":"product_brand","embeddable":true,"href":"https:\/\/uj.adatbank.ro\/lexikon\/wp-json\/wp\/v2\/product_brand?post=20112"},{"taxonomy":"product_cat","embeddable":true,"href":"https:\/\/uj.adatbank.ro\/lexikon\/wp-json\/wp\/v2\/product_cat?post=20112"},{"taxonomy":"product_tag","embeddable":true,"href":"https:\/\/uj.adatbank.ro\/lexikon\/wp-json\/wp\/v2\/product_tag?post=20112"}],"curies":[{"name":"wp","href":"https:\/\/api.w.org\/{rel}","templated":true}]}}