{"id":20113,"date":"2025-07-22T18:36:59","date_gmt":"2025-07-22T16:36:59","guid":{"rendered":"https:\/\/uj.adatbank.ro\/lexikon\/termek\/scridon-gavril-%c2%a7\/"},"modified":"2025-07-22T18:36:59","modified_gmt":"2025-07-22T16:36:59","slug":"scridon-gavril-%c2%a7","status":"publish","type":"product","link":"https:\/\/uj.adatbank.ro\/lexikon\/termek\/scridon-gavril-%c2%a7\/","title":{"rendered":"SCRIDON, Gavril, \u00a7"},"content":{"rendered":"<p>F\u00f6ldra, 1922. m\u00e1j. 16 \u2020 Kv., 1996. szept. 6.: irodalomt\u00f6rt\u00e9n\u00e9sz, m\u0171ford\u00edt\u00f3, egyetemi tan\u00e1r. \u2013 Az elemi iskol\u00e1t a sz\u00fcl\u0151faluban, \u201eGeorge Co\u015fbuc\u201d Hat\u00e1r\u0151r L\u00edc.-ot Nasz\u00f3don (1941), a \u201eFerenc J\u00f3zsef\u201d Egyetemet Kv-on v\u00e9gezte \u00e9s folytatta a \u201eRegele Ferdinand I.\u201d Egyetem modern filol\u00f3gia szak\u00e1n francia\u2013rom\u00e1n\u2013eszt\u00e9tika szakot v\u00e9gzett (1946). A filol\u00f3giai tudom\u00e1nyok doktora (1968). Tan\u00e1r volt Nasz\u00f3don (1944\u201348), Ol\u00e1hszentgy\u00f6rgy\u00f6n (1948\u201350), Kv.-on (1950\u201352). A BBTE tan\u00e1rak\u00e9nt minden didaktikai fokozatot v\u00e9gigj\u00e1rt. Tudom\u00e1nyos kutat\u00f3 volt a Rom\u00e1n Akad\u00e9mia Nyelv\u00e9szeti \u00e9s Irodalomt\u00f6rt\u00e9neti Int\u00e9zet\u00e9ben (1953\u201355). Szerkeszt\u0151 a Tribuna c. foly\u00f3iratn\u00e1l (1957\u201359). Mv.-en az OGYE Rom\u00e1n nyelv \u00e9s idegen nyelv katedr\u00e1j\u00e1nak f\u0151n\u00f6ke volt (1959\u201365). D\u00e9k\u00e1n \u00e9s katedraf\u0151n\u00f6k Mv.-en a Pedag\u00f3giai F\u0151iskol\u00e1n (1960\u201367). M\u00fcnchenben a \u201eLudwig Maximilian\u201d Egyetemen rom\u00e1n nyelv \u00e9s irodalom szakos lektor (1968\u201370). Kv.-on a BBTE Filol\u00f3giai tansz\u00e9ken katedraf\u0151n\u00f6k a Rom\u00e1n \u00f6sszehasonl\u00edt\u00f3 irodalom \u00e9s irodalomelm\u00e9let katedr\u00e1n (1973\u201385). Doktor\u00e1tusi tudom\u00e1nyos vezet\u0151 tan\u00e1r (1974\u2013). Bp.-en vend\u00e9gtan\u00e1r az \u201eE\u00f6tv\u00f6s Lor\u00e1nd\u201d TE Rom\u00e1n Filol\u00f3gia Katedr\u00e1j\u00e1n (1982\u201391). Kv.-on a Filol\u00f3gia Fakult\u00e1son tan\u00e1csad\u00f3 \u2013 tan\u00e1r (1987\u2013). Kv.-on eln\u00f6ke volt a Rom\u00e1n Filol\u00f3giai Tudom\u00e1nyok T\u00e1rsas\u00e1g\u00e1nak (1978\u201391). Kezdem\u00e9nyez\u0151je \u00e9s f\u0151szerkeszt\u0151je a Pro Didactica k\u00f6zl\u00f6nynek (1980\u201389). Tagja volt a Rom\u00e1n \u00cdr\u00f3sz\u00f6vets\u00e9gnek, a Nemzetk\u00f6zi M. Filol\u00f3giai T\u00e1rsas\u00e1gnak, rendk\u00edv\u00fcli tagja a M. \u00cdr\u00f3sz\u00f6vets\u00e9gnek Bp.-en. Munkat\u00e1rsa volt a Tribuna, Tribuna Ardealului, F\u0103clia, Steaua, S\u0103pt\u0103m\u00e2na, Scrisul B\u0103n\u0103\u0163ean, Limba \u015fi literatura rom\u00e2n\u0103, Studia Universitatis Babe\u015f-Bolyai, Minerva Excelsior, Noi rom\u00e2nii din Ungaria, Adev\u0103rul literar \u015fi artistic, Via\u0163a cre\u015ftin\u0103 stb. lapoknak. Kit\u00fcntet\u00e9se: a Rom\u00e1n Akad\u00e9mia Centen\u00e1rium\u00e1n Tudom\u00e1nyos \u00e9rdem 3. fokozat\u00e1val (\u201eMeritul \u015ftiintific cl. a III-a\u201d) t\u00fcntett\u00e9k ki (1966). T\u00e1rsszerz\u0151je volt IV\u2013VI. o. \u00c9s IX\u2013XII. o-os rom\u00e1n nyelv tank\u00f6nyveknek a nemzeti kisebbs\u00e9gek (szlov\u00e1k, magyar, ukr\u00e1n) nyelv\u00e9n oktat\u00f3 iskol\u00e1k sz\u00e1m\u00e1ra (1962\u201383).\u2013 <strong>F. m.<\/strong>: Pagini despre Co\u015fbuc (Buc., 1957); George Co\u015fbuc \u015fi p\u0103m\u00e2ntul natal (Cluj, 1966); Liviu Rebreanu pe plaiuri N\u0103s\u0103udene (Cluj, 1967); Ecouri literare universale \u00een poezia lui Co\u015fbuc (Buc., 1969); G. Co\u015fbuc \u00een locurile anilor de ucenicie (Bistri\u0163a, 1975); Liviu Rebreanu \u00eentre \u201eOameni de pe Some\u015f\u201d (Bistri\u0163a, 1976); Istoria literaturii maghiare din Rom\u00e2nia, 1918\u20131989 (Cluj, 1996); <strong>t\u00e1rssz.:<\/strong> Gramatica limbii rom\u00e2ne pentru clasele V-VI; Gramatica limbii rom\u00e2ne pentru clasele VIII-X: \u015fcoli maghiare (Bl\u00e9dy G\u00e9z\u00e1val \u00e9s J\u00f3zsa J\u00e1nossal; Buc., 1957); George Co\u015fbuc: Bibliografie (Ion Dom\u015f\u00e1val; Buc., 1965); Limba rom\u00e2n\u0103 cl. a VI-a: manual pt. \u015fcolile cu limbile de predare ale na\u0163ionalit\u0103\u0163ilor conlocuitoare (Hoban Ilona; \u015eerban Melintevel; Buc., 1971); Limba rom\u00e2n\u0103: Manual cl. a V-a pt. \u015fcolile cu limbile de predare ale na\u0163ionalit\u0103\u0163ilor conlocuitoare (Hoban Ilona, \u015eerban Melintevel; Buc., 1971); Istoria literaturii rom\u00e2ne 3.: Literatura marilor clasici (Buc., 1973); <strong>szerk.:<\/strong> Co\u015fbuc, George: Opere alese 1\u20136. (kiad., el\u0151sz\u00f3; Buc., 1966\u20131982); Co\u015fbuc, George: Versuri alese (antolog.; Buc. 1966); Co\u015fbuc, George: Poezii (el\u0151sz\u00f3, jegyz.; Buc., 1971); Arany J\u00e1nos: Balade (antolog.; Cluj-N., 1982); Kosztol\u00e1nyi Dezs\u0151: C\u00e2ntec de fericire \u015fi triste\u0163e (el\u0151sz\u00f3; Cluj-N., 1983); Co\u015fbuc, George: Poezii (el\u0151sz\u00f3, jegyz.; Buc., 1987); Batracomiomachia lui Homerus: B\u0103t\u0103lia broa\u015ftelor cu \u015foarecii, \u00eentoars\u0103 mai \u00eent\u00e2i \u00een versuri ungure\u015fti de domnu Csokonai \u015fi dup\u0103 el \u00een rom\u00e2ne\u015fte de Koncz Jozsi, \u00een anul 1816, luna lui iulie (kiad.; Bp., 1991); Co\u015fbuc, George: Versuri \u015fi proz\u0103 (kiad., ut\u00f3sz\u00f3, kronol\u00f3gia; Cluj-N., 1991); Antologie de literatur\u0103 rom\u00e2n\u0103. Perioada interbelic\u0103. Poezia 1\u20132. (kiad.; Bp., 1991\u20131993); Co\u015fbuc, George: Opere alese 1\u20132. (kiad.; Chi\u015fin\u0103u, 1993). <br \/><strong>Irod.:<\/strong> Beke Gy\u00f6rgy: \u201eK\u00f6nyvemet a j\u00f3 egy\u00fctt\u00e9l\u00e9s szolg\u00e1lat\u00e1ban \u00edrtam\u201d: Gavril Scridon k\u00e9sz\u00fcl\u0151 rom\u00e1niai magyar irodalomt\u00f6rt\u00e9net\u00e9r\u0151l (A H\u00e9t, 1983. febr. 4., 6. sz.); Cosma; DGLR; DSR; Facultatea de Farmacie; Pop Tofolean-F\u00fcl\u00f6p; \u00daM\u00c9L.<\/br><\/p>\n","protected":false},"excerpt":{"rendered":"<p>F\u00f6ldra, 1922. m\u00e1j. 16 \u2020 Kv., 1996. szept. 6.: irodalomt\u00f6rt\u00e9n\u00e9sz, m\u0171ford\u00edt\u00f3, egyetemi tan\u00e1r. \u2013 Az elemi iskol\u00e1t a sz\u00fcl\u0151faluban, \u201eGeorge Co\u015fbuc\u201d Hat\u00e1r\u0151r L\u00edc.-ot Nasz\u00f3don (1941), a \u201eFerenc J\u00f3zsef\u201d Egyetemet Kv-on v\u00e9gezte \u00e9s folytatta a \u201eRegele Ferdinand I.\u201d Egyetem modern filol\u00f3gia szak\u00e1n francia\u2013rom\u00e1n\u2013eszt\u00e9tika szakot v\u00e9gzett (1946). A filol\u00f3giai tudom\u00e1nyok doktora (1968). Tan\u00e1r volt Nasz\u00f3don (1944\u201348), Ol\u00e1hszentgy\u00f6rgy\u00f6n [&hellip;]<\/p>\n","protected":false},"featured_media":0,"comment_status":"open","ping_status":"closed","template":"","meta":[],"product_brand":[],"product_cat":[137],"product_tag":[],"class_list":{"0":"post-20113","1":"product","2":"type-product","3":"status-publish","5":"product_cat-maros-megyei-eletrajzi-lexikon","7":"first","8":"instock","9":"shipping-taxable","10":"product-type-simple"},"_links":{"self":[{"href":"https:\/\/uj.adatbank.ro\/lexikon\/wp-json\/wp\/v2\/product\/20113","targetHints":{"allow":["GET"]}}],"collection":[{"href":"https:\/\/uj.adatbank.ro\/lexikon\/wp-json\/wp\/v2\/product"}],"about":[{"href":"https:\/\/uj.adatbank.ro\/lexikon\/wp-json\/wp\/v2\/types\/product"}],"replies":[{"embeddable":true,"href":"https:\/\/uj.adatbank.ro\/lexikon\/wp-json\/wp\/v2\/comments?post=20113"}],"wp:attachment":[{"href":"https:\/\/uj.adatbank.ro\/lexikon\/wp-json\/wp\/v2\/media?parent=20113"}],"wp:term":[{"taxonomy":"product_brand","embeddable":true,"href":"https:\/\/uj.adatbank.ro\/lexikon\/wp-json\/wp\/v2\/product_brand?post=20113"},{"taxonomy":"product_cat","embeddable":true,"href":"https:\/\/uj.adatbank.ro\/lexikon\/wp-json\/wp\/v2\/product_cat?post=20113"},{"taxonomy":"product_tag","embeddable":true,"href":"https:\/\/uj.adatbank.ro\/lexikon\/wp-json\/wp\/v2\/product_tag?post=20113"}],"curies":[{"name":"wp","href":"https:\/\/api.w.org\/{rel}","templated":true}]}}