{"id":20114,"date":"2025-07-22T18:37:00","date_gmt":"2025-07-22T16:37:00","guid":{"rendered":"https:\/\/uj.adatbank.ro\/lexikon\/termek\/scridon-vasile-din-teleac\/"},"modified":"2025-07-22T18:37:00","modified_gmt":"2025-07-22T16:37:00","slug":"scridon-vasile-din-teleac","status":"publish","type":"product","link":"https:\/\/uj.adatbank.ro\/lexikon\/termek\/scridon-vasile-din-teleac\/","title":{"rendered":"SCRIDON, Vasile din Teleac"},"content":{"rendered":"<p>? \u2020?: g. kat. pap, espers. \u2013 Soroph\u00e1z\u00e1n szolg\u00e1lata idej\u00e9ben (1905\u201325) \u00e9p\u00edtett\u00e9k a ma is \u00e1ll\u00f3 Szt. Demeternek aj\u00e1nlott t\u00e9gla templomot, ahova a temet\u0151 templom\u00e1b\u00f3l \u00e1tvitt\u00e9k az ikonoszt\u00e1zt (festett szt. k\u00e9p), amelyet Popa Gheorghe festett. G\u00f6rg\u00e9nykakucsban is szolg\u00e1lt egy azonos nev\u0171 pap. <br \/><strong>Irod.:<\/strong> Reghin, Protopopiat; \u015eerbeni.<\/br><\/p>\n","protected":false},"excerpt":{"rendered":"<p>? \u2020?: g. kat. pap, espers. \u2013 Soroph\u00e1z\u00e1n szolg\u00e1lata idej\u00e9ben (1905\u201325) \u00e9p\u00edtett\u00e9k a ma is \u00e1ll\u00f3 Szt. Demeternek aj\u00e1nlott t\u00e9gla templomot, ahova a temet\u0151 templom\u00e1b\u00f3l \u00e1tvitt\u00e9k az ikonoszt\u00e1zt (festett szt. k\u00e9p), amelyet Popa Gheorghe festett. G\u00f6rg\u00e9nykakucsban is szolg\u00e1lt egy azonos nev\u0171 pap. Irod.: Reghin, Protopopiat; \u015eerbeni.<\/p>\n","protected":false},"featured_media":0,"comment_status":"open","ping_status":"closed","template":"","meta":[],"product_brand":[],"product_cat":[137],"product_tag":[],"class_list":{"0":"post-20114","1":"product","2":"type-product","3":"status-publish","5":"product_cat-maros-megyei-eletrajzi-lexikon","7":"first","8":"instock","9":"shipping-taxable","10":"product-type-simple"},"_links":{"self":[{"href":"https:\/\/uj.adatbank.ro\/lexikon\/wp-json\/wp\/v2\/product\/20114","targetHints":{"allow":["GET"]}}],"collection":[{"href":"https:\/\/uj.adatbank.ro\/lexikon\/wp-json\/wp\/v2\/product"}],"about":[{"href":"https:\/\/uj.adatbank.ro\/lexikon\/wp-json\/wp\/v2\/types\/product"}],"replies":[{"embeddable":true,"href":"https:\/\/uj.adatbank.ro\/lexikon\/wp-json\/wp\/v2\/comments?post=20114"}],"wp:attachment":[{"href":"https:\/\/uj.adatbank.ro\/lexikon\/wp-json\/wp\/v2\/media?parent=20114"}],"wp:term":[{"taxonomy":"product_brand","embeddable":true,"href":"https:\/\/uj.adatbank.ro\/lexikon\/wp-json\/wp\/v2\/product_brand?post=20114"},{"taxonomy":"product_cat","embeddable":true,"href":"https:\/\/uj.adatbank.ro\/lexikon\/wp-json\/wp\/v2\/product_cat?post=20114"},{"taxonomy":"product_tag","embeddable":true,"href":"https:\/\/uj.adatbank.ro\/lexikon\/wp-json\/wp\/v2\/product_tag?post=20114"}],"curies":[{"name":"wp","href":"https:\/\/api.w.org\/{rel}","templated":true}]}}