{"id":20118,"date":"2025-07-22T18:37:10","date_gmt":"2025-07-22T16:37:10","guid":{"rendered":"https:\/\/uj.adatbank.ro\/lexikon\/termek\/sebe-akos-id\/"},"modified":"2025-07-22T18:37:10","modified_gmt":"2025-07-22T16:37:10","slug":"sebe-akos-id","status":"publish","type":"product","link":"https:\/\/uj.adatbank.ro\/lexikon\/termek\/sebe-akos-id\/","title":{"rendered":"SEBE \u00c1kos id."},"content":{"rendered":"<p>1936?, \u2020 2006, dec. 31.: n\u00e9ptan\u00e1csi titk\u00e1r 69 \u00e9vesen. \u2013 K\u00f6tete: Ny\u00e1r\u00e1dszentl\u00e1szl\u00f3: M\u00edtoszok \u00e9s legend\u00e1k f\u00f6ldje. (Mv., 2003.).<\/br><\/p>\n","protected":false},"excerpt":{"rendered":"<p>1936?, \u2020 2006, dec. 31.: n\u00e9ptan\u00e1csi titk\u00e1r 69 \u00e9vesen. \u2013 K\u00f6tete: Ny\u00e1r\u00e1dszentl\u00e1szl\u00f3: M\u00edtoszok \u00e9s legend\u00e1k f\u00f6ldje. (Mv., 2003.).<\/p>\n","protected":false},"featured_media":0,"comment_status":"open","ping_status":"closed","template":"","meta":[],"product_brand":[],"product_cat":[137],"product_tag":[],"class_list":{"0":"post-20118","1":"product","2":"type-product","3":"status-publish","5":"product_cat-maros-megyei-eletrajzi-lexikon","7":"first","8":"instock","9":"shipping-taxable","10":"product-type-simple"},"_links":{"self":[{"href":"https:\/\/uj.adatbank.ro\/lexikon\/wp-json\/wp\/v2\/product\/20118","targetHints":{"allow":["GET"]}}],"collection":[{"href":"https:\/\/uj.adatbank.ro\/lexikon\/wp-json\/wp\/v2\/product"}],"about":[{"href":"https:\/\/uj.adatbank.ro\/lexikon\/wp-json\/wp\/v2\/types\/product"}],"replies":[{"embeddable":true,"href":"https:\/\/uj.adatbank.ro\/lexikon\/wp-json\/wp\/v2\/comments?post=20118"}],"wp:attachment":[{"href":"https:\/\/uj.adatbank.ro\/lexikon\/wp-json\/wp\/v2\/media?parent=20118"}],"wp:term":[{"taxonomy":"product_brand","embeddable":true,"href":"https:\/\/uj.adatbank.ro\/lexikon\/wp-json\/wp\/v2\/product_brand?post=20118"},{"taxonomy":"product_cat","embeddable":true,"href":"https:\/\/uj.adatbank.ro\/lexikon\/wp-json\/wp\/v2\/product_cat?post=20118"},{"taxonomy":"product_tag","embeddable":true,"href":"https:\/\/uj.adatbank.ro\/lexikon\/wp-json\/wp\/v2\/product_tag?post=20118"}],"curies":[{"name":"wp","href":"https:\/\/api.w.org\/{rel}","templated":true}]}}