{"id":20120,"date":"2025-07-22T18:37:15","date_gmt":"2025-07-22T16:37:15","guid":{"rendered":"https:\/\/uj.adatbank.ro\/lexikon\/termek\/sebe-ferenc\/"},"modified":"2025-07-22T18:37:15","modified_gmt":"2025-07-22T16:37:15","slug":"sebe-ferenc","status":"publish","type":"product","link":"https:\/\/uj.adatbank.ro\/lexikon\/termek\/sebe-ferenc\/","title":{"rendered":"SEBE Ferenc"},"content":{"rendered":"<p>1887, \u2020 Kv., 1979.: unit lelk\u00e9sz. \u2013 Homor\u00f3dszentp\u00e9teren volt lelk\u00e9sz, majd Pip\u00e9n teljes\u00edtett szolg\u00e1latot (1913\u201331). Feles\u00e9ge Szab\u00f3 Erzs\u00e9bet, 6 gyermek\u00fck sz\u00fcletett Pip\u00e9n. <br \/><strong>Irod.:<\/strong> A Pipei Egyh\u00e1zk\u00f6zs\u00e9g t\u00f6rt\u00e9net\u00e9b\u0151l.<\/br><\/p>\n","protected":false},"excerpt":{"rendered":"<p>1887, \u2020 Kv., 1979.: unit lelk\u00e9sz. \u2013 Homor\u00f3dszentp\u00e9teren volt lelk\u00e9sz, majd Pip\u00e9n teljes\u00edtett szolg\u00e1latot (1913\u201331). Feles\u00e9ge Szab\u00f3 Erzs\u00e9bet, 6 gyermek\u00fck sz\u00fcletett Pip\u00e9n. Irod.: A Pipei Egyh\u00e1zk\u00f6zs\u00e9g t\u00f6rt\u00e9net\u00e9b\u0151l.<\/p>\n","protected":false},"featured_media":0,"comment_status":"open","ping_status":"closed","template":"","meta":[],"product_brand":[],"product_cat":[137],"product_tag":[],"class_list":{"0":"post-20120","1":"product","2":"type-product","3":"status-publish","5":"product_cat-maros-megyei-eletrajzi-lexikon","7":"first","8":"instock","9":"shipping-taxable","10":"product-type-simple"},"_links":{"self":[{"href":"https:\/\/uj.adatbank.ro\/lexikon\/wp-json\/wp\/v2\/product\/20120","targetHints":{"allow":["GET"]}}],"collection":[{"href":"https:\/\/uj.adatbank.ro\/lexikon\/wp-json\/wp\/v2\/product"}],"about":[{"href":"https:\/\/uj.adatbank.ro\/lexikon\/wp-json\/wp\/v2\/types\/product"}],"replies":[{"embeddable":true,"href":"https:\/\/uj.adatbank.ro\/lexikon\/wp-json\/wp\/v2\/comments?post=20120"}],"wp:attachment":[{"href":"https:\/\/uj.adatbank.ro\/lexikon\/wp-json\/wp\/v2\/media?parent=20120"}],"wp:term":[{"taxonomy":"product_brand","embeddable":true,"href":"https:\/\/uj.adatbank.ro\/lexikon\/wp-json\/wp\/v2\/product_brand?post=20120"},{"taxonomy":"product_cat","embeddable":true,"href":"https:\/\/uj.adatbank.ro\/lexikon\/wp-json\/wp\/v2\/product_cat?post=20120"},{"taxonomy":"product_tag","embeddable":true,"href":"https:\/\/uj.adatbank.ro\/lexikon\/wp-json\/wp\/v2\/product_tag?post=20120"}],"curies":[{"name":"wp","href":"https:\/\/api.w.org\/{rel}","templated":true}]}}