{"id":20124,"date":"2025-07-22T18:37:23","date_gmt":"2025-07-22T16:37:23","guid":{"rendered":"https:\/\/uj.adatbank.ro\/lexikon\/termek\/sebesi-akos\/"},"modified":"2025-07-22T18:37:23","modified_gmt":"2025-07-22T16:37:23","slug":"sebesi-akos","status":"publish","type":"product","link":"https:\/\/uj.adatbank.ro\/lexikon\/termek\/sebesi-akos\/","title":{"rendered":"SEBESI \u00c1kos"},"content":{"rendered":"<p>1846? \u2020\u00a0Segesv\u00e1r, 1912. j\u00fan. 19.: k\u00f6zjegyz\u0151. \u2013 Kir. k\u00f6zjegyz\u0151 Segesv\u00e1ron. Az Udvarhelyi Ref. Egyh\u00e1zmegye f\u0151gondnoka (1896\u20131912). Az EMKE alap\u00edt\u00f3 \u00e9s v\u00e1lasztott v\u00e1lasztm\u00e1nyi tagja (1885\u2013). <br \/><strong>Irod.:<\/strong> Gy\u00e1szjelent\u0151; S\u00e1ndor.<\/br><\/p>\n","protected":false},"excerpt":{"rendered":"<p>1846? \u2020\u00a0Segesv\u00e1r, 1912. j\u00fan. 19.: k\u00f6zjegyz\u0151. \u2013 Kir. k\u00f6zjegyz\u0151 Segesv\u00e1ron. Az Udvarhelyi Ref. Egyh\u00e1zmegye f\u0151gondnoka (1896\u20131912). Az EMKE alap\u00edt\u00f3 \u00e9s v\u00e1lasztott v\u00e1lasztm\u00e1nyi tagja (1885\u2013). Irod.: Gy\u00e1szjelent\u0151; S\u00e1ndor.<\/p>\n","protected":false},"featured_media":0,"comment_status":"open","ping_status":"closed","template":"","meta":[],"product_brand":[],"product_cat":[137],"product_tag":[],"class_list":{"0":"post-20124","1":"product","2":"type-product","3":"status-publish","5":"product_cat-maros-megyei-eletrajzi-lexikon","7":"first","8":"instock","9":"shipping-taxable","10":"product-type-simple"},"_links":{"self":[{"href":"https:\/\/uj.adatbank.ro\/lexikon\/wp-json\/wp\/v2\/product\/20124","targetHints":{"allow":["GET"]}}],"collection":[{"href":"https:\/\/uj.adatbank.ro\/lexikon\/wp-json\/wp\/v2\/product"}],"about":[{"href":"https:\/\/uj.adatbank.ro\/lexikon\/wp-json\/wp\/v2\/types\/product"}],"replies":[{"embeddable":true,"href":"https:\/\/uj.adatbank.ro\/lexikon\/wp-json\/wp\/v2\/comments?post=20124"}],"wp:attachment":[{"href":"https:\/\/uj.adatbank.ro\/lexikon\/wp-json\/wp\/v2\/media?parent=20124"}],"wp:term":[{"taxonomy":"product_brand","embeddable":true,"href":"https:\/\/uj.adatbank.ro\/lexikon\/wp-json\/wp\/v2\/product_brand?post=20124"},{"taxonomy":"product_cat","embeddable":true,"href":"https:\/\/uj.adatbank.ro\/lexikon\/wp-json\/wp\/v2\/product_cat?post=20124"},{"taxonomy":"product_tag","embeddable":true,"href":"https:\/\/uj.adatbank.ro\/lexikon\/wp-json\/wp\/v2\/product_tag?post=20124"}],"curies":[{"name":"wp","href":"https:\/\/api.w.org\/{rel}","templated":true}]}}