{"id":20128,"date":"2025-07-22T18:37:32","date_gmt":"2025-07-22T16:37:32","guid":{"rendered":"https:\/\/uj.adatbank.ro\/lexikon\/termek\/sebesi-jozsef\/"},"modified":"2025-07-22T18:37:32","modified_gmt":"2025-07-22T16:37:32","slug":"sebesi-jozsef","status":"publish","type":"product","link":"https:\/\/uj.adatbank.ro\/lexikon\/termek\/sebesi-jozsef\/","title":{"rendered":"SEBESI J\u00f3zsef"},"content":{"rendered":"<p>Jobb\u00e1gytelke, 1822. jan. 2., \u2020\u00a01888. nov. 19.: r. k. pap. \u2013 Mv.-en, Kv.-on \u00e9s Gyulafeh\u00e9rv\u00e1ron v\u00e9gezte a tanulm\u00e1nyait, papp\u00e1 szentelt\u00e9k (1847. m\u00e1j. 29.). K\u00e1pl\u00e1n K\u00e9zdiszentl\u00e9leken. Pl\u00e9b\u00e1nos Egrest\u0151n, B\u00f6z\u00f6d\u00fajfaluban (1855). <br \/><strong>Irod.:<\/strong> Ferenczi S\u00e1ndor 2009.<\/br><\/p>\n","protected":false},"excerpt":{"rendered":"<p>Jobb\u00e1gytelke, 1822. jan. 2., \u2020\u00a01888. nov. 19.: r. k. pap. \u2013 Mv.-en, Kv.-on \u00e9s Gyulafeh\u00e9rv\u00e1ron v\u00e9gezte a tanulm\u00e1nyait, papp\u00e1 szentelt\u00e9k (1847. m\u00e1j. 29.). K\u00e1pl\u00e1n K\u00e9zdiszentl\u00e9leken. Pl\u00e9b\u00e1nos Egrest\u0151n, B\u00f6z\u00f6d\u00fajfaluban (1855). Irod.: Ferenczi S\u00e1ndor 2009.<\/p>\n","protected":false},"featured_media":0,"comment_status":"open","ping_status":"closed","template":"","meta":[],"product_brand":[],"product_cat":[137],"product_tag":[],"class_list":{"0":"post-20128","1":"product","2":"type-product","3":"status-publish","5":"product_cat-maros-megyei-eletrajzi-lexikon","7":"first","8":"instock","9":"shipping-taxable","10":"product-type-simple"},"_links":{"self":[{"href":"https:\/\/uj.adatbank.ro\/lexikon\/wp-json\/wp\/v2\/product\/20128","targetHints":{"allow":["GET"]}}],"collection":[{"href":"https:\/\/uj.adatbank.ro\/lexikon\/wp-json\/wp\/v2\/product"}],"about":[{"href":"https:\/\/uj.adatbank.ro\/lexikon\/wp-json\/wp\/v2\/types\/product"}],"replies":[{"embeddable":true,"href":"https:\/\/uj.adatbank.ro\/lexikon\/wp-json\/wp\/v2\/comments?post=20128"}],"wp:attachment":[{"href":"https:\/\/uj.adatbank.ro\/lexikon\/wp-json\/wp\/v2\/media?parent=20128"}],"wp:term":[{"taxonomy":"product_brand","embeddable":true,"href":"https:\/\/uj.adatbank.ro\/lexikon\/wp-json\/wp\/v2\/product_brand?post=20128"},{"taxonomy":"product_cat","embeddable":true,"href":"https:\/\/uj.adatbank.ro\/lexikon\/wp-json\/wp\/v2\/product_cat?post=20128"},{"taxonomy":"product_tag","embeddable":true,"href":"https:\/\/uj.adatbank.ro\/lexikon\/wp-json\/wp\/v2\/product_tag?post=20128"}],"curies":[{"name":"wp","href":"https:\/\/api.w.org\/{rel}","templated":true}]}}