{"id":20129,"date":"2025-07-22T18:37:34","date_gmt":"2025-07-22T16:37:34","guid":{"rendered":"https:\/\/uj.adatbank.ro\/lexikon\/termek\/sebesi-mihaly\/"},"modified":"2025-07-22T18:37:34","modified_gmt":"2025-07-22T16:37:34","slug":"sebesi-mihaly","status":"publish","type":"product","link":"https:\/\/uj.adatbank.ro\/lexikon\/termek\/sebesi-mihaly\/","title":{"rendered":"SEBESI Mih\u00e1ly"},"content":{"rendered":"<p>Szov\u00e1ta, 1910.,\u00a0\u2020?: m\u00e9sz\u00e1ros. \u2013 Iskol\u00e1i elv\u00e9gz\u00e9se ut\u00e1n a h\u00fasipari szakm\u00e1ban szabadult fel, \u00f6n\u00e1ll\u00f3 lett (1935) Radn\u00f3tf\u00e1j\u00e1n. Tekint\u00e9lyes j\u00f3nev\u0171 iparosa volt a k\u00f6zs\u00e9gnek. <br \/><strong>Irod.:<\/strong> Sz\u00e9kelyf\u00f6ld \u00ed. k.<\/br><\/p>\n","protected":false},"excerpt":{"rendered":"<p>Szov\u00e1ta, 1910.,\u00a0\u2020?: m\u00e9sz\u00e1ros. \u2013 Iskol\u00e1i elv\u00e9gz\u00e9se ut\u00e1n a h\u00fasipari szakm\u00e1ban szabadult fel, \u00f6n\u00e1ll\u00f3 lett (1935) Radn\u00f3tf\u00e1j\u00e1n. Tekint\u00e9lyes j\u00f3nev\u0171 iparosa volt a k\u00f6zs\u00e9gnek. Irod.: Sz\u00e9kelyf\u00f6ld \u00ed. k.<\/p>\n","protected":false},"featured_media":0,"comment_status":"open","ping_status":"closed","template":"","meta":[],"product_brand":[],"product_cat":[137],"product_tag":[],"class_list":{"0":"post-20129","1":"product","2":"type-product","3":"status-publish","5":"product_cat-maros-megyei-eletrajzi-lexikon","7":"first","8":"instock","9":"shipping-taxable","10":"product-type-simple"},"_links":{"self":[{"href":"https:\/\/uj.adatbank.ro\/lexikon\/wp-json\/wp\/v2\/product\/20129","targetHints":{"allow":["GET"]}}],"collection":[{"href":"https:\/\/uj.adatbank.ro\/lexikon\/wp-json\/wp\/v2\/product"}],"about":[{"href":"https:\/\/uj.adatbank.ro\/lexikon\/wp-json\/wp\/v2\/types\/product"}],"replies":[{"embeddable":true,"href":"https:\/\/uj.adatbank.ro\/lexikon\/wp-json\/wp\/v2\/comments?post=20129"}],"wp:attachment":[{"href":"https:\/\/uj.adatbank.ro\/lexikon\/wp-json\/wp\/v2\/media?parent=20129"}],"wp:term":[{"taxonomy":"product_brand","embeddable":true,"href":"https:\/\/uj.adatbank.ro\/lexikon\/wp-json\/wp\/v2\/product_brand?post=20129"},{"taxonomy":"product_cat","embeddable":true,"href":"https:\/\/uj.adatbank.ro\/lexikon\/wp-json\/wp\/v2\/product_cat?post=20129"},{"taxonomy":"product_tag","embeddable":true,"href":"https:\/\/uj.adatbank.ro\/lexikon\/wp-json\/wp\/v2\/product_tag?post=20129"}],"curies":[{"name":"wp","href":"https:\/\/api.w.org\/{rel}","templated":true}]}}