{"id":20131,"date":"2025-07-22T18:37:37","date_gmt":"2025-07-22T16:37:37","guid":{"rendered":"https:\/\/uj.adatbank.ro\/lexikon\/termek\/sebesi-josintzi-istvan\/"},"modified":"2025-07-22T18:37:37","modified_gmt":"2025-07-22T16:37:37","slug":"sebesi-josintzi-istvan","status":"publish","type":"product","link":"https:\/\/uj.adatbank.ro\/lexikon\/termek\/sebesi-josintzi-istvan\/","title":{"rendered":"SEBESI-J\u00d3SINTZI Istv\u00e1n"},"content":{"rendered":"<p>Mv., 1900. m\u00e1rc. 31., \u2020 B\u00e9cs, 1968. febr. 19: dr. bankigazgat\u00f3. \u2013 Feles\u00e9ge Szirmay Anna. <br \/><strong>Irod.:<\/strong> Gudenus.<\/br><\/p>\n","protected":false},"excerpt":{"rendered":"<p>Mv., 1900. m\u00e1rc. 31., \u2020 B\u00e9cs, 1968. febr. 19: dr. bankigazgat\u00f3. \u2013 Feles\u00e9ge Szirmay Anna. Irod.: Gudenus.<\/p>\n","protected":false},"featured_media":0,"comment_status":"open","ping_status":"closed","template":"","meta":[],"product_brand":[],"product_cat":[137],"product_tag":[],"class_list":{"0":"post-20131","1":"product","2":"type-product","3":"status-publish","5":"product_cat-maros-megyei-eletrajzi-lexikon","7":"first","8":"instock","9":"shipping-taxable","10":"product-type-simple"},"_links":{"self":[{"href":"https:\/\/uj.adatbank.ro\/lexikon\/wp-json\/wp\/v2\/product\/20131","targetHints":{"allow":["GET"]}}],"collection":[{"href":"https:\/\/uj.adatbank.ro\/lexikon\/wp-json\/wp\/v2\/product"}],"about":[{"href":"https:\/\/uj.adatbank.ro\/lexikon\/wp-json\/wp\/v2\/types\/product"}],"replies":[{"embeddable":true,"href":"https:\/\/uj.adatbank.ro\/lexikon\/wp-json\/wp\/v2\/comments?post=20131"}],"wp:attachment":[{"href":"https:\/\/uj.adatbank.ro\/lexikon\/wp-json\/wp\/v2\/media?parent=20131"}],"wp:term":[{"taxonomy":"product_brand","embeddable":true,"href":"https:\/\/uj.adatbank.ro\/lexikon\/wp-json\/wp\/v2\/product_brand?post=20131"},{"taxonomy":"product_cat","embeddable":true,"href":"https:\/\/uj.adatbank.ro\/lexikon\/wp-json\/wp\/v2\/product_cat?post=20131"},{"taxonomy":"product_tag","embeddable":true,"href":"https:\/\/uj.adatbank.ro\/lexikon\/wp-json\/wp\/v2\/product_tag?post=20131"}],"curies":[{"name":"wp","href":"https:\/\/api.w.org\/{rel}","templated":true}]}}