{"id":20132,"date":"2025-07-22T18:37:40","date_gmt":"2025-07-22T16:37:40","guid":{"rendered":"https:\/\/uj.adatbank.ro\/lexikon\/termek\/sebesi-josintzi-marta\/"},"modified":"2025-07-22T18:37:40","modified_gmt":"2025-07-22T16:37:40","slug":"sebesi-josintzi-marta","status":"publish","type":"product","link":"https:\/\/uj.adatbank.ro\/lexikon\/termek\/sebesi-josintzi-marta\/","title":{"rendered":"SEBESI-J\u00d3SINTZI M\u00e1rta"},"content":{"rendered":"<p>Segesv\u00e1r, 1892. j\u00fan. 18., \u2020 Bp., 1976. m\u00e1rc. 12: F\u00e9rjhez ment Sz\u00e9kelyudvarhelyen, 1912. febr. 18-\u00e1n. F\u00e9rje Hegymegi Kiss P\u00e1l, (sz\u00fcl. Porcsalma, Szatm\u00e1r vm., 1885. febr. 25. \u2020 Budapest, 1950. m\u00e1j. 3.), dr. jur. et sc. pol., m. kir. bel\u00fcgyminiszt\u00e9riumi \u00e1llamtitk\u00e1r, ogy. k\u00e9pv., a Kisgazdap\u00e1rt aleln\u00f6ke. <br \/><strong>Irod.:<\/strong> Gudenus.<\/br><\/p>\n","protected":false},"excerpt":{"rendered":"<p>Segesv\u00e1r, 1892. j\u00fan. 18., \u2020 Bp., 1976. m\u00e1rc. 12: F\u00e9rjhez ment Sz\u00e9kelyudvarhelyen, 1912. febr. 18-\u00e1n. F\u00e9rje Hegymegi Kiss P\u00e1l, (sz\u00fcl. Porcsalma, Szatm\u00e1r vm., 1885. febr. 25. \u2020 Budapest, 1950. m\u00e1j. 3.), dr. jur. et sc. pol., m. kir. bel\u00fcgyminiszt\u00e9riumi \u00e1llamtitk\u00e1r, ogy. k\u00e9pv., a Kisgazdap\u00e1rt aleln\u00f6ke. Irod.: Gudenus.<\/p>\n","protected":false},"featured_media":0,"comment_status":"open","ping_status":"closed","template":"","meta":[],"product_brand":[],"product_cat":[137],"product_tag":[],"class_list":{"0":"post-20132","1":"product","2":"type-product","3":"status-publish","5":"product_cat-maros-megyei-eletrajzi-lexikon","7":"first","8":"instock","9":"shipping-taxable","10":"product-type-simple"},"_links":{"self":[{"href":"https:\/\/uj.adatbank.ro\/lexikon\/wp-json\/wp\/v2\/product\/20132","targetHints":{"allow":["GET"]}}],"collection":[{"href":"https:\/\/uj.adatbank.ro\/lexikon\/wp-json\/wp\/v2\/product"}],"about":[{"href":"https:\/\/uj.adatbank.ro\/lexikon\/wp-json\/wp\/v2\/types\/product"}],"replies":[{"embeddable":true,"href":"https:\/\/uj.adatbank.ro\/lexikon\/wp-json\/wp\/v2\/comments?post=20132"}],"wp:attachment":[{"href":"https:\/\/uj.adatbank.ro\/lexikon\/wp-json\/wp\/v2\/media?parent=20132"}],"wp:term":[{"taxonomy":"product_brand","embeddable":true,"href":"https:\/\/uj.adatbank.ro\/lexikon\/wp-json\/wp\/v2\/product_brand?post=20132"},{"taxonomy":"product_cat","embeddable":true,"href":"https:\/\/uj.adatbank.ro\/lexikon\/wp-json\/wp\/v2\/product_cat?post=20132"},{"taxonomy":"product_tag","embeddable":true,"href":"https:\/\/uj.adatbank.ro\/lexikon\/wp-json\/wp\/v2\/product_tag?post=20132"}],"curies":[{"name":"wp","href":"https:\/\/api.w.org\/{rel}","templated":true}]}}