{"id":20135,"date":"2025-07-22T18:37:45","date_gmt":"2025-07-22T16:37:45","guid":{"rendered":"https:\/\/uj.adatbank.ro\/lexikon\/termek\/sebess-aladar-zilahi\/"},"modified":"2025-07-22T18:37:45","modified_gmt":"2025-07-22T16:37:45","slug":"sebess-aladar-zilahi","status":"publish","type":"product","link":"https:\/\/uj.adatbank.ro\/lexikon\/termek\/sebess-aladar-zilahi\/","title":{"rendered":"SEBESS Alad\u00e1r, zilahi"},"content":{"rendered":"<p>1860? \u2020\u00a0Mv., 1939. m\u00e1rc. 2.: tisztvisel\u0151. \u2013 Feles\u00e9ge: harasztosi Mezey M\u00e1ria. Gyermekeik: S. Jol\u00e1n Saj\u00f3helyi Istv\u00e1nn\u00e9, S. Margit Nagy Jen\u0151n\u00e9; S. J\u00f3zsef. \u2013 Okleveles gazda \u00e9s Maros-Torda vm.-i tisztvisel\u0151 <br \/><strong>Irod.:<\/strong> Gy\u00e1szjelent\u0151.<\/br><\/p>\n","protected":false},"excerpt":{"rendered":"<p>1860? \u2020\u00a0Mv., 1939. m\u00e1rc. 2.: tisztvisel\u0151. \u2013 Feles\u00e9ge: harasztosi Mezey M\u00e1ria. Gyermekeik: S. Jol\u00e1n Saj\u00f3helyi Istv\u00e1nn\u00e9, S. Margit Nagy Jen\u0151n\u00e9; S. J\u00f3zsef. \u2013 Okleveles gazda \u00e9s Maros-Torda vm.-i tisztvisel\u0151 Irod.: Gy\u00e1szjelent\u0151.<\/p>\n","protected":false},"featured_media":0,"comment_status":"open","ping_status":"closed","template":"","meta":[],"product_brand":[],"product_cat":[137],"product_tag":[],"class_list":{"0":"post-20135","1":"product","2":"type-product","3":"status-publish","5":"product_cat-maros-megyei-eletrajzi-lexikon","7":"first","8":"instock","9":"shipping-taxable","10":"product-type-simple"},"_links":{"self":[{"href":"https:\/\/uj.adatbank.ro\/lexikon\/wp-json\/wp\/v2\/product\/20135","targetHints":{"allow":["GET"]}}],"collection":[{"href":"https:\/\/uj.adatbank.ro\/lexikon\/wp-json\/wp\/v2\/product"}],"about":[{"href":"https:\/\/uj.adatbank.ro\/lexikon\/wp-json\/wp\/v2\/types\/product"}],"replies":[{"embeddable":true,"href":"https:\/\/uj.adatbank.ro\/lexikon\/wp-json\/wp\/v2\/comments?post=20135"}],"wp:attachment":[{"href":"https:\/\/uj.adatbank.ro\/lexikon\/wp-json\/wp\/v2\/media?parent=20135"}],"wp:term":[{"taxonomy":"product_brand","embeddable":true,"href":"https:\/\/uj.adatbank.ro\/lexikon\/wp-json\/wp\/v2\/product_brand?post=20135"},{"taxonomy":"product_cat","embeddable":true,"href":"https:\/\/uj.adatbank.ro\/lexikon\/wp-json\/wp\/v2\/product_cat?post=20135"},{"taxonomy":"product_tag","embeddable":true,"href":"https:\/\/uj.adatbank.ro\/lexikon\/wp-json\/wp\/v2\/product_tag?post=20135"}],"curies":[{"name":"wp","href":"https:\/\/api.w.org\/{rel}","templated":true}]}}