{"id":20137,"date":"2025-07-22T18:37:48","date_gmt":"2025-07-22T16:37:48","guid":{"rendered":"https:\/\/uj.adatbank.ro\/lexikon\/termek\/sebess-denes-zilahi-zilahi-sebess-denes-sebes-denes\/"},"modified":"2025-07-22T18:37:48","modified_gmt":"2025-07-22T16:37:48","slug":"sebess-denes-zilahi-zilahi-sebess-denes-sebes-denes","status":"publish","type":"product","link":"https:\/\/uj.adatbank.ro\/lexikon\/termek\/sebess-denes-zilahi-zilahi-sebess-denes-sebes-denes\/","title":{"rendered":"SEBESS D\u00e9nes, zilahi, Zilahi Sebess D\u00e9nes, Sebes D\u00e9nes"},"content":{"rendered":"<p>Mv., 1869. okt. 9., \u2020 Bp., 1963. m\u00e1rc. 25.: dr., agr\u00e1rpolitikus, \u00fcgyv\u00e9d, orsz\u00e1ggy\u0171l\u00e9si k\u00e9pvisel\u0151, \u00edr\u00f3, laptulajdonos. \u2013 K\u00f6z\u00e9piskolai tanulm\u00e1nyait Mv.-en, a jogot Bp.-en v\u00e9gezte (1896), Mv.-en \u00fcgyv\u00e9di vizsg\u00e1t tett (1897) \u00e9s Mv.-en gyakorl\u00f3 \u00fcgyv\u00e9d (1898\u20131906). Maros-Torda vm. tiszteletbeli f\u0151\u00fcgy\u00e9sze, tagja a mv.-i \u00fcgyv\u00e9dvizsg\u00e1l\u00f3 bizotts\u00e1gnak, a ref. egyh\u00e1zmegye \u00e9s egyh\u00e1zker\u00fclet k\u00e9pvisel\u0151je, zsinati k\u00e9pvisel\u0151 (1905\u2013) volt. F\u00fcggetlens\u00e9gi \u00e9s 48-as p\u00e1rti programmal a mv.-i v\u00e1laszt\u00f3ker. ogy. k\u00e9pvisel\u0151je (1901\u201306). T\u00f6bbsz\u00f6r felsz\u00f3lalt a k\u00e9pvisel\u0151h\u00e1zban a Sz\u00e9kelyf\u00f6ld helyzet\u00e9nek jav\u00edt\u00e1sa \u00e9rdek\u00e9ben. Bp.-re k\u00f6lt\u00f6z\u00f6tt. Mint \u00edt\u00e9l\u0151t\u00e1blai b\u00edr\u00f3 az Igazs\u00e1g\u00fcgyminiszt\u00e9rium telekk\u00f6nyvi \u00fcgyoszt\u00e1ly\u00e1nak vezet\u0151je (1906\u201310), a bp.-i \u00cdt\u00e9l\u0151t\u00e1bla tan\u00e1cseln\u00f6ke (1909\u2013), f\u00f6ldm\u0171vel\u00e9s\u00fcgyi miniszter is volt (1916); igazs\u00e1g\u00fcgyi miniszt\u00e9riumi \u00e1llamtitk\u00e1r (1917\u201318); Debrecen ogy. k\u00e9pvisel\u0151je (1917\u201318). A bp.-i m\u0171egy.-en a birtokrendez\u00e9si jogszab\u00e1lyok, majd a telekk\u00f6nyvi jog megh\u00edvott el\u0151ad\u00f3ja (1914\u2013), a M. F\u00f6ldhitelint\u00e9zet, jog\u00fcgyi oszt\u00e1ly\u00e1nak ig. nyugd\u00edjaz\u00e1s\u00e1ig (1918\u201335). F\u0151k\u00e9nt a birtokrendez\u00e9s \u00e9s a telekk\u00f6nyvi jog k\u00e9rd\u00e9seivel foglalkozott. R\u00e9szt vett a b\u00e9ket\u00e1rgyal\u00e1sok el\u0151k\u00e9sz\u00edt\u0151 munk\u00e1lataiban (1918\u2013). Sz\u00e9les k\u00f6r\u0171 szakirodalmi munk\u00e1ss\u00e1ga is jelent\u0151s. Mv.-en a Marosv\u00e1s\u00e1rhely (1898\u20131901), a Sz\u00e9kely Ellenz\u00e9k (1901-t\u0151l) c. politikai napilapok, valamint a Jogtudom\u00e1nyi Szemle c. szaklap szerkeszt\u0151je. A mv.-i Ker\u00e9kp\u00e1roz\u00f3k Egyes\u00fclet\u00e9nek jogtan\u00e1csosa (1899\u2013). A Mv.-i Kaszin\u00f3 vezet\u0151s\u00e9gi tagja (1898). A KZST (r. 1896), az Orsz. K\u00f6zm\u0171vel\u0151d\u00e9si Tan\u00e1cs tagja (1910-t\u0151l), a mv.-i \u00dcgyv\u00e9di Kamara v\u00e1lasztm\u00e1nyi tagja (1901\u201306), az \u00dcgyv\u00e9dvizsg\u00e1l\u00f3 Bizotts\u00e1g tagja (1905\u201306). A bp.-i \u00fcgyv\u00e9dvizsg\u00e1l\u00f3 bizotts\u00e1g tagja (1912-t\u0151l). A M. Stat. T\u00e1rs. (1922\u201335) \u00e9s a M. K\u00fcl\u00fcgyi T\u00e1rs. eln\u00f6ki tan\u00e1cs\u00e1nak tagja. A Dar\u00e1nyi Ign\u00e1c Agr\u00e1rtud. T\u00e1rs. r. tagja. Az Orsz. T\u00f6rt. Ereklyem\u00faz.-Egyes. t. eln\u00f6ke. A fels\u0151h\u00e1z \u00f6r\u00f6k\u00f6s tagja (1927\u201344). M. kir. titkos ta\u00adn\u00e1csos (1939). \u00cdrt a 30-as \u00e9vekben k\u00e9t k\u00f6nyvet K\u00f6z\u00e9p-Eur\u00f3p\u00e1r\u00f3l, melyben kifejti hogy a Balk\u00e1n f\u00e9lsziget Eur\u00f3pa l\u0151poros hord\u00f3ja, azt j\u00f3solta, hogy a 3. vh. is a Balk\u00e1non fog kit\u00f6rni. \u2013 <strong><strong>F. m.<\/strong><\/strong>: A sz\u00e9kelys\u00e9g pusztul\u00e1sa (Mv., 1902); A sz\u00e9kelyf\u00f6ldi tagos\u00edt\u00e1s \u00e9s ar\u00e1nyos\u00edt\u00e1s (Bp., 1903); \u00c9szrev\u00e9telek a v\u00e1laszt\u00e1si jog szab\u00e1lyoz\u00e1s\u00e1hoz, tekintettel az erd\u00e9lyi r\u00e9szekre. A census (Mv., 1904); Eml\u00e9kirat az erd\u00e9lyr\u00e9szi telep\u00edt\u00e9sr\u0151l (Mv., 1905); Szoci\u00e1lis t\u00f6rekv\u00e9sek (Mv., 1905); Adatok a magyar agr\u00e1rpolitik\u00e1hoz a jobb\u00e1gys\u00e1g felszabad\u00edt\u00e1sa ut\u00e1n (Bp., 1908); F\u00f6ldbirtokjogi t\u00f6rv\u00e9nyjavaslatok \u00e9s azok indokol\u00e1sa. Szerk. (Bp., 1916); \u00daj Rom\u00e1nia f\u00f6ldbirtokpolitik\u00e1ja Erd\u00e9lyben (Bp., 1921; angolul \u00e9s n\u00e9met\u00fcl is); Die Agrarreform in Ungarn&#8230; (Berlin-Leipzig, 1921); Az \u00faj agr\u00e1rdemokr\u00e1ci\u00e1k (Bp., 1925); Bethlen Istv\u00e1n gr. T\u00f6rt\u00e9nelmi korrajz (Bp., 1927; 2. kiad. 1928); K\u00e9t Magyarorsz\u00e1g (Bp., 1931); Magyar agr\u00e1rrevol\u00faci\u00f3k, 1902\u20131932 (Bp., 1933); <strong>t\u00e1rssz.:<\/strong> \u00datmutat\u00f3 az \u00faj j\u00e1r\u00e1sb\u00edr\u00f3s\u00e1gi somm\u00e1s \u00fcgyviteli szab\u00e1lyokhoz. Enyedy Mikl\u00f3ssal (Mv., 1898); Erd\u00e9lyr\u00e9szi birtokrendez\u00e9s&#8230; Jogszab\u00e1ly-\u00f6ssze\u00e1ll\u00edt\u00e1s. B\u00f6rcs\u00f6k Andr\u00e1ssal (Bp., 1908); Magyarorsz\u00e1gi birtokrendez\u00e9s. (B\u00f6rcs\u00f6k Andr\u00e1ssal, Bp., 1909); Magyar telekk\u00f6nyvi jog. Szerk. B\u00f6rcs\u00f6k Andr\u00e1ssal (Bp., 1912). <br \/><strong>Irod.:<\/strong> Balaton Petra: A sz\u00e9kely t\u00e1rsadalom \u00f6nszervez\u0151d\u00e9se: A Sz\u00e9kely T\u00e1rsas\u00e1gok (I.): T\u00f6rekv\u00e9sek Sz\u00e9kelyf\u00f6ld felz\u00e1rk\u00f3ztat\u00e1s\u00e1ra a 20. sz\u00e1zad elej\u00e9n (Korunk, 2010. jan., 1. sz.); Bern\u00e1dy; Er\u0151ss; F\u00fcl\u00f6p\u2013Ferencz; Id\u0151t\u00e1r 2; K\u00e1d\u00e1r Zsombor: A zabolaiak level\u00e9b\u0151l, a papolci k\u00f6zhelyr\u0151l = K\u00e1d\u00e1r Zsombor: Sz\u00e9kelyf\u00f6ldi erd\u00e9szeti arck\u00e9pcsarnok (Bp., 1999); A magyar orsz\u00e1ggy\u0171l\u00e9s (Bp., 1906); M\u00c9L; Nagy \u00d6d\u00f6n; P\u00e1lmay; RNL; Sipos; Szentgy\u00f6rgyi; Szinnyei; \u00daM\u00c9L.<\/br><\/p>\n","protected":false},"excerpt":{"rendered":"<p>Mv., 1869. okt. 9., \u2020 Bp., 1963. m\u00e1rc. 25.: dr., agr\u00e1rpolitikus, \u00fcgyv\u00e9d, orsz\u00e1ggy\u0171l\u00e9si k\u00e9pvisel\u0151, \u00edr\u00f3, laptulajdonos. \u2013 K\u00f6z\u00e9piskolai tanulm\u00e1nyait Mv.-en, a jogot Bp.-en v\u00e9gezte (1896), Mv.-en \u00fcgyv\u00e9di vizsg\u00e1t tett (1897) \u00e9s Mv.-en gyakorl\u00f3 \u00fcgyv\u00e9d (1898\u20131906). Maros-Torda vm. tiszteletbeli f\u0151\u00fcgy\u00e9sze, tagja a mv.-i \u00fcgyv\u00e9dvizsg\u00e1l\u00f3 bizotts\u00e1gnak, a ref. egyh\u00e1zmegye \u00e9s egyh\u00e1zker\u00fclet k\u00e9pvisel\u0151je, zsinati k\u00e9pvisel\u0151 (1905\u2013) volt. F\u00fcggetlens\u00e9gi [&hellip;]<\/p>\n","protected":false},"featured_media":0,"comment_status":"open","ping_status":"closed","template":"","meta":[],"product_brand":[],"product_cat":[137],"product_tag":[],"class_list":{"0":"post-20137","1":"product","2":"type-product","3":"status-publish","5":"product_cat-maros-megyei-eletrajzi-lexikon","7":"first","8":"instock","9":"shipping-taxable","10":"product-type-simple"},"_links":{"self":[{"href":"https:\/\/uj.adatbank.ro\/lexikon\/wp-json\/wp\/v2\/product\/20137","targetHints":{"allow":["GET"]}}],"collection":[{"href":"https:\/\/uj.adatbank.ro\/lexikon\/wp-json\/wp\/v2\/product"}],"about":[{"href":"https:\/\/uj.adatbank.ro\/lexikon\/wp-json\/wp\/v2\/types\/product"}],"replies":[{"embeddable":true,"href":"https:\/\/uj.adatbank.ro\/lexikon\/wp-json\/wp\/v2\/comments?post=20137"}],"wp:attachment":[{"href":"https:\/\/uj.adatbank.ro\/lexikon\/wp-json\/wp\/v2\/media?parent=20137"}],"wp:term":[{"taxonomy":"product_brand","embeddable":true,"href":"https:\/\/uj.adatbank.ro\/lexikon\/wp-json\/wp\/v2\/product_brand?post=20137"},{"taxonomy":"product_cat","embeddable":true,"href":"https:\/\/uj.adatbank.ro\/lexikon\/wp-json\/wp\/v2\/product_cat?post=20137"},{"taxonomy":"product_tag","embeddable":true,"href":"https:\/\/uj.adatbank.ro\/lexikon\/wp-json\/wp\/v2\/product_tag?post=20137"}],"curies":[{"name":"wp","href":"https:\/\/api.w.org\/{rel}","templated":true}]}}