{"id":2014,"date":"2025-06-28T12:01:03","date_gmt":"2025-06-28T10:01:03","guid":{"rendered":"https:\/\/uj.adatbank.ro\/lexikon\/termek\/balint-gergely\/"},"modified":"2025-06-28T12:01:03","modified_gmt":"2025-06-28T10:01:03","slug":"balint-gergely","status":"publish","type":"product","link":"https:\/\/uj.adatbank.ro\/lexikon\/termek\/balint-gergely\/","title":{"rendered":"B\u00c1LINT Gergely"},"content":{"rendered":"<p>Oroszhegy, 1850. szept. 17., \u2020\u00a01917. febr. 22.: r. k. pap. \u2013 A gimn.-ot Sz\u00e9kelyudvarhelyen \u00e9s Gyulafeh\u00e9rv\u00e1ron tanult, a teol\u00f3gi\u00e1t is Gyulafeh\u00e9rv\u00e1ron v\u00e9gezte. Papp\u00e1 szentelt\u00e9k (1874. j\u00fal. 30), majd Cs\u00edkszentgy\u00f6rgy\u00f6n szolg\u00e1lt. K\u00e1pl\u00e1n Kozm\u00e1son (1876\u2013), lelkip\u00e1sztor G\u00f6rg\u00e9nyszentimr\u00e9n (1879\u20131900 ?) majd Kv.-on (1900\u2013). Rendes tagja a Szentistv\u00e1n T\u00e1rsulatnak. <br \/><strong>Irod.:<\/strong> Ferenczi S\u00e1ndor 2009; A Szent Istv\u00e1n T\u00e1rsulat tagjainak n\u00e9vsora (Bp., 1898)<\/br><\/p>\n","protected":false},"excerpt":{"rendered":"<p>Oroszhegy, 1850. szept. 17., \u2020\u00a01917. febr. 22.: r. k. pap. \u2013 A gimn.-ot Sz\u00e9kelyudvarhelyen \u00e9s Gyulafeh\u00e9rv\u00e1ron tanult, a teol\u00f3gi\u00e1t is Gyulafeh\u00e9rv\u00e1ron v\u00e9gezte. Papp\u00e1 szentelt\u00e9k (1874. j\u00fal. 30), majd Cs\u00edkszentgy\u00f6rgy\u00f6n szolg\u00e1lt. K\u00e1pl\u00e1n Kozm\u00e1son (1876\u2013), lelkip\u00e1sztor G\u00f6rg\u00e9nyszentimr\u00e9n (1879\u20131900 ?) majd Kv.-on (1900\u2013). Rendes tagja a Szentistv\u00e1n T\u00e1rsulatnak. Irod.: Ferenczi S\u00e1ndor 2009; A Szent Istv\u00e1n T\u00e1rsulat tagjainak n\u00e9vsora [&hellip;]<\/p>\n","protected":false},"featured_media":0,"comment_status":"open","ping_status":"closed","template":"","meta":[],"product_brand":[],"product_cat":[137],"product_tag":[],"class_list":{"0":"post-2014","1":"product","2":"type-product","3":"status-publish","5":"product_cat-maros-megyei-eletrajzi-lexikon","7":"first","8":"instock","9":"shipping-taxable","10":"product-type-simple"},"_links":{"self":[{"href":"https:\/\/uj.adatbank.ro\/lexikon\/wp-json\/wp\/v2\/product\/2014","targetHints":{"allow":["GET"]}}],"collection":[{"href":"https:\/\/uj.adatbank.ro\/lexikon\/wp-json\/wp\/v2\/product"}],"about":[{"href":"https:\/\/uj.adatbank.ro\/lexikon\/wp-json\/wp\/v2\/types\/product"}],"replies":[{"embeddable":true,"href":"https:\/\/uj.adatbank.ro\/lexikon\/wp-json\/wp\/v2\/comments?post=2014"}],"wp:attachment":[{"href":"https:\/\/uj.adatbank.ro\/lexikon\/wp-json\/wp\/v2\/media?parent=2014"}],"wp:term":[{"taxonomy":"product_brand","embeddable":true,"href":"https:\/\/uj.adatbank.ro\/lexikon\/wp-json\/wp\/v2\/product_brand?post=2014"},{"taxonomy":"product_cat","embeddable":true,"href":"https:\/\/uj.adatbank.ro\/lexikon\/wp-json\/wp\/v2\/product_cat?post=2014"},{"taxonomy":"product_tag","embeddable":true,"href":"https:\/\/uj.adatbank.ro\/lexikon\/wp-json\/wp\/v2\/product_tag?post=2014"}],"curies":[{"name":"wp","href":"https:\/\/api.w.org\/{rel}","templated":true}]}}