{"id":20140,"date":"2025-07-22T18:37:57","date_gmt":"2025-07-22T16:37:57","guid":{"rendered":"https:\/\/uj.adatbank.ro\/lexikon\/termek\/sebess-janos-zilahi\/"},"modified":"2025-07-22T18:37:57","modified_gmt":"2025-07-22T16:37:57","slug":"sebess-janos-zilahi","status":"publish","type":"product","link":"https:\/\/uj.adatbank.ro\/lexikon\/termek\/sebess-janos-zilahi\/","title":{"rendered":"SEBESS J\u00e1nos, zilahi"},"content":{"rendered":"<p>1829.? \u2020\u00a0Mv., 1890. jan. 7.: j\u00e1r\u00e1sb\u00edr\u00f3. \u2013 Feles\u00e9ge: ny\u00e1r\u00e1dg\u00e1lfalvi Sipos Linka (1842? \u2013 Mv., 1890. j\u00fal. 3.). Gyermekeik: Margit, D\u00e9nes, Erzsi, Jen\u0151. Testv\u00e9rei: S. J\u00f3zsef, S. Polix\u00e9nia. <br \/><strong>Irod.:<\/strong> Gy\u00e1szjelent\u0151.<\/br><\/p>\n","protected":false},"excerpt":{"rendered":"<p>1829.? \u2020\u00a0Mv., 1890. jan. 7.: j\u00e1r\u00e1sb\u00edr\u00f3. \u2013 Feles\u00e9ge: ny\u00e1r\u00e1dg\u00e1lfalvi Sipos Linka (1842? \u2013 Mv., 1890. j\u00fal. 3.). Gyermekeik: Margit, D\u00e9nes, Erzsi, Jen\u0151. Testv\u00e9rei: S. J\u00f3zsef, S. Polix\u00e9nia. Irod.: Gy\u00e1szjelent\u0151.<\/p>\n","protected":false},"featured_media":0,"comment_status":"open","ping_status":"closed","template":"","meta":[],"product_brand":[],"product_cat":[137],"product_tag":[],"class_list":{"0":"post-20140","1":"product","2":"type-product","3":"status-publish","5":"product_cat-maros-megyei-eletrajzi-lexikon","7":"first","8":"instock","9":"shipping-taxable","10":"product-type-simple"},"_links":{"self":[{"href":"https:\/\/uj.adatbank.ro\/lexikon\/wp-json\/wp\/v2\/product\/20140","targetHints":{"allow":["GET"]}}],"collection":[{"href":"https:\/\/uj.adatbank.ro\/lexikon\/wp-json\/wp\/v2\/product"}],"about":[{"href":"https:\/\/uj.adatbank.ro\/lexikon\/wp-json\/wp\/v2\/types\/product"}],"replies":[{"embeddable":true,"href":"https:\/\/uj.adatbank.ro\/lexikon\/wp-json\/wp\/v2\/comments?post=20140"}],"wp:attachment":[{"href":"https:\/\/uj.adatbank.ro\/lexikon\/wp-json\/wp\/v2\/media?parent=20140"}],"wp:term":[{"taxonomy":"product_brand","embeddable":true,"href":"https:\/\/uj.adatbank.ro\/lexikon\/wp-json\/wp\/v2\/product_brand?post=20140"},{"taxonomy":"product_cat","embeddable":true,"href":"https:\/\/uj.adatbank.ro\/lexikon\/wp-json\/wp\/v2\/product_cat?post=20140"},{"taxonomy":"product_tag","embeddable":true,"href":"https:\/\/uj.adatbank.ro\/lexikon\/wp-json\/wp\/v2\/product_tag?post=20140"}],"curies":[{"name":"wp","href":"https:\/\/api.w.org\/{rel}","templated":true}]}}