{"id":20141,"date":"2025-07-22T18:37:59","date_gmt":"2025-07-22T16:37:59","guid":{"rendered":"https:\/\/uj.adatbank.ro\/lexikon\/termek\/sebess-jeno-%c2%a7-zilahi-sebess-eugen\/"},"modified":"2025-07-22T18:37:59","modified_gmt":"2025-07-22T16:37:59","slug":"sebess-jeno-%c2%a7-zilahi-sebess-eugen","status":"publish","type":"product","link":"https:\/\/uj.adatbank.ro\/lexikon\/termek\/sebess-jeno-%c2%a7-zilahi-sebess-eugen\/","title":{"rendered":"SEBESS Jen\u0151, \u00a7 zilahi, Sebess Eugen"},"content":{"rendered":"<p>Bethlen, 1873, \u2020\u00a0Mv., 1952.: \u00fcgyv\u00e9d dr., kamarai eln\u00f6k. \u2013 Mv.-en \u00fcgyv\u00e9d. A katonas\u00e1ghoz \u00f6nk\u00e9ntesk\u00e9nt vonult be (1894). A F\u00fcggetles\u00e9gi P\u00e1rt eln\u00f6ke (1913). R\u00e9szt vett az I. vh.-ban (1914\u201318), a 21. gy. e., majd mint n\u00e9pfelkel\u0151 f\u0151hadnagy a gr\u00f6digi hadifogolyt\u00e1bor parancsnoka, k\u00e9s\u0151bb a helyi intern\u00e1l\u00f3 t\u00e1bor fel\u00fcgyel\u0151 tisztje volt Mv.-en. Sz\u00e1zadosi rangban szerelt le. A Lesz\u00e1m\u00edtol\u00f3 Bank, a ref. egyh\u00e1z \u00e9s a Csizmadia T\u00e1rsas\u00e1g jogtan\u00e1csosa; eln\u00f6ke volt az \u00dcgyv\u00e9di Kamar\u00e1nak (1929), a mv.-i Kaszin\u00f3nak (1939\u201345), az OMP \u2013 helyi szervezet\u00e9nek (1931\u2013), egyik szerk.-je az Ellenz\u00e9k c. politikai napilapnak (1920\u201340). Mv. v\u00e1ros tiszti f\u0151\u00fcgy\u00e9sze, a Mv.-i Ref. Koll. utols\u00f3 megv\u00e1lasztott vezet\u0151tan\u00e1cs\u00e1nak tagja (1939. nov. 25.\u2013). A M. Rendfenntart\u00f3 Bizotts\u00e1g tagja (1940. aug.). Kedves, bar\u00e1ts\u00e1gos ember volt, a tekint\u00e9lyesebb prim\u00e1sok fiaik keresztapj\u00e1nak k\u00e9rt\u00e9k fel. Temet\u00e9s\u00e9n, a legnagyobb oszt\u00e1lyharc idej\u00e9n csak a 80-on fel\u00fcli Sebesty\u00e9n \u00fcgyv\u00e9d mert besz\u00e9lni. Temet\u00e9s\u00e9n Sebess Jen\u0151 volt MP-i \u00fcgyv\u00e9di kamarai eln\u00f6k b\u00facs\u00faztatta az \u00fcgyv\u00e9dek nev\u00e9ben. \u2013 <strong>F. m.<\/strong>: <strong>szerk.:<\/strong> Eml\u00e9kk\u00f6nyv Mv. sz. k. v\u00e1ros.-nak a trianoni iga al\u00f3l val\u00f3 felszabadul\u00e1sa eml\u00e9k\u00e9re (Mv., 1944). <br \/><strong>Irod.:<\/strong> Almanah Tg.\u00a0M.; Berekm\u00e9ri 2015.; Bi\u00e1s Istv\u00e1n; Erd\u00e9lyi ezredek; Id\u0151t\u00e1r 3; Molter 3.; Mv. \u00e9s a h\u00e1bor\u00fa; \u00d6kr\u00f6s; P\u00e1lmay; Sebesty\u00e9n; Sipos; Visnai.<\/br><\/p>\n","protected":false},"excerpt":{"rendered":"<p>Bethlen, 1873, \u2020\u00a0Mv., 1952.: \u00fcgyv\u00e9d dr., kamarai eln\u00f6k. \u2013 Mv.-en \u00fcgyv\u00e9d. A katonas\u00e1ghoz \u00f6nk\u00e9ntesk\u00e9nt vonult be (1894). A F\u00fcggetles\u00e9gi P\u00e1rt eln\u00f6ke (1913). R\u00e9szt vett az I. vh.-ban (1914\u201318), a 21. gy. e., majd mint n\u00e9pfelkel\u0151 f\u0151hadnagy a gr\u00f6digi hadifogolyt\u00e1bor parancsnoka, k\u00e9s\u0151bb a helyi intern\u00e1l\u00f3 t\u00e1bor fel\u00fcgyel\u0151 tisztje volt Mv.-en. Sz\u00e1zadosi rangban szerelt le. A Lesz\u00e1m\u00edtol\u00f3 [&hellip;]<\/p>\n","protected":false},"featured_media":0,"comment_status":"open","ping_status":"closed","template":"","meta":[],"product_brand":[],"product_cat":[137],"product_tag":[],"class_list":{"0":"post-20141","1":"product","2":"type-product","3":"status-publish","5":"product_cat-maros-megyei-eletrajzi-lexikon","7":"first","8":"instock","9":"shipping-taxable","10":"product-type-simple"},"_links":{"self":[{"href":"https:\/\/uj.adatbank.ro\/lexikon\/wp-json\/wp\/v2\/product\/20141","targetHints":{"allow":["GET"]}}],"collection":[{"href":"https:\/\/uj.adatbank.ro\/lexikon\/wp-json\/wp\/v2\/product"}],"about":[{"href":"https:\/\/uj.adatbank.ro\/lexikon\/wp-json\/wp\/v2\/types\/product"}],"replies":[{"embeddable":true,"href":"https:\/\/uj.adatbank.ro\/lexikon\/wp-json\/wp\/v2\/comments?post=20141"}],"wp:attachment":[{"href":"https:\/\/uj.adatbank.ro\/lexikon\/wp-json\/wp\/v2\/media?parent=20141"}],"wp:term":[{"taxonomy":"product_brand","embeddable":true,"href":"https:\/\/uj.adatbank.ro\/lexikon\/wp-json\/wp\/v2\/product_brand?post=20141"},{"taxonomy":"product_cat","embeddable":true,"href":"https:\/\/uj.adatbank.ro\/lexikon\/wp-json\/wp\/v2\/product_cat?post=20141"},{"taxonomy":"product_tag","embeddable":true,"href":"https:\/\/uj.adatbank.ro\/lexikon\/wp-json\/wp\/v2\/product_tag?post=20141"}],"curies":[{"name":"wp","href":"https:\/\/api.w.org\/{rel}","templated":true}]}}