{"id":20146,"date":"2025-07-22T18:38:10","date_gmt":"2025-07-22T16:38:10","guid":{"rendered":"https:\/\/uj.adatbank.ro\/lexikon\/termek\/sebestyen-artur\/"},"modified":"2025-07-22T18:38:10","modified_gmt":"2025-07-22T16:38:10","slug":"sebestyen-artur","status":"publish","type":"product","link":"https:\/\/uj.adatbank.ro\/lexikon\/termek\/sebestyen-artur\/","title":{"rendered":"SEBESTYEN Artur"},"content":{"rendered":"<p>1868., \u2020? 1940: \u00e9p\u00edt\u00e9szm\u00e9rn\u00f6k. \u2013Bp.-en dolgozott. R\u00e9szt vett a mv.-i V\u00e1rosh\u00e1za tervp\u00e1ly\u00e1zat\u00e1n (1905), de a kivitelez\u00e9sn\u00e9l p\u00e1ly\u00e1zati terv\u00e9b\u0151l csak az \u00e9p\u00fclet sark\u00e1ra helyezett magas tornyot vett\u00e9k figyelembe. <br \/><strong>Irod.:<\/strong> Keresztes.<\/br><\/p>\n","protected":false},"excerpt":{"rendered":"<p>1868., \u2020? 1940: \u00e9p\u00edt\u00e9szm\u00e9rn\u00f6k. \u2013Bp.-en dolgozott. R\u00e9szt vett a mv.-i V\u00e1rosh\u00e1za tervp\u00e1ly\u00e1zat\u00e1n (1905), de a kivitelez\u00e9sn\u00e9l p\u00e1ly\u00e1zati terv\u00e9b\u0151l csak az \u00e9p\u00fclet sark\u00e1ra helyezett magas tornyot vett\u00e9k figyelembe. Irod.: Keresztes.<\/p>\n","protected":false},"featured_media":0,"comment_status":"open","ping_status":"closed","template":"","meta":[],"product_brand":[],"product_cat":[137],"product_tag":[],"class_list":{"0":"post-20146","1":"product","2":"type-product","3":"status-publish","5":"product_cat-maros-megyei-eletrajzi-lexikon","7":"first","8":"instock","9":"shipping-taxable","10":"product-type-simple"},"_links":{"self":[{"href":"https:\/\/uj.adatbank.ro\/lexikon\/wp-json\/wp\/v2\/product\/20146","targetHints":{"allow":["GET"]}}],"collection":[{"href":"https:\/\/uj.adatbank.ro\/lexikon\/wp-json\/wp\/v2\/product"}],"about":[{"href":"https:\/\/uj.adatbank.ro\/lexikon\/wp-json\/wp\/v2\/types\/product"}],"replies":[{"embeddable":true,"href":"https:\/\/uj.adatbank.ro\/lexikon\/wp-json\/wp\/v2\/comments?post=20146"}],"wp:attachment":[{"href":"https:\/\/uj.adatbank.ro\/lexikon\/wp-json\/wp\/v2\/media?parent=20146"}],"wp:term":[{"taxonomy":"product_brand","embeddable":true,"href":"https:\/\/uj.adatbank.ro\/lexikon\/wp-json\/wp\/v2\/product_brand?post=20146"},{"taxonomy":"product_cat","embeddable":true,"href":"https:\/\/uj.adatbank.ro\/lexikon\/wp-json\/wp\/v2\/product_cat?post=20146"},{"taxonomy":"product_tag","embeddable":true,"href":"https:\/\/uj.adatbank.ro\/lexikon\/wp-json\/wp\/v2\/product_tag?post=20146"}],"curies":[{"name":"wp","href":"https:\/\/api.w.org\/{rel}","templated":true}]}}