{"id":20149,"date":"2025-07-22T18:38:17","date_gmt":"2025-07-22T16:38:17","guid":{"rendered":"https:\/\/uj.adatbank.ro\/lexikon\/termek\/sebestyen-denes\/"},"modified":"2025-07-22T18:38:17","modified_gmt":"2025-07-22T16:38:17","slug":"sebestyen-denes","status":"publish","type":"product","link":"https:\/\/uj.adatbank.ro\/lexikon\/termek\/sebestyen-denes\/","title":{"rendered":"SEBESTY\u00c9N D\u00e9nes"},"content":{"rendered":"<p>Bar\u00f3t, 1928. m\u00e1rc. 23., \u2020\u00a02013: orvos. \u2013 Feles\u00e9ge: Leranth Jutka (1944\u2013), tan\u00e1r. \u2013 Az orvosi egyetemet a MOGYI-n v\u00e9gezte (1955). \u00dczemorvos Szov\u00e1t\u00e1n (1956\u201367), k\u00f6rorvos Nagykenden (1968\u201369), Sz\u00e9kelykocs\u00e1rdon (1969\u201370), Maross\u00e1rpatakon k\u00f3rh\u00e1zigazgat\u00f3 a mozg\u00e1s- \u00e9s \u00e9rz\u00e9kszervi betegek otthon\u00e1ban (1970\u201392). Az id\u0151s, elhagyott embereket t\u00e1mogatta nyugd\u00edjas kor\u00e1ban. Gerontol\u00f3giai tanulm\u00e1nyaival szak el\u0151ad\u00e1sokon szerepelt. A V\u00e1lyi Gyula T\u00e1rsas\u00e1g alap\u00edt\u00f3ja, a rom\u00e1niai Matematikai T\u00e1rsas\u00e1gnak is tagja, a Magyarok Vil\u00e1gsz\u00f6vets\u00e9g\u00e9nak erd\u00e9lyi k\u00e9pvisel\u0151je volt. <br \/><strong>Irod.:<\/strong> Kiss\u2013P. P.; RMKK.<\/br><\/p>\n","protected":false},"excerpt":{"rendered":"<p>Bar\u00f3t, 1928. m\u00e1rc. 23., \u2020\u00a02013: orvos. \u2013 Feles\u00e9ge: Leranth Jutka (1944\u2013), tan\u00e1r. \u2013 Az orvosi egyetemet a MOGYI-n v\u00e9gezte (1955). \u00dczemorvos Szov\u00e1t\u00e1n (1956\u201367), k\u00f6rorvos Nagykenden (1968\u201369), Sz\u00e9kelykocs\u00e1rdon (1969\u201370), Maross\u00e1rpatakon k\u00f3rh\u00e1zigazgat\u00f3 a mozg\u00e1s- \u00e9s \u00e9rz\u00e9kszervi betegek otthon\u00e1ban (1970\u201392). Az id\u0151s, elhagyott embereket t\u00e1mogatta nyugd\u00edjas kor\u00e1ban. Gerontol\u00f3giai tanulm\u00e1nyaival szak el\u0151ad\u00e1sokon szerepelt. A V\u00e1lyi Gyula T\u00e1rsas\u00e1g alap\u00edt\u00f3ja, a [&hellip;]<\/p>\n","protected":false},"featured_media":0,"comment_status":"open","ping_status":"closed","template":"","meta":[],"product_brand":[],"product_cat":[137],"product_tag":[],"class_list":{"0":"post-20149","1":"product","2":"type-product","3":"status-publish","5":"product_cat-maros-megyei-eletrajzi-lexikon","7":"first","8":"instock","9":"shipping-taxable","10":"product-type-simple"},"_links":{"self":[{"href":"https:\/\/uj.adatbank.ro\/lexikon\/wp-json\/wp\/v2\/product\/20149","targetHints":{"allow":["GET"]}}],"collection":[{"href":"https:\/\/uj.adatbank.ro\/lexikon\/wp-json\/wp\/v2\/product"}],"about":[{"href":"https:\/\/uj.adatbank.ro\/lexikon\/wp-json\/wp\/v2\/types\/product"}],"replies":[{"embeddable":true,"href":"https:\/\/uj.adatbank.ro\/lexikon\/wp-json\/wp\/v2\/comments?post=20149"}],"wp:attachment":[{"href":"https:\/\/uj.adatbank.ro\/lexikon\/wp-json\/wp\/v2\/media?parent=20149"}],"wp:term":[{"taxonomy":"product_brand","embeddable":true,"href":"https:\/\/uj.adatbank.ro\/lexikon\/wp-json\/wp\/v2\/product_brand?post=20149"},{"taxonomy":"product_cat","embeddable":true,"href":"https:\/\/uj.adatbank.ro\/lexikon\/wp-json\/wp\/v2\/product_cat?post=20149"},{"taxonomy":"product_tag","embeddable":true,"href":"https:\/\/uj.adatbank.ro\/lexikon\/wp-json\/wp\/v2\/product_tag?post=20149"}],"curies":[{"name":"wp","href":"https:\/\/api.w.org\/{rel}","templated":true}]}}