{"id":20153,"date":"2025-07-22T18:38:25","date_gmt":"2025-07-22T16:38:25","guid":{"rendered":"https:\/\/uj.adatbank.ro\/lexikon\/termek\/sebestyen-gergely-zetelaki\/"},"modified":"2025-07-22T18:38:25","modified_gmt":"2025-07-22T16:38:25","slug":"sebestyen-gergely-zetelaki","status":"publish","type":"product","link":"https:\/\/uj.adatbank.ro\/lexikon\/termek\/sebestyen-gergely-zetelaki\/","title":{"rendered":"SEBESTY\u00c9N Gergely, zetelaki"},"content":{"rendered":"<p>Zetelaka, 1803. \u2020 Borsz\u00e9k, 1868. aug. 19. Zetelak\u00e1n temett\u00e9k: jogi doktor, \u00edt\u00e9l\u0151mester. \u2013 Gyermekei: S. Mih\u00e1ly, S. Irma Damokos Antaln\u00e9, S. Istv\u00e1n, Kolozs megyei al\u00fcgy\u00e9sz. (1840? \u2013 Kv., 1864. j\u00fan. 14.). \u2013 K\u00f6z\u00e9piskolai tanulm\u00e1nyait a sz\u00e9kelyudvarhelyi gimn.-ban, a jogiakat a pesti egyetemen v\u00e9gezte, doktor\u00e1tust tett (1830); nyomban r\u00e1 az erd\u00e9lyi r\u00f3m. kat. st\u00e1tus kv.-i jogi l\u00edc.-\u00e1hoz a m. k\u00f6zjog, valamint az erd\u00e9lyi mag\u00e1n- \u00e9s b\u00fcntet\u0151jog rendes tan\u00e1r\u00e1nak nevezt\u00e9k ki, hol helyettes igazgat\u00f3ja is volt a l\u00edc.-nak megsz\u0171nt\u00e9ig (\u20131849). Ezen id\u0151 alatt mint kolozsv\u00e1rmegyei f\u00f6ldbirtokos, \u00fagy ezen v\u00e1rmegye, valamint Udvarhelysz\u00e9k t\u00e1blab\u00edr\u00f3i tiszt\u00e9t is viselte. Tan\u00e1rkod\u00e1sa ideje alatt a helyhat\u00f3s\u00e1gok \u00e9s test\u00fcletek szab\u00e1lyrendeleteinek \u00f6sszegy\u0171jt\u00e9s\u00e9ben \u00fatt\u00f6r\u0151 volt, \u00e9s felette becses adatokkal j\u00e1rult a k\u00e9s\u0151bbi kutat\u00e1sokhoz. A szabads\u00e1gharc alatt a Kolozs v\u00e1rmegye \u00e1ltal kihirdetett r\u00f6gt\u00f6n\u00edt\u00e9l\u0151 b\u00edr\u00f3s\u00e1gn\u00e1l b\u00edr\u00e1skodott; az azut\u00e1ni \u00e9vekben pedig a b\u00edr\u00f3i p\u00e1ly\u00e1ra l\u00e9pett, \u00e9s mint az Erd\u00e9lyben fenn\u00e1llott f\u0151t\u00f6rv\u00e9nysz\u00e9k b\u00edr\u00f3ja helyeztetett \u00e1t (1861\u2013) az alkotm\u00e1ny alapj\u00e1n Mv.-en ism\u00e9t fel\u00e1ll\u00edtott erd\u00e9lyi kir. \u00edt\u00e9l\u0151t\u00e1bl\u00e1hoz; de s\u00falyos betegesked\u00e9se miatt mint kir. \u00edt\u00e9l\u0151t\u00e1blai \u00edt\u00e9l\u0151mester nyugalomba vonult (1865). \u00c9rtekez\u00e9se: De juribus municipalibus Inclitae Nationis Siculicae, 1830. <br \/><strong>Irod.:<\/strong> Gy\u00e1szjelent\u0151; Szinnyei.<\/br><\/p>\n","protected":false},"excerpt":{"rendered":"<p>Zetelaka, 1803. \u2020 Borsz\u00e9k, 1868. aug. 19. Zetelak\u00e1n temett\u00e9k: jogi doktor, \u00edt\u00e9l\u0151mester. \u2013 Gyermekei: S. Mih\u00e1ly, S. Irma Damokos Antaln\u00e9, S. Istv\u00e1n, Kolozs megyei al\u00fcgy\u00e9sz. (1840? \u2013 Kv., 1864. j\u00fan. 14.). \u2013 K\u00f6z\u00e9piskolai tanulm\u00e1nyait a sz\u00e9kelyudvarhelyi gimn.-ban, a jogiakat a pesti egyetemen v\u00e9gezte, doktor\u00e1tust tett (1830); nyomban r\u00e1 az erd\u00e9lyi r\u00f3m. kat. st\u00e1tus kv.-i jogi [&hellip;]<\/p>\n","protected":false},"featured_media":0,"comment_status":"open","ping_status":"closed","template":"","meta":[],"product_brand":[],"product_cat":[137],"product_tag":[],"class_list":{"0":"post-20153","1":"product","2":"type-product","3":"status-publish","5":"product_cat-maros-megyei-eletrajzi-lexikon","7":"first","8":"instock","9":"shipping-taxable","10":"product-type-simple"},"_links":{"self":[{"href":"https:\/\/uj.adatbank.ro\/lexikon\/wp-json\/wp\/v2\/product\/20153","targetHints":{"allow":["GET"]}}],"collection":[{"href":"https:\/\/uj.adatbank.ro\/lexikon\/wp-json\/wp\/v2\/product"}],"about":[{"href":"https:\/\/uj.adatbank.ro\/lexikon\/wp-json\/wp\/v2\/types\/product"}],"replies":[{"embeddable":true,"href":"https:\/\/uj.adatbank.ro\/lexikon\/wp-json\/wp\/v2\/comments?post=20153"}],"wp:attachment":[{"href":"https:\/\/uj.adatbank.ro\/lexikon\/wp-json\/wp\/v2\/media?parent=20153"}],"wp:term":[{"taxonomy":"product_brand","embeddable":true,"href":"https:\/\/uj.adatbank.ro\/lexikon\/wp-json\/wp\/v2\/product_brand?post=20153"},{"taxonomy":"product_cat","embeddable":true,"href":"https:\/\/uj.adatbank.ro\/lexikon\/wp-json\/wp\/v2\/product_cat?post=20153"},{"taxonomy":"product_tag","embeddable":true,"href":"https:\/\/uj.adatbank.ro\/lexikon\/wp-json\/wp\/v2\/product_tag?post=20153"}],"curies":[{"name":"wp","href":"https:\/\/api.w.org\/{rel}","templated":true}]}}