{"id":20154,"date":"2025-07-22T18:38:28","date_gmt":"2025-07-22T16:38:28","guid":{"rendered":"https:\/\/uj.adatbank.ro\/lexikon\/termek\/sebestyen-hajos-aliz\/"},"modified":"2025-07-22T18:38:28","modified_gmt":"2025-07-22T16:38:28","slug":"sebestyen-hajos-aliz","status":"publish","type":"product","link":"https:\/\/uj.adatbank.ro\/lexikon\/termek\/sebestyen-hajos-aliz\/","title":{"rendered":"SEBESTY\u00c9N HAJ\u00d3S Aliz"},"content":{"rendered":"<p>? \u2020?: irodalomt\u00f6rt\u00e9n\u00e9sz, kritikus. \u2013 a Sz\u00e9kely Sz\u00f3 munkat\u00e1rsa volt. <br \/><strong>Irod.:<\/strong> Hitel (1995. dec.); Mv. t\u00f6rt. 2.<\/br><\/p>\n","protected":false},"excerpt":{"rendered":"<p>? \u2020?: irodalomt\u00f6rt\u00e9n\u00e9sz, kritikus. \u2013 a Sz\u00e9kely Sz\u00f3 munkat\u00e1rsa volt. Irod.: Hitel (1995. dec.); Mv. t\u00f6rt. 2.<\/p>\n","protected":false},"featured_media":0,"comment_status":"open","ping_status":"closed","template":"","meta":[],"product_brand":[],"product_cat":[137],"product_tag":[],"class_list":{"0":"post-20154","1":"product","2":"type-product","3":"status-publish","5":"product_cat-maros-megyei-eletrajzi-lexikon","7":"first","8":"instock","9":"shipping-taxable","10":"product-type-simple"},"_links":{"self":[{"href":"https:\/\/uj.adatbank.ro\/lexikon\/wp-json\/wp\/v2\/product\/20154","targetHints":{"allow":["GET"]}}],"collection":[{"href":"https:\/\/uj.adatbank.ro\/lexikon\/wp-json\/wp\/v2\/product"}],"about":[{"href":"https:\/\/uj.adatbank.ro\/lexikon\/wp-json\/wp\/v2\/types\/product"}],"replies":[{"embeddable":true,"href":"https:\/\/uj.adatbank.ro\/lexikon\/wp-json\/wp\/v2\/comments?post=20154"}],"wp:attachment":[{"href":"https:\/\/uj.adatbank.ro\/lexikon\/wp-json\/wp\/v2\/media?parent=20154"}],"wp:term":[{"taxonomy":"product_brand","embeddable":true,"href":"https:\/\/uj.adatbank.ro\/lexikon\/wp-json\/wp\/v2\/product_brand?post=20154"},{"taxonomy":"product_cat","embeddable":true,"href":"https:\/\/uj.adatbank.ro\/lexikon\/wp-json\/wp\/v2\/product_cat?post=20154"},{"taxonomy":"product_tag","embeddable":true,"href":"https:\/\/uj.adatbank.ro\/lexikon\/wp-json\/wp\/v2\/product_tag?post=20154"}],"curies":[{"name":"wp","href":"https:\/\/api.w.org\/{rel}","templated":true}]}}