{"id":20155,"date":"2025-07-22T18:38:30","date_gmt":"2025-07-22T16:38:30","guid":{"rendered":"https:\/\/uj.adatbank.ro\/lexikon\/termek\/sebestyen-istvan\/"},"modified":"2025-07-22T18:38:30","modified_gmt":"2025-07-22T16:38:30","slug":"sebestyen-istvan","status":"publish","type":"product","link":"https:\/\/uj.adatbank.ro\/lexikon\/termek\/sebestyen-istvan\/","title":{"rendered":"SEBESTY\u00c9N Istv\u00e1n"},"content":{"rendered":"<p>? \u2020?: ref. lelk\u00e9sz. \u2013 Lelk\u00e9sz P\u00f3k\u00e1ban (1813\u201316), majd Erny\u00e9ben (1823\u201328). Az \u0151 idej\u00e9ben \u00e9p\u00edtett\u00e9k az \u00faj papilakot, amelynek befejez\u00e9s\u00e9t m\u00e1r nem \u00e9rte meg, mert m\u00e1shova ment szolg\u00e1lni (1829). Mez\u0151madarason szolg\u00e1lt. Cikke az Erd\u00e9lyi Hirad\u00f3ban (1846. Iskola\u00fcgy \u00e9s m.-madarasi levelek). \u2013 <strong>F. m.<\/strong>: P\u00e1linkaital ellen. (Mv., 1846.); Mindenkit szorgalmas templom gyakorl\u00e1sra \u00e9breszt\u0151, lelkes\u00edt\u0151 s k\u00f6telez\u0151 indokok, n\u00e9pszer\u0171 versekben olvasm\u00e1nyul iskol\u00e1t v\u00e9gz\u0151 gyermekek \u00e9s ifjak sz\u00e1m\u00e1ra. (Mv., 1856). <br \/><strong>Irod.:<\/strong> F\u00fcl\u00f6p\u2013Ferencz; Gy\u00e1szjelent\u0151; P\u00f3ka; Rugonfalvi Kiss; Szinnyei, Szinnyei J.<\/br><\/p>\n","protected":false},"excerpt":{"rendered":"<p>? \u2020?: ref. lelk\u00e9sz. \u2013 Lelk\u00e9sz P\u00f3k\u00e1ban (1813\u201316), majd Erny\u00e9ben (1823\u201328). Az \u0151 idej\u00e9ben \u00e9p\u00edtett\u00e9k az \u00faj papilakot, amelynek befejez\u00e9s\u00e9t m\u00e1r nem \u00e9rte meg, mert m\u00e1shova ment szolg\u00e1lni (1829). Mez\u0151madarason szolg\u00e1lt. Cikke az Erd\u00e9lyi Hirad\u00f3ban (1846. Iskola\u00fcgy \u00e9s m.-madarasi levelek). \u2013 F. m.: P\u00e1linkaital ellen. (Mv., 1846.); Mindenkit szorgalmas templom gyakorl\u00e1sra \u00e9breszt\u0151, lelkes\u00edt\u0151 s k\u00f6telez\u0151 [&hellip;]<\/p>\n","protected":false},"featured_media":0,"comment_status":"open","ping_status":"closed","template":"","meta":[],"product_brand":[],"product_cat":[137],"product_tag":[],"class_list":{"0":"post-20155","1":"product","2":"type-product","3":"status-publish","5":"product_cat-maros-megyei-eletrajzi-lexikon","7":"first","8":"instock","9":"shipping-taxable","10":"product-type-simple"},"_links":{"self":[{"href":"https:\/\/uj.adatbank.ro\/lexikon\/wp-json\/wp\/v2\/product\/20155","targetHints":{"allow":["GET"]}}],"collection":[{"href":"https:\/\/uj.adatbank.ro\/lexikon\/wp-json\/wp\/v2\/product"}],"about":[{"href":"https:\/\/uj.adatbank.ro\/lexikon\/wp-json\/wp\/v2\/types\/product"}],"replies":[{"embeddable":true,"href":"https:\/\/uj.adatbank.ro\/lexikon\/wp-json\/wp\/v2\/comments?post=20155"}],"wp:attachment":[{"href":"https:\/\/uj.adatbank.ro\/lexikon\/wp-json\/wp\/v2\/media?parent=20155"}],"wp:term":[{"taxonomy":"product_brand","embeddable":true,"href":"https:\/\/uj.adatbank.ro\/lexikon\/wp-json\/wp\/v2\/product_brand?post=20155"},{"taxonomy":"product_cat","embeddable":true,"href":"https:\/\/uj.adatbank.ro\/lexikon\/wp-json\/wp\/v2\/product_cat?post=20155"},{"taxonomy":"product_tag","embeddable":true,"href":"https:\/\/uj.adatbank.ro\/lexikon\/wp-json\/wp\/v2\/product_tag?post=20155"}],"curies":[{"name":"wp","href":"https:\/\/api.w.org\/{rel}","templated":true}]}}