{"id":20158,"date":"2025-07-22T18:38:35","date_gmt":"2025-07-22T16:38:35","guid":{"rendered":"https:\/\/uj.adatbank.ro\/lexikon\/termek\/sebestyen-jozsef-2\/"},"modified":"2025-07-22T18:38:35","modified_gmt":"2025-07-22T16:38:35","slug":"sebestyen-jozsef-2","status":"publish","type":"product","link":"https:\/\/uj.adatbank.ro\/lexikon\/termek\/sebestyen-jozsef-2\/","title":{"rendered":"SEBESTY\u00c9N J\u00f3zsef"},"content":{"rendered":"<p>? \u2020?: tan\u00edt\u00f3. \u2013 Erd\u0151szentgy\u00f6rgy\u00f6n tan\u00edtott. A MT megyei \u00c1ltal\u00e1nos Tan\u00edt\u00f3test\u00fclet K\u00fck\u00fcll\u0151 k\u00f6ri jegyz\u0151je (1880). <br \/><strong>Irod.:<\/strong> Eml\u00e9kk\u00f6nyv.<\/br><\/p>\n","protected":false},"excerpt":{"rendered":"<p>? \u2020?: tan\u00edt\u00f3. \u2013 Erd\u0151szentgy\u00f6rgy\u00f6n tan\u00edtott. A MT megyei \u00c1ltal\u00e1nos Tan\u00edt\u00f3test\u00fclet K\u00fck\u00fcll\u0151 k\u00f6ri jegyz\u0151je (1880). Irod.: Eml\u00e9kk\u00f6nyv.<\/p>\n","protected":false},"featured_media":0,"comment_status":"open","ping_status":"closed","template":"","meta":[],"product_brand":[],"product_cat":[137],"product_tag":[],"class_list":{"0":"post-20158","1":"product","2":"type-product","3":"status-publish","5":"product_cat-maros-megyei-eletrajzi-lexikon","7":"first","8":"instock","9":"shipping-taxable","10":"product-type-simple"},"_links":{"self":[{"href":"https:\/\/uj.adatbank.ro\/lexikon\/wp-json\/wp\/v2\/product\/20158","targetHints":{"allow":["GET"]}}],"collection":[{"href":"https:\/\/uj.adatbank.ro\/lexikon\/wp-json\/wp\/v2\/product"}],"about":[{"href":"https:\/\/uj.adatbank.ro\/lexikon\/wp-json\/wp\/v2\/types\/product"}],"replies":[{"embeddable":true,"href":"https:\/\/uj.adatbank.ro\/lexikon\/wp-json\/wp\/v2\/comments?post=20158"}],"wp:attachment":[{"href":"https:\/\/uj.adatbank.ro\/lexikon\/wp-json\/wp\/v2\/media?parent=20158"}],"wp:term":[{"taxonomy":"product_brand","embeddable":true,"href":"https:\/\/uj.adatbank.ro\/lexikon\/wp-json\/wp\/v2\/product_brand?post=20158"},{"taxonomy":"product_cat","embeddable":true,"href":"https:\/\/uj.adatbank.ro\/lexikon\/wp-json\/wp\/v2\/product_cat?post=20158"},{"taxonomy":"product_tag","embeddable":true,"href":"https:\/\/uj.adatbank.ro\/lexikon\/wp-json\/wp\/v2\/product_tag?post=20158"}],"curies":[{"name":"wp","href":"https:\/\/api.w.org\/{rel}","templated":true}]}}