{"id":20159,"date":"2025-07-22T18:38:40","date_gmt":"2025-07-22T16:38:40","guid":{"rendered":"https:\/\/uj.adatbank.ro\/lexikon\/termek\/sebestyen-lajos\/"},"modified":"2025-07-22T18:38:40","modified_gmt":"2025-07-22T16:38:40","slug":"sebestyen-lajos","status":"publish","type":"product","link":"https:\/\/uj.adatbank.ro\/lexikon\/termek\/sebestyen-lajos\/","title":{"rendered":"SEBESTY\u00c9N Lajos"},"content":{"rendered":"<p>Folyfalva, 1907., \u2020?: k\u00f6rjegyz\u0151. \u2013 Tanult Mv.-en, azut\u00e1n jegyz\u0151i tanfolyamot v\u00e9gzett \u00e9s megkezdte k\u00f6zigazgat\u00e1si p\u00e1lyafut\u00e1s\u00e1t (1916). R\u00e9szt vett az els\u0151 vh.-ban, majd Marosoroszfalu k\u00f6rjegyz\u0151je volt. Minden kultur\u00e1lis \u00e9s hazafias egyes\u00fclet lelkes r\u00e9sztvev\u0151je volt. <br \/><strong>Irod.:<\/strong> Sz\u00e9kelyf\u00f6ld \u00ed. k.<\/br><\/p>\n","protected":false},"excerpt":{"rendered":"<p>Folyfalva, 1907., \u2020?: k\u00f6rjegyz\u0151. \u2013 Tanult Mv.-en, azut\u00e1n jegyz\u0151i tanfolyamot v\u00e9gzett \u00e9s megkezdte k\u00f6zigazgat\u00e1si p\u00e1lyafut\u00e1s\u00e1t (1916). R\u00e9szt vett az els\u0151 vh.-ban, majd Marosoroszfalu k\u00f6rjegyz\u0151je volt. Minden kultur\u00e1lis \u00e9s hazafias egyes\u00fclet lelkes r\u00e9sztvev\u0151je volt. Irod.: Sz\u00e9kelyf\u00f6ld \u00ed. k.<\/p>\n","protected":false},"featured_media":0,"comment_status":"open","ping_status":"closed","template":"","meta":[],"product_brand":[],"product_cat":[137],"product_tag":[],"class_list":{"0":"post-20159","1":"product","2":"type-product","3":"status-publish","5":"product_cat-maros-megyei-eletrajzi-lexikon","7":"first","8":"instock","9":"shipping-taxable","10":"product-type-simple"},"_links":{"self":[{"href":"https:\/\/uj.adatbank.ro\/lexikon\/wp-json\/wp\/v2\/product\/20159","targetHints":{"allow":["GET"]}}],"collection":[{"href":"https:\/\/uj.adatbank.ro\/lexikon\/wp-json\/wp\/v2\/product"}],"about":[{"href":"https:\/\/uj.adatbank.ro\/lexikon\/wp-json\/wp\/v2\/types\/product"}],"replies":[{"embeddable":true,"href":"https:\/\/uj.adatbank.ro\/lexikon\/wp-json\/wp\/v2\/comments?post=20159"}],"wp:attachment":[{"href":"https:\/\/uj.adatbank.ro\/lexikon\/wp-json\/wp\/v2\/media?parent=20159"}],"wp:term":[{"taxonomy":"product_brand","embeddable":true,"href":"https:\/\/uj.adatbank.ro\/lexikon\/wp-json\/wp\/v2\/product_brand?post=20159"},{"taxonomy":"product_cat","embeddable":true,"href":"https:\/\/uj.adatbank.ro\/lexikon\/wp-json\/wp\/v2\/product_cat?post=20159"},{"taxonomy":"product_tag","embeddable":true,"href":"https:\/\/uj.adatbank.ro\/lexikon\/wp-json\/wp\/v2\/product_tag?post=20159"}],"curies":[{"name":"wp","href":"https:\/\/api.w.org\/{rel}","templated":true}]}}