{"id":2016,"date":"2025-06-28T12:01:07","date_gmt":"2025-06-28T10:01:07","guid":{"rendered":"https:\/\/uj.adatbank.ro\/lexikon\/termek\/balint-gyula-oroszhegyi\/"},"modified":"2025-06-28T12:01:07","modified_gmt":"2025-06-28T10:01:07","slug":"balint-gyula-oroszhegyi","status":"publish","type":"product","link":"https:\/\/uj.adatbank.ro\/lexikon\/termek\/balint-gyula-oroszhegyi\/","title":{"rendered":"B\u00c1LINT Gyula, oroszhegyi"},"content":{"rendered":"<p>1860.?, \u2020 Bala, 1922. j\u00fan. 12.: f\u00f6ldbirtokos. \u2013 Gyermekei: B. Jol\u00e1n, Dar\u00f3czi L\u00e1szl\u00f3n\u00e9; B. P\u00e1l, feles\u00e9ge R\u00e1cz M\u00e1ria. \u2013 F\u00f6ldbirtokos volt Bal\u00e1n. <br \/><strong>Irod.:<\/strong> Gy\u00e1szjelent\u0151<\/br><\/p>\n","protected":false},"excerpt":{"rendered":"<p>1860.?, \u2020 Bala, 1922. j\u00fan. 12.: f\u00f6ldbirtokos. \u2013 Gyermekei: B. Jol\u00e1n, Dar\u00f3czi L\u00e1szl\u00f3n\u00e9; B. P\u00e1l, feles\u00e9ge R\u00e1cz M\u00e1ria. \u2013 F\u00f6ldbirtokos volt Bal\u00e1n. Irod.: Gy\u00e1szjelent\u0151<\/p>\n","protected":false},"featured_media":0,"comment_status":"open","ping_status":"closed","template":"","meta":[],"product_brand":[],"product_cat":[137],"product_tag":[],"class_list":{"0":"post-2016","1":"product","2":"type-product","3":"status-publish","5":"product_cat-maros-megyei-eletrajzi-lexikon","7":"first","8":"instock","9":"shipping-taxable","10":"product-type-simple"},"_links":{"self":[{"href":"https:\/\/uj.adatbank.ro\/lexikon\/wp-json\/wp\/v2\/product\/2016","targetHints":{"allow":["GET"]}}],"collection":[{"href":"https:\/\/uj.adatbank.ro\/lexikon\/wp-json\/wp\/v2\/product"}],"about":[{"href":"https:\/\/uj.adatbank.ro\/lexikon\/wp-json\/wp\/v2\/types\/product"}],"replies":[{"embeddable":true,"href":"https:\/\/uj.adatbank.ro\/lexikon\/wp-json\/wp\/v2\/comments?post=2016"}],"wp:attachment":[{"href":"https:\/\/uj.adatbank.ro\/lexikon\/wp-json\/wp\/v2\/media?parent=2016"}],"wp:term":[{"taxonomy":"product_brand","embeddable":true,"href":"https:\/\/uj.adatbank.ro\/lexikon\/wp-json\/wp\/v2\/product_brand?post=2016"},{"taxonomy":"product_cat","embeddable":true,"href":"https:\/\/uj.adatbank.ro\/lexikon\/wp-json\/wp\/v2\/product_cat?post=2016"},{"taxonomy":"product_tag","embeddable":true,"href":"https:\/\/uj.adatbank.ro\/lexikon\/wp-json\/wp\/v2\/product_tag?post=2016"}],"curies":[{"name":"wp","href":"https:\/\/api.w.org\/{rel}","templated":true}]}}