{"id":20160,"date":"2025-07-22T18:38:41","date_gmt":"2025-07-22T16:38:41","guid":{"rendered":"https:\/\/uj.adatbank.ro\/lexikon\/termek\/sebestyen-laszlo\/"},"modified":"2025-07-22T18:38:41","modified_gmt":"2025-07-22T16:38:41","slug":"sebestyen-laszlo","status":"publish","type":"product","link":"https:\/\/uj.adatbank.ro\/lexikon\/termek\/sebestyen-laszlo\/","title":{"rendered":"SEBESTY\u00c9N L\u00e1szl\u00f3"},"content":{"rendered":"<p>1902., \u2020\u00a0Mv., 1979. aug. 25.: \u00fajs\u00e1g\u00edr\u00f3, f\u0151szerkeszt\u0151. \u2013 Feles\u00e9ge Haj\u00f3s Aliz. \u2013 A mv.-i Sz\u00ednh\u00e1z \u00e9s Mozi M\u0171v\u00e9szeti \u00e9s t\u00e1rsadalmi hetilap kiad\u00f3tulajdonosa \u00e9s felel\u0151s szerk.-je (1923\u201324) \u00e9s a Sz\u00ednh\u00e1zi H\u00e9t hetilap (1924\u201325) szerkeszt\u0151je, a Maros c. lap (1927\u201333) \u00e9s a H\u00e9tf\u0151i Napl\u00f3 (1924\u201335) kiad\u00f3tulajdonosa \u00e9s felel\u0151s szerk.-je; a Marosvid\u00e9k c. politikai napilap f\u0151szerk. (1933\u201341). Gy. volt n\u00e9psz\u00e1ml\u00e1l\u00e1si biztos le\u00fct\u00f6tte a Bolyai utc\u00e1ban (1931), mert szerinte a Maros c. lap bes\u00e1rozta a rom\u00e1n n\u00e9psz\u00e1ml\u00e1l\u00e1s hiteless\u00e9g\u00e9t. L\u00e1szl\u00f3 Dezs\u0151 parlamenti k\u00e9pvisel\u0151 interpell\u00e1lt az \u00fcgyben. \u00c1llamellenes izgat\u00e1s v\u00e1dj\u00e1val \u00e1llt b\u00edr\u00f3s\u00e1g el\u0151tt (1929), akkor felmentett\u00e9k, de a v\u00e1s\u00e1rhelyi f\u0151\u00fcgy\u00e9sz fellebbez\u00e9s\u00e9nek helyet adott a T\u00e1bla, \u00e9s hat h\u00f3nap b\u00f6rt\u00f6nre, 10\u00a0ezer lej p\u00e9nzb\u00edrs\u00e1gra \u00e9s politikai jogainak felf\u00fcggeszt\u00e9s\u00e9re \u00edt\u00e9lte (1931), k\u00e9s\u0151bb a semm\u00edt\u0151sz\u00e9k felmentette (1933). \u2013 <strong>F. m.<\/strong>: Marosv\u00e1s\u00e1rhely, a sz\u00e9kely f\u0151v\u00e1ros \u00e9s Szov\u00e1taf\u00fcrd\u0151 (Mv., 1941). <br \/><strong>Irod.:<\/strong> Almanah Tg.\u00a0M.; Berey; F\u00fcl\u00f6p\u2013Ferencz; Id\u0151t\u00e1r 3; Molter; Popt\u0103ma\u015f\u2013M\u00f3zes; Dr. S. L. [Nekrol\u00f3g] (V. Z., 1979. aug. 26.), RMIL Sz\u00ednh\u00e1zi sajt\u00f3.<\/br><\/p>\n","protected":false},"excerpt":{"rendered":"<p>1902., \u2020\u00a0Mv., 1979. aug. 25.: \u00fajs\u00e1g\u00edr\u00f3, f\u0151szerkeszt\u0151. \u2013 Feles\u00e9ge Haj\u00f3s Aliz. \u2013 A mv.-i Sz\u00ednh\u00e1z \u00e9s Mozi M\u0171v\u00e9szeti \u00e9s t\u00e1rsadalmi hetilap kiad\u00f3tulajdonosa \u00e9s felel\u0151s szerk.-je (1923\u201324) \u00e9s a Sz\u00ednh\u00e1zi H\u00e9t hetilap (1924\u201325) szerkeszt\u0151je, a Maros c. lap (1927\u201333) \u00e9s a H\u00e9tf\u0151i Napl\u00f3 (1924\u201335) kiad\u00f3tulajdonosa \u00e9s felel\u0151s szerk.-je; a Marosvid\u00e9k c. politikai napilap f\u0151szerk. (1933\u201341). Gy. [&hellip;]<\/p>\n","protected":false},"featured_media":0,"comment_status":"open","ping_status":"closed","template":"","meta":[],"product_brand":[],"product_cat":[137],"product_tag":[],"class_list":{"0":"post-20160","1":"product","2":"type-product","3":"status-publish","5":"product_cat-maros-megyei-eletrajzi-lexikon","7":"first","8":"instock","9":"shipping-taxable","10":"product-type-simple"},"_links":{"self":[{"href":"https:\/\/uj.adatbank.ro\/lexikon\/wp-json\/wp\/v2\/product\/20160","targetHints":{"allow":["GET"]}}],"collection":[{"href":"https:\/\/uj.adatbank.ro\/lexikon\/wp-json\/wp\/v2\/product"}],"about":[{"href":"https:\/\/uj.adatbank.ro\/lexikon\/wp-json\/wp\/v2\/types\/product"}],"replies":[{"embeddable":true,"href":"https:\/\/uj.adatbank.ro\/lexikon\/wp-json\/wp\/v2\/comments?post=20160"}],"wp:attachment":[{"href":"https:\/\/uj.adatbank.ro\/lexikon\/wp-json\/wp\/v2\/media?parent=20160"}],"wp:term":[{"taxonomy":"product_brand","embeddable":true,"href":"https:\/\/uj.adatbank.ro\/lexikon\/wp-json\/wp\/v2\/product_brand?post=20160"},{"taxonomy":"product_cat","embeddable":true,"href":"https:\/\/uj.adatbank.ro\/lexikon\/wp-json\/wp\/v2\/product_cat?post=20160"},{"taxonomy":"product_tag","embeddable":true,"href":"https:\/\/uj.adatbank.ro\/lexikon\/wp-json\/wp\/v2\/product_tag?post=20160"}],"curies":[{"name":"wp","href":"https:\/\/api.w.org\/{rel}","templated":true}]}}